{"id":1864,"date":"2021-06-21T17:57:31","date_gmt":"2021-06-21T14:57:31","guid":{"rendered":"https:\/\/yesti.com.tr\/?page_id=1864"},"modified":"2022-11-18T11:52:54","modified_gmt":"2022-11-18T08:52:54","slug":"double-storey-prefabs","status":"publish","type":"page","link":"https:\/\/yestigroup.com\/en\/services\/container-prefabricated-building-works\/double-storey-prefabs\/","title":{"rendered":"Double-Storey Prefabs"},"content":{"rendered":"<p>[vc_row][vc_column]<div id=\"cz_92152\" class=\"cz_92152\"><div class=\"cz_grid cz_grid_1 clr cz_grid_c3 cz_grid_1_title_sub_after cz_grid_1_subtitle_on_img cz_grid_1_mid tac cz_grid_zin cz_grid_overlay_10px cz_grid_two_columns_on_mobile cz_meta_all_center\" data-gap=\"40\" data-atts='{\"action\":\"cz_ajax_posts\",\"post_class\":\"cz_grid_item\",\"post__in\":null,\"author__in\":null,\"nonce\":\"e0bc4b6354\",\"nonce_id\":\"cz_92152\",\"loadmore_end\":\"Not found more posts\",\"layout\":\"cz_grid_c3\",\"hover\":\"cz_grid_1_title_sub_after cz_grid_1_subtitle_on_img\",\"image_size\":\"full\",\"subtitles\":\"%5B%5D\",\"subtitle_pos\":\"\",\"icon\":\"fa czico-121-signs\",\"el\":\"3\",\"title_lenght\":\"5\",\"cat_tax\":\"portfolio_cat\",\"cat\":\"62\",\"cat_exclude\":\"\",\"tag_tax\":\"category\",\"tag_id\":\"\",\"tag_exclude\":\"\",\"post_type\":\"portfolio\",\"posts_per_page\":\"18\",\"order\":\"DESC\",\"orderby\":\"ID\",\"tilt_data\":null,\"svg_sizes\":[\"0\",\"0\"],\"img_fx\":\"cz_grid_inset_clip_1x\",\"custom_size\":\"full\",\"excerpt_rm\":\"true\",\"title_tag\":\"h2\",\"s\":\"\"}' data-animation=\"cz_grid_anim_move_left\"><div class=\"cz_grid_item cz_grid_first\"><\/div><div data-id=\"1804\" class=\"cz_grid_item  cz_posts_list_even post-1804 portfolio type-portfolio status-publish format-standard has-post-thumbnail hentry portfolio_cat-container-and-prefabricated-building-works portfolio_cat-double-storey-prefabs\"><div class=\"clr\"><a class=\"cz_grid_link cz_grid_inset_clip_1x\" href=\"https:\/\/yestigroup.com\/en\/portfolio\/kas-82-m2\/\"><img width=\"1000\" height=\"692\" src=\"data:image\/svg+xml,%3Csvg%20xmlns%3D&#39;http%3A%2F%2Fwww.w3.org%2F2000%2Fsvg&#39;%20width=&#39;1000&#39;%20height=&#39;692&#39;%20viewBox%3D&#39;0%200%201000%20692&#39;%2F%3E\" data-czlz data-src=\"https:\/\/yestigroup.com\/en\/wp-content\/uploads\/2021\/06\/711-dubleks-prefabrik-ev-80m-1.jpg\" class=\"attachment-full\" alt=\"\" data-srcset=\"https:\/\/yestigroup.com\/en\/wp-content\/uploads\/2021\/06\/711-dubleks-prefabrik-ev-80m-1.jpg 1000w, https:\/\/yestigroup.com\/en\/wp-content\/uploads\/2021\/06\/711-dubleks-prefabrik-ev-80m-1-300x208.jpg 300w, https:\/\/yestigroup.com\/en\/wp-content\/uploads\/2021\/06\/711-dubleks-prefabrik-ev-80m-1-768x531.jpg 768w, https:\/\/yestigroup.com\/en\/wp-content\/uploads\/2021\/06\/711-dubleks-prefabrik-ev-80m-1-600x415.jpg 600w\" data-sizes=\"(max-width: 1000px) 100vw, 1000px\" \/><div class=\"cz_grid_details\"><\/div><\/a><div class=\"cz_grid_details cz_grid_details_outside\"><a class=\"cz_grid_title\" href=\"https:\/\/yestigroup.com\/en\/portfolio\/kas-82-m2\/\"><h2>Ka\u015f \u2013 82 m\u00b2<\/h2><\/a><\/div><\/div><\/div><div data-id=\"1816\" class=\"cz_grid_item  cz_posts_list_odd post-1816 portfolio type-portfolio status-publish format-standard has-post-thumbnail hentry portfolio_cat-container-and-prefabricated-building-works portfolio_cat-double-storey-prefabs\"><div class=\"clr\"><a class=\"cz_grid_link cz_grid_inset_clip_1x\" href=\"https:\/\/yestigroup.com\/en\/portfolio\/ilica-92-m2\/\"><img width=\"1000\" height=\"692\" src=\"data:image\/svg+xml,%3Csvg%20xmlns%3D&#39;http%3A%2F%2Fwww.w3.org%2F2000%2Fsvg&#39;%20width=&#39;1000&#39;%20height=&#39;692&#39;%20viewBox%3D&#39;0%200%201000%20692&#39;%2F%3E\" data-czlz data-src=\"https:\/\/yestigroup.com\/en\/wp-content\/uploads\/2021\/06\/712-dubleks-prefabrikev-92m.jpg\" class=\"attachment-full\" alt=\"\" data-srcset=\"https:\/\/yestigroup.com\/en\/wp-content\/uploads\/2021\/06\/712-dubleks-prefabrikev-92m.jpg 1000w, https:\/\/yestigroup.com\/en\/wp-content\/uploads\/2021\/06\/712-dubleks-prefabrikev-92m-300x208.jpg 300w, https:\/\/yestigroup.com\/en\/wp-content\/uploads\/2021\/06\/712-dubleks-prefabrikev-92m-768x531.jpg 768w, https:\/\/yestigroup.com\/en\/wp-content\/uploads\/2021\/06\/712-dubleks-prefabrikev-92m-600x415.jpg 600w\" data-sizes=\"(max-width: 1000px) 100vw, 1000px\" \/><div class=\"cz_grid_details\"><\/div><\/a><div class=\"cz_grid_details cz_grid_details_outside\"><a class=\"cz_grid_title\" href=\"https:\/\/yestigroup.com\/en\/portfolio\/ilica-92-m2\/\"><h2>Il\u0131ca \u2013 92 m\u00b2<\/h2><\/a><\/div><\/div><\/div><div data-id=\"1819\" class=\"cz_grid_item  cz_posts_list_even post-1819 portfolio type-portfolio status-publish format-standard has-post-thumbnail hentry portfolio_cat-container-and-prefabricated-building-works portfolio_cat-double-storey-prefabs\"><div class=\"clr\"><a class=\"cz_grid_link cz_grid_inset_clip_1x\" href=\"https:\/\/yestigroup.com\/en\/portfolio\/altinoluk-100-m2\/\"><img width=\"1000\" height=\"692\" src=\"data:image\/svg+xml,%3Csvg%20xmlns%3D&#39;http%3A%2F%2Fwww.w3.org%2F2000%2Fsvg&#39;%20width=&#39;1000&#39;%20height=&#39;692&#39;%20viewBox%3D&#39;0%200%201000%20692&#39;%2F%3E\" data-czlz data-src=\"https:\/\/yestigroup.com\/en\/wp-content\/uploads\/2021\/06\/713-dubleks-prefabrik-ev-100-m2.jpg\" class=\"attachment-full\" alt=\"\" data-srcset=\"https:\/\/yestigroup.com\/en\/wp-content\/uploads\/2021\/06\/713-dubleks-prefabrik-ev-100-m2.jpg 1000w, https:\/\/yestigroup.com\/en\/wp-content\/uploads\/2021\/06\/713-dubleks-prefabrik-ev-100-m2-300x208.jpg 300w, https:\/\/yestigroup.com\/en\/wp-content\/uploads\/2021\/06\/713-dubleks-prefabrik-ev-100-m2-768x531.jpg 768w, https:\/\/yestigroup.com\/en\/wp-content\/uploads\/2021\/06\/713-dubleks-prefabrik-ev-100-m2-600x415.jpg 600w\" data-sizes=\"(max-width: 1000px) 100vw, 1000px\" \/><div class=\"cz_grid_details\"><\/div><\/a><div class=\"cz_grid_details cz_grid_details_outside\"><a class=\"cz_grid_title\" href=\"https:\/\/yestigroup.com\/en\/portfolio\/altinoluk-100-m2\/\"><h2>Alt\u0131noluk \u2013 100 m\u00b2<\/h2><\/a><\/div><\/div><\/div><div data-id=\"1822\" class=\"cz_grid_item  cz_posts_list_odd post-1822 portfolio type-portfolio status-publish format-standard has-post-thumbnail hentry portfolio_cat-container-and-prefabricated-building-works portfolio_cat-double-storey-prefabs\"><div class=\"clr\"><a class=\"cz_grid_link cz_grid_inset_clip_1x\" href=\"https:\/\/yestigroup.com\/en\/portfolio\/akcay-100-m2\/\"><img width=\"1000\" height=\"692\" src=\"data:image\/svg+xml,%3Csvg%20xmlns%3D&#39;http%3A%2F%2Fwww.w3.org%2F2000%2Fsvg&#39;%20width=&#39;1000&#39;%20height=&#39;692&#39;%20viewBox%3D&#39;0%200%201000%20692&#39;%2F%3E\" data-czlz data-src=\"https:\/\/yestigroup.com\/en\/wp-content\/uploads\/2021\/06\/714-dubleks-prefabrik-ev-100-m2.jpg\" class=\"attachment-full\" alt=\"\" data-srcset=\"https:\/\/yestigroup.com\/en\/wp-content\/uploads\/2021\/06\/714-dubleks-prefabrik-ev-100-m2.jpg 1000w, https:\/\/yestigroup.com\/en\/wp-content\/uploads\/2021\/06\/714-dubleks-prefabrik-ev-100-m2-300x208.jpg 300w, https:\/\/yestigroup.com\/en\/wp-content\/uploads\/2021\/06\/714-dubleks-prefabrik-ev-100-m2-768x531.jpg 768w, https:\/\/yestigroup.com\/en\/wp-content\/uploads\/2021\/06\/714-dubleks-prefabrik-ev-100-m2-600x415.jpg 600w\" data-sizes=\"(max-width: 1000px) 100vw, 1000px\" \/><div class=\"cz_grid_details\"><\/div><\/a><div class=\"cz_grid_details cz_grid_details_outside\"><a class=\"cz_grid_title\" href=\"https:\/\/yestigroup.com\/en\/portfolio\/akcay-100-m2\/\"><h2>Ak\u00e7ay \u2013 100 m\u00b2<\/h2><\/a><\/div><\/div><\/div><div data-id=\"1825\" class=\"cz_grid_item  cz_posts_list_even post-1825 portfolio type-portfolio status-publish format-standard has-post-thumbnail hentry portfolio_cat-container-and-prefabricated-building-works portfolio_cat-double-storey-prefabs\"><div class=\"clr\"><a class=\"cz_grid_link cz_grid_inset_clip_1x\" href=\"https:\/\/yestigroup.com\/en\/portfolio\/amasra-105-m2\/\"><img width=\"1000\" height=\"692\" src=\"data:image\/svg+xml,%3Csvg%20xmlns%3D&#39;http%3A%2F%2Fwww.w3.org%2F2000%2Fsvg&#39;%20width=&#39;1000&#39;%20height=&#39;692&#39;%20viewBox%3D&#39;0%200%201000%20692&#39;%2F%3E\" data-czlz data-src=\"https:\/\/yestigroup.com\/en\/wp-content\/uploads\/2021\/06\/715-dubleks-prefabrik-ev-105-m2.jpg\" class=\"attachment-full\" alt=\"\" data-srcset=\"https:\/\/yestigroup.com\/en\/wp-content\/uploads\/2021\/06\/715-dubleks-prefabrik-ev-105-m2.jpg 1000w, https:\/\/yestigroup.com\/en\/wp-content\/uploads\/2021\/06\/715-dubleks-prefabrik-ev-105-m2-300x208.jpg 300w, https:\/\/yestigroup.com\/en\/wp-content\/uploads\/2021\/06\/715-dubleks-prefabrik-ev-105-m2-768x531.jpg 768w, https:\/\/yestigroup.com\/en\/wp-content\/uploads\/2021\/06\/715-dubleks-prefabrik-ev-105-m2-600x415.jpg 600w\" data-sizes=\"(max-width: 1000px) 100vw, 1000px\" \/><div class=\"cz_grid_details\"><\/div><\/a><div class=\"cz_grid_details cz_grid_details_outside\"><a class=\"cz_grid_title\" href=\"https:\/\/yestigroup.com\/en\/portfolio\/amasra-105-m2\/\"><h2>Amasra \u2013 105 m\u00b2<\/h2><\/a><\/div><\/div><\/div><div data-id=\"1829\" class=\"cz_grid_item  cz_posts_list_odd post-1829 portfolio type-portfolio status-publish format-standard has-post-thumbnail hentry portfolio_cat-container-and-prefabricated-building-works portfolio_cat-double-storey-prefabs\"><div class=\"clr\"><a class=\"cz_grid_link cz_grid_inset_clip_1x\" href=\"https:\/\/yestigroup.com\/en\/portfolio\/urla-114-m2\/\"><img width=\"1000\" height=\"692\" src=\"data:image\/svg+xml,%3Csvg%20xmlns%3D&#39;http%3A%2F%2Fwww.w3.org%2F2000%2Fsvg&#39;%20width=&#39;1000&#39;%20height=&#39;692&#39;%20viewBox%3D&#39;0%200%201000%20692&#39;%2F%3E\" data-czlz data-src=\"https:\/\/yestigroup.com\/en\/wp-content\/uploads\/2021\/06\/716-dubleks-prefabrik-ev-114-m2.jpg\" class=\"attachment-full\" alt=\"\" data-srcset=\"https:\/\/yestigroup.com\/en\/wp-content\/uploads\/2021\/06\/716-dubleks-prefabrik-ev-114-m2.jpg 1000w, https:\/\/yestigroup.com\/en\/wp-content\/uploads\/2021\/06\/716-dubleks-prefabrik-ev-114-m2-300x208.jpg 300w, https:\/\/yestigroup.com\/en\/wp-content\/uploads\/2021\/06\/716-dubleks-prefabrik-ev-114-m2-768x531.jpg 768w, https:\/\/yestigroup.com\/en\/wp-content\/uploads\/2021\/06\/716-dubleks-prefabrik-ev-114-m2-600x415.jpg 600w\" data-sizes=\"(max-width: 1000px) 100vw, 1000px\" \/><div class=\"cz_grid_details\"><\/div><\/a><div class=\"cz_grid_details cz_grid_details_outside\"><a class=\"cz_grid_title\" href=\"https:\/\/yestigroup.com\/en\/portfolio\/urla-114-m2\/\"><h2>Urla \u2013 114 m\u00b2<\/h2><\/a><\/div><\/div><\/div><div data-id=\"1834\" class=\"cz_grid_item  cz_posts_list_even post-1834 portfolio type-portfolio status-publish format-standard has-post-thumbnail hentry portfolio_cat-container-and-prefabricated-building-works portfolio_cat-double-storey-prefabs\"><div class=\"clr\"><a class=\"cz_grid_link cz_grid_inset_clip_1x\" href=\"https:\/\/yestigroup.com\/en\/portfolio\/kalkan-118-m2\/\"><img width=\"1000\" height=\"692\" src=\"data:image\/svg+xml,%3Csvg%20xmlns%3D&#39;http%3A%2F%2Fwww.w3.org%2F2000%2Fsvg&#39;%20width=&#39;1000&#39;%20height=&#39;692&#39;%20viewBox%3D&#39;0%200%201000%20692&#39;%2F%3E\" data-czlz data-src=\"https:\/\/yestigroup.com\/en\/wp-content\/uploads\/2021\/06\/717-dubleks-prefabrik-ev-118-m2.jpg\" class=\"attachment-full\" alt=\"\" data-srcset=\"https:\/\/yestigroup.com\/en\/wp-content\/uploads\/2021\/06\/717-dubleks-prefabrik-ev-118-m2.jpg 1000w, https:\/\/yestigroup.com\/en\/wp-content\/uploads\/2021\/06\/717-dubleks-prefabrik-ev-118-m2-300x208.jpg 300w, https:\/\/yestigroup.com\/en\/wp-content\/uploads\/2021\/06\/717-dubleks-prefabrik-ev-118-m2-768x531.jpg 768w, https:\/\/yestigroup.com\/en\/wp-content\/uploads\/2021\/06\/717-dubleks-prefabrik-ev-118-m2-600x415.jpg 600w\" data-sizes=\"(max-width: 1000px) 100vw, 1000px\" \/><div class=\"cz_grid_details\"><\/div><\/a><div class=\"cz_grid_details cz_grid_details_outside\"><a class=\"cz_grid_title\" href=\"https:\/\/yestigroup.com\/en\/portfolio\/kalkan-118-m2\/\"><h2>Kalkan \u2013 118 m\u00b2<\/h2><\/a><\/div><\/div><\/div><div data-id=\"1838\" class=\"cz_grid_item  cz_posts_list_odd post-1838 portfolio type-portfolio status-publish format-standard has-post-thumbnail hentry portfolio_cat-container-and-prefabricated-building-works portfolio_cat-double-storey-prefabs\"><div class=\"clr\"><a class=\"cz_grid_link cz_grid_inset_clip_1x\" href=\"https:\/\/yestigroup.com\/en\/portfolio\/gumusluk-119-m2\/\"><img width=\"1000\" height=\"692\" src=\"data:image\/svg+xml,%3Csvg%20xmlns%3D&#39;http%3A%2F%2Fwww.w3.org%2F2000%2Fsvg&#39;%20width=&#39;1000&#39;%20height=&#39;692&#39;%20viewBox%3D&#39;0%200%201000%20692&#39;%2F%3E\" data-czlz data-src=\"https:\/\/yestigroup.com\/en\/wp-content\/uploads\/2021\/06\/718-dubleks-prefabrik-ev-122-m2.jpg\" class=\"attachment-full\" alt=\"\" data-srcset=\"https:\/\/yestigroup.com\/en\/wp-content\/uploads\/2021\/06\/718-dubleks-prefabrik-ev-122-m2.jpg 1000w, https:\/\/yestigroup.com\/en\/wp-content\/uploads\/2021\/06\/718-dubleks-prefabrik-ev-122-m2-300x208.jpg 300w, https:\/\/yestigroup.com\/en\/wp-content\/uploads\/2021\/06\/718-dubleks-prefabrik-ev-122-m2-768x531.jpg 768w, https:\/\/yestigroup.com\/en\/wp-content\/uploads\/2021\/06\/718-dubleks-prefabrik-ev-122-m2-600x415.jpg 600w\" data-sizes=\"(max-width: 1000px) 100vw, 1000px\" \/><div class=\"cz_grid_details\"><\/div><\/a><div class=\"cz_grid_details cz_grid_details_outside\"><a class=\"cz_grid_title\" href=\"https:\/\/yestigroup.com\/en\/portfolio\/gumusluk-119-m2\/\"><h2>G\u00fcm\u00fc\u015fl\u00fck \u2013 119 m\u00b2<\/h2><\/a><\/div><\/div><\/div><div data-id=\"1842\" class=\"cz_grid_item  cz_posts_list_even post-1842 portfolio type-portfolio status-publish format-standard has-post-thumbnail hentry portfolio_cat-container-and-prefabricated-building-works portfolio_cat-double-storey-prefabs\"><div class=\"clr\"><a class=\"cz_grid_link cz_grid_inset_clip_1x\" href=\"https:\/\/yestigroup.com\/en\/portfolio\/yalikavak-131-m2\/\"><img width=\"1000\" height=\"692\" src=\"data:image\/svg+xml,%3Csvg%20xmlns%3D&#39;http%3A%2F%2Fwww.w3.org%2F2000%2Fsvg&#39;%20width=&#39;1000&#39;%20height=&#39;692&#39;%20viewBox%3D&#39;0%200%201000%20692&#39;%2F%3E\" data-czlz data-src=\"https:\/\/yestigroup.com\/en\/wp-content\/uploads\/2021\/06\/719-dubleks-prefabrik-ev-131-m2.jpg\" class=\"attachment-full\" alt=\"\" data-srcset=\"https:\/\/yestigroup.com\/en\/wp-content\/uploads\/2021\/06\/719-dubleks-prefabrik-ev-131-m2.jpg 1000w, https:\/\/yestigroup.com\/en\/wp-content\/uploads\/2021\/06\/719-dubleks-prefabrik-ev-131-m2-300x208.jpg 300w, https:\/\/yestigroup.com\/en\/wp-content\/uploads\/2021\/06\/719-dubleks-prefabrik-ev-131-m2-768x531.jpg 768w, https:\/\/yestigroup.com\/en\/wp-content\/uploads\/2021\/06\/719-dubleks-prefabrik-ev-131-m2-600x415.jpg 600w\" data-sizes=\"(max-width: 1000px) 100vw, 1000px\" \/><div class=\"cz_grid_details\"><\/div><\/a><div class=\"cz_grid_details cz_grid_details_outside\"><a class=\"cz_grid_title\" href=\"https:\/\/yestigroup.com\/en\/portfolio\/yalikavak-131-m2\/\"><h2>Yal\u0131kavak \u2013 131 m\u00b2<\/h2><\/a><\/div><\/div><\/div><div data-id=\"1845\" class=\"cz_grid_item  cz_posts_list_odd post-1845 portfolio type-portfolio status-publish format-standard has-post-thumbnail hentry portfolio_cat-container-and-prefabricated-building-works portfolio_cat-double-storey-prefabs\"><div class=\"clr\"><a class=\"cz_grid_link cz_grid_inset_clip_1x\" href=\"https:\/\/yestigroup.com\/en\/portfolio\/milas-134-m2\/\"><img width=\"1000\" height=\"692\" src=\"data:image\/svg+xml,%3Csvg%20xmlns%3D&#39;http%3A%2F%2Fwww.w3.org%2F2000%2Fsvg&#39;%20width=&#39;1000&#39;%20height=&#39;692&#39;%20viewBox%3D&#39;0%200%201000%20692&#39;%2F%3E\" data-czlz data-src=\"https:\/\/yestigroup.com\/en\/wp-content\/uploads\/2021\/06\/720-dubleks-prefabrik-ev-134-m2.jpg\" class=\"attachment-full\" alt=\"\" data-srcset=\"https:\/\/yestigroup.com\/en\/wp-content\/uploads\/2021\/06\/720-dubleks-prefabrik-ev-134-m2.jpg 1000w, https:\/\/yestigroup.com\/en\/wp-content\/uploads\/2021\/06\/720-dubleks-prefabrik-ev-134-m2-300x208.jpg 300w, https:\/\/yestigroup.com\/en\/wp-content\/uploads\/2021\/06\/720-dubleks-prefabrik-ev-134-m2-768x531.jpg 768w, https:\/\/yestigroup.com\/en\/wp-content\/uploads\/2021\/06\/720-dubleks-prefabrik-ev-134-m2-600x415.jpg 600w\" data-sizes=\"(max-width: 1000px) 100vw, 1000px\" \/><div class=\"cz_grid_details\"><\/div><\/a><div class=\"cz_grid_details cz_grid_details_outside\"><a class=\"cz_grid_title\" href=\"https:\/\/yestigroup.com\/en\/portfolio\/milas-134-m2\/\"><h2>Milas \u2013 134 m\u00b2<\/h2><\/a><\/div><\/div><\/div><div data-id=\"1849\" class=\"cz_grid_item  cz_posts_list_even post-1849 portfolio type-portfolio status-publish format-standard has-post-thumbnail hentry portfolio_cat-container-and-prefabricated-building-works portfolio_cat-double-storey-prefabs\"><div class=\"clr\"><a class=\"cz_grid_link cz_grid_inset_clip_1x\" href=\"https:\/\/yestigroup.com\/en\/portfolio\/bornova-142-m2\/\"><img width=\"1000\" height=\"692\" src=\"data:image\/svg+xml,%3Csvg%20xmlns%3D&#39;http%3A%2F%2Fwww.w3.org%2F2000%2Fsvg&#39;%20width=&#39;1000&#39;%20height=&#39;692&#39;%20viewBox%3D&#39;0%200%201000%20692&#39;%2F%3E\" data-czlz data-src=\"https:\/\/yestigroup.com\/en\/wp-content\/uploads\/2021\/06\/721-dubleks-prefabrik-ev-142-m2.jpg\" class=\"attachment-full\" alt=\"\" data-srcset=\"https:\/\/yestigroup.com\/en\/wp-content\/uploads\/2021\/06\/721-dubleks-prefabrik-ev-142-m2.jpg 1000w, https:\/\/yestigroup.com\/en\/wp-content\/uploads\/2021\/06\/721-dubleks-prefabrik-ev-142-m2-300x208.jpg 300w, https:\/\/yestigroup.com\/en\/wp-content\/uploads\/2021\/06\/721-dubleks-prefabrik-ev-142-m2-768x531.jpg 768w, https:\/\/yestigroup.com\/en\/wp-content\/uploads\/2021\/06\/721-dubleks-prefabrik-ev-142-m2-600x415.jpg 600w\" data-sizes=\"(max-width: 1000px) 100vw, 1000px\" \/><div class=\"cz_grid_details\"><\/div><\/a><div class=\"cz_grid_details cz_grid_details_outside\"><a class=\"cz_grid_title\" href=\"https:\/\/yestigroup.com\/en\/portfolio\/bornova-142-m2\/\"><h2>Bornova \u2013 142 m\u00b2<\/h2><\/a><\/div><\/div><\/div><div data-id=\"1852\" class=\"cz_grid_item  cz_posts_list_odd post-1852 portfolio type-portfolio status-publish format-standard has-post-thumbnail hentry portfolio_cat-container-and-prefabricated-building-works portfolio_cat-double-storey-prefabs\"><div class=\"clr\"><a class=\"cz_grid_link cz_grid_inset_clip_1x\" href=\"https:\/\/yestigroup.com\/en\/portfolio\/dikili-149-m2\/\"><img width=\"1000\" height=\"692\" src=\"data:image\/svg+xml,%3Csvg%20xmlns%3D&#39;http%3A%2F%2Fwww.w3.org%2F2000%2Fsvg&#39;%20width=&#39;1000&#39;%20height=&#39;692&#39;%20viewBox%3D&#39;0%200%201000%20692&#39;%2F%3E\" data-czlz data-src=\"https:\/\/yestigroup.com\/en\/wp-content\/uploads\/2021\/06\/722-dubleks-prefabrik-ev-149-m2.jpg\" class=\"attachment-full\" alt=\"\" data-srcset=\"https:\/\/yestigroup.com\/en\/wp-content\/uploads\/2021\/06\/722-dubleks-prefabrik-ev-149-m2.jpg 1000w, https:\/\/yestigroup.com\/en\/wp-content\/uploads\/2021\/06\/722-dubleks-prefabrik-ev-149-m2-300x208.jpg 300w, https:\/\/yestigroup.com\/en\/wp-content\/uploads\/2021\/06\/722-dubleks-prefabrik-ev-149-m2-768x531.jpg 768w, https:\/\/yestigroup.com\/en\/wp-content\/uploads\/2021\/06\/722-dubleks-prefabrik-ev-149-m2-600x415.jpg 600w\" data-sizes=\"(max-width: 1000px) 100vw, 1000px\" \/><div class=\"cz_grid_details\"><\/div><\/a><div class=\"cz_grid_details cz_grid_details_outside\"><a class=\"cz_grid_title\" href=\"https:\/\/yestigroup.com\/en\/portfolio\/dikili-149-m2\/\"><h2>Dikili \u2013 149 m\u00b2<\/h2><\/a><\/div><\/div><\/div><div data-id=\"1855\" class=\"cz_grid_item  cz_posts_list_even post-1855 portfolio type-portfolio status-publish format-standard has-post-thumbnail hentry portfolio_cat-container-and-prefabricated-building-works portfolio_cat-double-storey-prefabs\"><div class=\"clr\"><a class=\"cz_grid_link cz_grid_inset_clip_1x\" href=\"https:\/\/yestigroup.com\/en\/portfolio\/cunda-150-m2\/\"><img width=\"1000\" height=\"692\" src=\"data:image\/svg+xml,%3Csvg%20xmlns%3D&#39;http%3A%2F%2Fwww.w3.org%2F2000%2Fsvg&#39;%20width=&#39;1000&#39;%20height=&#39;692&#39;%20viewBox%3D&#39;0%200%201000%20692&#39;%2F%3E\" data-czlz data-src=\"https:\/\/yestigroup.com\/en\/wp-content\/uploads\/2021\/06\/723-dubleks-prefabrik-ev-150-m2.jpg\" class=\"attachment-full\" alt=\"\" data-srcset=\"https:\/\/yestigroup.com\/en\/wp-content\/uploads\/2021\/06\/723-dubleks-prefabrik-ev-150-m2.jpg 1000w, https:\/\/yestigroup.com\/en\/wp-content\/uploads\/2021\/06\/723-dubleks-prefabrik-ev-150-m2-300x208.jpg 300w, https:\/\/yestigroup.com\/en\/wp-content\/uploads\/2021\/06\/723-dubleks-prefabrik-ev-150-m2-768x531.jpg 768w, https:\/\/yestigroup.com\/en\/wp-content\/uploads\/2021\/06\/723-dubleks-prefabrik-ev-150-m2-600x415.jpg 600w\" data-sizes=\"(max-width: 1000px) 100vw, 1000px\" \/><div class=\"cz_grid_details\"><\/div><\/a><div class=\"cz_grid_details cz_grid_details_outside\"><a class=\"cz_grid_title\" href=\"https:\/\/yestigroup.com\/en\/portfolio\/cunda-150-m2\/\"><h2>Cunda \u2013 150 m\u00b2<\/h2><\/a><\/div><\/div><\/div><div data-id=\"1858\" class=\"cz_grid_item  cz_posts_list_odd post-1858 portfolio type-portfolio status-publish format-standard has-post-thumbnail hentry portfolio_cat-container-and-prefabricated-building-works portfolio_cat-double-storey-prefabs\"><div class=\"clr\"><a class=\"cz_grid_link cz_grid_inset_clip_1x\" href=\"https:\/\/yestigroup.com\/en\/portfolio\/erdek-155-m2\/\"><img width=\"1000\" height=\"692\" src=\"data:image\/svg+xml,%3Csvg%20xmlns%3D&#39;http%3A%2F%2Fwww.w3.org%2F2000%2Fsvg&#39;%20width=&#39;1000&#39;%20height=&#39;692&#39;%20viewBox%3D&#39;0%200%201000%20692&#39;%2F%3E\" data-czlz data-src=\"https:\/\/yestigroup.com\/en\/wp-content\/uploads\/2021\/06\/724-dubleks-prefabrik-ev-155-m2.jpg\" class=\"attachment-full\" alt=\"\" data-srcset=\"https:\/\/yestigroup.com\/en\/wp-content\/uploads\/2021\/06\/724-dubleks-prefabrik-ev-155-m2.jpg 1000w, https:\/\/yestigroup.com\/en\/wp-content\/uploads\/2021\/06\/724-dubleks-prefabrik-ev-155-m2-300x208.jpg 300w, https:\/\/yestigroup.com\/en\/wp-content\/uploads\/2021\/06\/724-dubleks-prefabrik-ev-155-m2-768x531.jpg 768w, https:\/\/yestigroup.com\/en\/wp-content\/uploads\/2021\/06\/724-dubleks-prefabrik-ev-155-m2-600x415.jpg 600w\" data-sizes=\"(max-width: 1000px) 100vw, 1000px\" \/><div class=\"cz_grid_details\"><\/div><\/a><div class=\"cz_grid_details cz_grid_details_outside\"><a class=\"cz_grid_title\" href=\"https:\/\/yestigroup.com\/en\/portfolio\/erdek-155-m2\/\"><h2>Erdek \u2013 155 m\u00b2<\/h2><\/a><\/div><\/div><\/div><div data-id=\"1861\" class=\"cz_grid_item  cz_posts_list_even post-1861 portfolio type-portfolio status-publish format-standard has-post-thumbnail hentry portfolio_cat-container-and-prefabricated-building-works portfolio_cat-double-storey-prefabs\"><div class=\"clr\"><a class=\"cz_grid_link cz_grid_inset_clip_1x\" href=\"https:\/\/yestigroup.com\/en\/portfolio\/halikarnas-158-m2\/\"><img width=\"1000\" height=\"692\" src=\"data:image\/svg+xml,%3Csvg%20xmlns%3D&#39;http%3A%2F%2Fwww.w3.org%2F2000%2Fsvg&#39;%20width=&#39;1000&#39;%20height=&#39;692&#39;%20viewBox%3D&#39;0%200%201000%20692&#39;%2F%3E\" data-czlz data-src=\"https:\/\/yestigroup.com\/en\/wp-content\/uploads\/2021\/06\/725-dubleks-prefabrik-ev-158-m2.jpg\" class=\"attachment-full\" alt=\"\" data-srcset=\"https:\/\/yestigroup.com\/en\/wp-content\/uploads\/2021\/06\/725-dubleks-prefabrik-ev-158-m2.jpg 1000w, https:\/\/yestigroup.com\/en\/wp-content\/uploads\/2021\/06\/725-dubleks-prefabrik-ev-158-m2-300x208.jpg 300w, https:\/\/yestigroup.com\/en\/wp-content\/uploads\/2021\/06\/725-dubleks-prefabrik-ev-158-m2-768x531.jpg 768w, https:\/\/yestigroup.com\/en\/wp-content\/uploads\/2021\/06\/725-dubleks-prefabrik-ev-158-m2-600x415.jpg 600w\" data-sizes=\"(max-width: 1000px) 100vw, 1000px\" \/><div class=\"cz_grid_details\"><\/div><\/a><div class=\"cz_grid_details cz_grid_details_outside\"><a class=\"cz_grid_title\" href=\"https:\/\/yestigroup.com\/en\/portfolio\/halikarnas-158-m2\/\"><h2>Halikarnas \u2013 158 m\u00b2<\/h2><\/a><\/div><\/div><\/div><\/div><div class=\"cz_ajax_pagination clr cz_ajax_infinite tac\"><a href=\"#\">Daha Fazla Proje Y\u00fckle<\/a><\/div><\/div>[\/vc_column][\/vc_row]<\/p>\n","protected":false},"excerpt":{"rendered":"<p>[vc_row][vc_column][\/vc_column][\/vc_row] &#8230; <a class=\"cz_readmore cz_readmore_no_icon\" href=\"https:\/\/yestigroup.com\/en\/portfolio\/halikarnas-158-m2\/\"><span>Detaylar<\/span><\/a><\/p>\n","protected":false},"author":2,"featured_media":0,"parent":2024,"menu_order":6,"comment_status":"closed","ping_status":"closed","template":"","meta":[],"_links":{"self":[{"href":"https:\/\/yestigroup.com\/en\/wp-json\/wp\/v2\/pages\/1864"}],"collection":[{"href":"https:\/\/yestigroup.com\/en\/wp-json\/wp\/v2\/pages"}],"about":[{"href":"https:\/\/yestigroup.com\/en\/wp-json\/wp\/v2\/types\/page"}],"author":[{"embeddable":true,"href":"https:\/\/yestigroup.com\/en\/wp-json\/wp\/v2\/users\/2"}],"replies":[{"embeddable":true,"href":"https:\/\/yestigroup.com\/en\/wp-json\/wp\/v2\/comments?post=1864"}],"version-history":[{"count":31,"href":"https:\/\/yestigroup.com\/en\/wp-json\/wp\/v2\/pages\/1864\/revisions"}],"predecessor-version":[{"id":3194,"href":"https:\/\/yestigroup.com\/en\/wp-json\/wp\/v2\/pages\/1864\/revisions\/3194"}],"up":[{"embeddable":true,"href":"https:\/\/yestigroup.com\/en\/wp-json\/wp\/v2\/pages\/2024"}],"wp:attachment":[{"href":"https:\/\/yestigroup.com\/en\/wp-json\/wp\/v2\/media?parent=1864"}],"curies":[{"name":"wp","href":"https:\/\/api.w.org\/{rel}","templated":true}]}}