{"id":1951,"date":"2021-06-22T11:52:52","date_gmt":"2021-06-22T08:52:52","guid":{"rendered":"https:\/\/yesti.com.tr\/?page_id=1951"},"modified":"2022-11-18T11:49:45","modified_gmt":"2022-11-18T08:49:45","slug":"ongoing-projects","status":"publish","type":"page","link":"https:\/\/yestigroup.com\/en\/services\/geosynthetic-works\/ongoing-projects\/","title":{"rendered":"Ongoing Projects"},"content":{"rendered":"<p>[vc_row][vc_column]<div id=\"cz_25856\" class=\"cz_25856\"><div class=\"cz_grid cz_grid_1 clr cz_grid_c3 cz_grid_1_title_sub_after cz_grid_1_subtitle_on_img cz_grid_1_mid tac cz_grid_zin cz_grid_overlay_10px cz_grid_two_columns_on_mobile cz_meta_all_center\" data-gap=\"40\" data-atts='{\"action\":\"cz_ajax_posts\",\"post_class\":\"cz_grid_item\",\"post__in\":null,\"author__in\":null,\"nonce\":\"903574e616\",\"nonce_id\":\"cz_25856\",\"loadmore_end\":\"Not found more posts\",\"layout\":\"cz_grid_c3\",\"hover\":\"cz_grid_1_title_sub_after cz_grid_1_subtitle_on_img\",\"image_size\":\"codevz_600_600\",\"subtitles\":\"%5B%5D\",\"subtitle_pos\":\"\",\"icon\":\"fa czico-121-signs\",\"el\":\"3\",\"title_lenght\":\"10\",\"cat_tax\":\"portfolio_cat\",\"cat\":\"58\",\"cat_exclude\":\"\",\"tag_tax\":\"category\",\"tag_id\":\"\",\"tag_exclude\":\"\",\"post_type\":\"portfolio\",\"posts_per_page\":\"18\",\"order\":\"DESC\",\"orderby\":\"date\",\"tilt_data\":null,\"svg_sizes\":[\"600\",\"600\"],\"img_fx\":\"cz_grid_inset_clip_1x\",\"custom_size\":\"\",\"excerpt_rm\":\"true\",\"title_tag\":\"h2\",\"s\":\"\"}' data-animation=\"cz_grid_anim_move_left\"><div class=\"cz_grid_item cz_grid_first\"><\/div><div data-id=\"3578\" class=\"cz_grid_item  cz_posts_list_even post-3578 portfolio type-portfolio status-publish format-standard has-post-thumbnail hentry portfolio_cat-ongoing-projects\"><div class=\"clr\"><a class=\"cz_grid_link cz_grid_inset_clip_1x\" href=\"https:\/\/yestigroup.com\/en\/portfolio\/tumad-ivrindi-gold-mine-2\/\"><img width=\"600\" height=\"600\" src=\"data:image\/svg+xml,%3Csvg%20xmlns%3D&#39;http%3A%2F%2Fwww.w3.org%2F2000%2Fsvg&#39;%20width=&#39;600&#39;%20height=&#39;600&#39;%20viewBox%3D&#39;0%200%20600%20600&#39;%2F%3E\" data-czlz data-src=\"https:\/\/yestigroup.com\/en\/wp-content\/uploads\/2025\/10\/IMG_2953-600x600.jpg\" class=\"attachment-codevz_600_600\" alt=\"\" data-srcset=\"https:\/\/yestigroup.com\/en\/wp-content\/uploads\/2025\/10\/IMG_2953-600x600.jpg 600w, https:\/\/yestigroup.com\/en\/wp-content\/uploads\/2025\/10\/IMG_2953-150x150.jpg 150w\" data-sizes=\"(max-width: 600px) 100vw, 600px\" \/><div class=\"cz_grid_details\"><\/div><\/a><div class=\"cz_grid_details cz_grid_details_outside\"><a class=\"cz_grid_title\" href=\"https:\/\/yestigroup.com\/en\/portfolio\/tumad-ivrindi-gold-mine-2\/\"><h2>T\u00fcmad \u2013 \u0130vrindi Gold Mine<\/h2><\/a><\/div><\/div><\/div><div data-id=\"3570\" class=\"cz_grid_item  cz_posts_list_odd post-3570 portfolio type-portfolio status-publish format-standard has-post-thumbnail hentry portfolio_cat-ongoing-projects\"><div class=\"clr\"><a class=\"cz_grid_link cz_grid_inset_clip_1x\" href=\"https:\/\/yestigroup.com\/en\/portfolio\/tumad-lapseki-gold-mine-2\/\"><img width=\"600\" height=\"600\" src=\"data:image\/svg+xml,%3Csvg%20xmlns%3D&#39;http%3A%2F%2Fwww.w3.org%2F2000%2Fsvg&#39;%20width=&#39;600&#39;%20height=&#39;600&#39;%20viewBox%3D&#39;0%200%20600%20600&#39;%2F%3E\" data-czlz data-src=\"https:\/\/yestigroup.com\/en\/wp-content\/uploads\/2025\/10\/IMG-20251030-WA0012-600x600.jpg\" class=\"attachment-codevz_600_600\" alt=\"\" data-srcset=\"https:\/\/yestigroup.com\/en\/wp-content\/uploads\/2025\/10\/IMG-20251030-WA0012-600x600.jpg 600w, https:\/\/yestigroup.com\/en\/wp-content\/uploads\/2025\/10\/IMG-20251030-WA0012-150x150.jpg 150w\" data-sizes=\"(max-width: 600px) 100vw, 600px\" \/><div class=\"cz_grid_details\"><\/div><\/a><div class=\"cz_grid_details cz_grid_details_outside\"><a class=\"cz_grid_title\" href=\"https:\/\/yestigroup.com\/en\/portfolio\/tumad-lapseki-gold-mine-2\/\"><h2>T\u00fcmad \u2013 Lapseki Gold Mine<\/h2><\/a><\/div><\/div><\/div><div data-id=\"957\" class=\"cz_grid_item  cz_posts_list_even post-957 portfolio type-portfolio status-publish format-standard has-post-thumbnail hentry portfolio_cat-ongoing-projects\"><div class=\"clr\"><a class=\"cz_grid_link cz_grid_inset_clip_1x\" href=\"https:\/\/yestigroup.com\/en\/portfolio\/eldorado-gold-tuprag-kisladag-gold-mine\/\"><img width=\"600\" height=\"600\" src=\"data:image\/svg+xml,%3Csvg%20xmlns%3D&#39;http%3A%2F%2Fwww.w3.org%2F2000%2Fsvg&#39;%20width=&#39;600&#39;%20height=&#39;600&#39;%20viewBox%3D&#39;0%200%20600%20600&#39;%2F%3E\" data-czlz data-src=\"https:\/\/yestigroup.com\/en\/wp-content\/uploads\/2021\/06\/USAK_KISLADAG_2025_2-600x600.jpg\" class=\"attachment-codevz_600_600\" alt=\"\" data-srcset=\"https:\/\/yestigroup.com\/en\/wp-content\/uploads\/2021\/06\/USAK_KISLADAG_2025_2-600x600.jpg 600w, https:\/\/yestigroup.com\/en\/wp-content\/uploads\/2021\/06\/USAK_KISLADAG_2025_2-150x150.jpg 150w\" data-sizes=\"(max-width: 600px) 100vw, 600px\" \/><div class=\"cz_grid_details\"><\/div><\/a><div class=\"cz_grid_details cz_grid_details_outside\"><a class=\"cz_grid_title\" href=\"https:\/\/yestigroup.com\/en\/portfolio\/eldorado-gold-tuprag-kisladag-gold-mine\/\"><h2>Eldorado Gold \/ T\u00fcprag \u2013 K\u0131\u015flada\u011f Gold Mine<\/h2><\/a><\/div><\/div><\/div><div data-id=\"936\" class=\"cz_grid_item  cz_posts_list_odd post-936 portfolio type-portfolio status-publish format-standard has-post-thumbnail hentry portfolio_cat-ongoing-projects\"><div class=\"clr\"><a class=\"cz_grid_link cz_grid_inset_clip_1x\" href=\"https:\/\/yestigroup.com\/en\/portfolio\/eldorado-gold-tuprag-efemcukuru-gold-mine\/\"><img width=\"600\" height=\"563\" src=\"data:image\/svg+xml,%3Csvg%20xmlns%3D&#39;http%3A%2F%2Fwww.w3.org%2F2000%2Fsvg&#39;%20width=&#39;600&#39;%20height=&#39;563&#39;%20viewBox%3D&#39;0%200%20600%20563&#39;%2F%3E\" data-czlz data-src=\"https:\/\/yestigroup.com\/en\/wp-content\/uploads\/2021\/06\/EFEMCUKURU.jpg\" class=\"attachment-codevz_600_600\" alt=\"\" data-srcset=\"https:\/\/yestigroup.com\/en\/wp-content\/uploads\/2021\/06\/EFEMCUKURU.jpg 600w, https:\/\/yestigroup.com\/en\/wp-content\/uploads\/2021\/06\/EFEMCUKURU-300x282.jpg 300w\" data-sizes=\"(max-width: 600px) 100vw, 600px\" \/><div class=\"cz_grid_details\"><\/div><\/a><div class=\"cz_grid_details cz_grid_details_outside\"><a class=\"cz_grid_title\" href=\"https:\/\/yestigroup.com\/en\/portfolio\/eldorado-gold-tuprag-efemcukuru-gold-mine\/\"><h2>Eldorado Gold \/ T\u00fcprag \u2013 Efem\u00e7ukuru Gold Mine<\/h2><\/a><\/div><\/div><\/div><div data-id=\"1002\" class=\"cz_grid_item  cz_posts_list_even post-1002 portfolio type-portfolio status-publish format-standard has-post-thumbnail hentry portfolio_cat-ongoing-projects\"><div class=\"clr\"><a class=\"cz_grid_link cz_grid_inset_clip_1x\" href=\"https:\/\/yestigroup.com\/en\/portfolio\/centerra-gold-oksut-oksut-gold-mine\/\"><img width=\"600\" height=\"563\" src=\"data:image\/svg+xml,%3Csvg%20xmlns%3D&#39;http%3A%2F%2Fwww.w3.org%2F2000%2Fsvg&#39;%20width=&#39;600&#39;%20height=&#39;563&#39;%20viewBox%3D&#39;0%200%20600%20563&#39;%2F%3E\" data-czlz data-src=\"https:\/\/yestigroup.com\/en\/wp-content\/uploads\/2021\/06\/YENI_WEB_SITE_HABERLER_ONE_CIKAN_GORSEL600\u00d7563px-1.jpg\" class=\"attachment-codevz_600_600\" alt=\"\" data-srcset=\"https:\/\/yestigroup.com\/en\/wp-content\/uploads\/2021\/06\/YENI_WEB_SITE_HABERLER_ONE_CIKAN_GORSEL600\u00d7563px-1.jpg 600w, https:\/\/yestigroup.com\/en\/wp-content\/uploads\/2021\/06\/YENI_WEB_SITE_HABERLER_ONE_CIKAN_GORSEL600\u00d7563px-1-300x282.jpg 300w\" data-sizes=\"(max-width: 600px) 100vw, 600px\" \/><div class=\"cz_grid_details\"><\/div><\/a><div class=\"cz_grid_details cz_grid_details_outside\"><a class=\"cz_grid_title\" href=\"https:\/\/yestigroup.com\/en\/portfolio\/centerra-gold-oksut-oksut-gold-mine\/\"><h2>Centerra Gold \/ \u00d6ks\u00fct &#8211; \u00d6ks\u00fct Gold Mine<\/h2><\/a><\/div><\/div><\/div><div data-id=\"977\" class=\"cz_grid_item  cz_posts_list_odd post-977 portfolio type-portfolio status-publish format-standard has-post-thumbnail hentry portfolio_cat-ongoing-projects\"><div class=\"clr\"><a class=\"cz_grid_link cz_grid_inset_clip_1x\" href=\"https:\/\/yestigroup.com\/en\/portfolio\/alacer-gold-anagold-copler-gold-mine-tsf\/\"><img width=\"600\" height=\"563\" src=\"data:image\/svg+xml,%3Csvg%20xmlns%3D&#39;http%3A%2F%2Fwww.w3.org%2F2000%2Fsvg&#39;%20width=&#39;600&#39;%20height=&#39;563&#39;%20viewBox%3D&#39;0%200%20600%20563&#39;%2F%3E\" data-czlz data-src=\"https:\/\/yestigroup.com\/en\/wp-content\/uploads\/2021\/06\/copler-altin-madeni-4-1-600x563.jpg\" class=\"attachment-codevz_600_600\" alt=\"\u00e7\u00f6pler alt\u0131n madeni\" \/><div class=\"cz_grid_details\"><\/div><\/a><div class=\"cz_grid_details cz_grid_details_outside\"><a class=\"cz_grid_title\" href=\"https:\/\/yestigroup.com\/en\/portfolio\/alacer-gold-anagold-copler-gold-mine-tsf\/\"><h2>Alacer Gold \/ Anagold \u2013 \u00c7\u00f6pler Gold Mine TSF<\/h2><\/a><\/div><\/div><\/div><div data-id=\"942\" class=\"cz_grid_item  cz_posts_list_even post-942 portfolio type-portfolio status-publish format-standard has-post-thumbnail hentry portfolio_cat-ongoing-projects\"><div class=\"clr\"><a class=\"cz_grid_link cz_grid_inset_clip_1x\" href=\"https:\/\/yestigroup.com\/en\/portfolio\/alacer-gold-anagold-copler-gold-mine-hlf\/\"><img width=\"600\" height=\"563\" src=\"data:image\/svg+xml,%3Csvg%20xmlns%3D&#39;http%3A%2F%2Fwww.w3.org%2F2000%2Fsvg&#39;%20width=&#39;600&#39;%20height=&#39;563&#39;%20viewBox%3D&#39;0%200%20600%20563&#39;%2F%3E\" data-czlz data-src=\"https:\/\/yestigroup.com\/en\/wp-content\/uploads\/2021\/06\/YENI_WEB_SITE_HABERLER_ONE_CIKAN_GORSEL600\u00d7563px.png\" class=\"attachment-codevz_600_600\" alt=\"\" data-srcset=\"https:\/\/yestigroup.com\/en\/wp-content\/uploads\/2021\/06\/YENI_WEB_SITE_HABERLER_ONE_CIKAN_GORSEL600\u00d7563px.png 600w, https:\/\/yestigroup.com\/en\/wp-content\/uploads\/2021\/06\/YENI_WEB_SITE_HABERLER_ONE_CIKAN_GORSEL600\u00d7563px-300x282.png 300w\" data-sizes=\"(max-width: 600px) 100vw, 600px\" \/><div class=\"cz_grid_details\"><\/div><\/a><div class=\"cz_grid_details cz_grid_details_outside\"><a class=\"cz_grid_title\" href=\"https:\/\/yestigroup.com\/en\/portfolio\/alacer-gold-anagold-copler-gold-mine-hlf\/\"><h2>Alacer Gold \/ Anagold \u2013 \u00c7\u00f6pler Gold Mine HLF<\/h2><\/a><\/div><\/div><\/div><\/div><div class=\"cz_ajax_pagination clr cz_ajax_infinite tac\"><a href=\"#\">Daha Fazla Proje Y\u00fckle<\/a><\/div><\/div>[\/vc_column][\/vc_row]<\/p>\n","protected":false},"excerpt":{"rendered":"<p>[vc_row][vc_column][\/vc_column][\/vc_row] &#8230; <a class=\"cz_readmore cz_readmore_no_icon\" href=\"https:\/\/yestigroup.com\/en\/portfolio\/alacer-gold-anagold-copler-gold-mine-hlf\/\"><span>Detaylar<\/span><\/a><\/p>\n","protected":false},"author":2,"featured_media":0,"parent":2011,"menu_order":8,"comment_status":"closed","ping_status":"closed","template":"","meta":[],"_links":{"self":[{"href":"https:\/\/yestigroup.com\/en\/wp-json\/wp\/v2\/pages\/1951"}],"collection":[{"href":"https:\/\/yestigroup.com\/en\/wp-json\/wp\/v2\/pages"}],"about":[{"href":"https:\/\/yestigroup.com\/en\/wp-json\/wp\/v2\/types\/page"}],"author":[{"embeddable":true,"href":"https:\/\/yestigroup.com\/en\/wp-json\/wp\/v2\/users\/2"}],"replies":[{"embeddable":true,"href":"https:\/\/yestigroup.com\/en\/wp-json\/wp\/v2\/comments?post=1951"}],"version-history":[{"count":11,"href":"https:\/\/yestigroup.com\/en\/wp-json\/wp\/v2\/pages\/1951\/revisions"}],"predecessor-version":[{"id":3191,"href":"https:\/\/yestigroup.com\/en\/wp-json\/wp\/v2\/pages\/1951\/revisions\/3191"}],"up":[{"embeddable":true,"href":"https:\/\/yestigroup.com\/en\/wp-json\/wp\/v2\/pages\/2011"}],"wp:attachment":[{"href":"https:\/\/yestigroup.com\/en\/wp-json\/wp\/v2\/media?parent=1951"}],"curies":[{"name":"wp","href":"https:\/\/api.w.org\/{rel}","templated":true}]}}