{"id":1184,"date":"2021-06-05T17:46:06","date_gmt":"2021-06-05T14:46:06","guid":{"rendered":"https:\/\/yesti.com.tr\/?page_id=1184"},"modified":"2022-11-08T16:53:32","modified_gmt":"2022-11-08T13:53:32","slug":"a-propos-de-nous","status":"publish","type":"page","link":"https:\/\/yestigroup.com\/fr\/a-propos-de-nous\/","title":{"rendered":"\u00c0 Propos de Nous"},"content":{"rendered":"<p>[vc_row][vc_column]<div class=\"cz_gap clr  hide_on_tablet hide_on_mobile\" style=\"height: 50px\"><\/div><div class=\"cz_gap show_on_tablet clr \" style=\"height: 30px\"><\/div>[\/vc_column][\/vc_row][vc_row full_width=&#8221;stretch_row&#8221;][vc_column width=&#8221;1\/2&#8243;]<div id=\"cz_92614\" class=\"cz_92614 cz_title clr cz_mobile_text_center cz_title_pos_inline wpb_animate_when_almost_visible fadeInUp\"><div class=\"cz_title_content\"><div class=\"cz_wpe_content\"><p><span style=\"color: #808080;\">INSTITUTIONNEL<\/span><\/p>\n<h2><strong><span style=\"color: #2b803a;\">Groupe Yesti<\/span><\/strong><\/h2>\n<\/div><\/div><\/div><div id=\"cz_27836\" class=\"cz_27836 cz_title clr cz_mobile_text_center cz_title_pos_inline\"><div class=\"cz_title_content\"><div class=\"cz_wpe_content\"><p>Yesti a \u00e9t\u00e9 fond\u00e9e en 1992 par E. Murat PEKEL. Au cours des 30 ann\u00e9es suivantes, nous avons form\u00e9 une grande \u00e9quipe. La plupart de notre personnel travaillent avec nous depuis plus de 20 ans. Des ann\u00e9es d&#8217;exp\u00e9rience nous ont donn\u00e9 l&#8217;opportunit\u00e9 de nous impliquer et de travailler sur de nombreux projets prestigieux tant au niveau national qu&#8217;international. Nous travaillons avec de nombreuses entreprises respect\u00e9es et estim\u00e9es. Nos principaux domaines d&#8217;activit\u00e9 sont les suivants :<\/p>\n<p>&nbsp;<\/p>\n<ul>\n<li>Projets g\u00e9osynth\u00e9tiques et environnementaux<\/li>\n<li>Construction (b\u00e9ton arm\u00e9 et ouvrages en acier)<\/li>\n<li>Pr\u00e9fabriqu\u00e9 et conteneur<\/li>\n<\/ul>\n<\/div><\/div><\/div><div class=\"cz_gap clr  hide_on_tablet hide_on_mobile\" style=\"height: 50px\"><\/div><div class=\"cz_gap show_on_tablet clr \" style=\"height: 30px\"><\/div>[\/vc_column][vc_column width=&#8221;1\/2&#8243;]<div id=\"cz_89521\" class=\"cz_89521 cz_image clr cz_image_no_fx center_on_mobile\"><div class=\"cz_svg_bg\" ><div class=\"cz_image_in\" data-tilt><div class=\"cz_main_image\"><img width=\"1920\" height=\"1080\" src=\"data:image\/svg+xml,%3Csvg%20xmlns%3D&#39;http%3A%2F%2Fwww.w3.org%2F2000%2Fsvg&#39;%20width=&#39;1920&#39;%20height=&#39;1080&#39;%20viewBox%3D&#39;0%200%201920%201080&#39;%2F%3E\" data-czlz data-src=\"https:\/\/yestigroup.com\/fr\/wp-content\/uploads\/2022\/08\/yesti-acilimi-rev.jpg\" class=\"attachment-full\" alt=\"\" data-srcset=\"https:\/\/yestigroup.com\/fr\/wp-content\/uploads\/2022\/08\/yesti-acilimi-rev.jpg 1920w, https:\/\/yestigroup.com\/fr\/wp-content\/uploads\/2022\/08\/yesti-acilimi-rev-300x169.jpg 300w, https:\/\/yestigroup.com\/fr\/wp-content\/uploads\/2022\/08\/yesti-acilimi-rev-1024x576.jpg 1024w, https:\/\/yestigroup.com\/fr\/wp-content\/uploads\/2022\/08\/yesti-acilimi-rev-768x432.jpg 768w, https:\/\/yestigroup.com\/fr\/wp-content\/uploads\/2022\/08\/yesti-acilimi-rev-1536x864.jpg 1536w, https:\/\/yestigroup.com\/fr\/wp-content\/uploads\/2022\/08\/yesti-acilimi-rev-600x338.jpg 600w\" data-sizes=\"(max-width: 1920px) 100vw, 1920px\" \/><\/div><\/div><\/div><\/div>[\/vc_column][\/vc_row][vc_row][vc_column]<div class=\"cz_gap clr  hide_on_tablet hide_on_mobile\" style=\"height: 50px\"><\/div><div class=\"cz_gap show_on_tablet clr \" style=\"height: 0px\"><\/div><div id=\"cz_66821\" class=\"cz_66821 cz_title clr cz_mobile_text_center cz_title_pos_inline\"><div class=\"cz_title_content\"><div class=\"cz_wpe_content\"><p>Une approche ax\u00e9e sur les solutions\/clients et une compr\u00e9hension du travail d&#8217;\u00e9quipe ont permis au Groupe Yesti de d\u00e9velopper des relations \u00e0 long terme avec ses clients et de livrer des projets de qualit\u00e9 en toute s\u00e9curit\u00e9 et dans les limites du budget. En cons\u00e9quence, Groupe Yesti est maintenant devenue une entreprise desservant trois continents.<\/p>\n<p>&nbsp;<\/p>\n<p>Apr\u00e8s s&#8217;\u00eatre \u00e9tendu sur une vaste zone, Groupe Yesti a ouvert une filiale au Burkina Faso, en Afrique, en avril 2022, dans le but d\u2019acc\u00e9l\u00e9rer le processus op\u00e9rationnel des projets \u00e0 l&#8217;\u00e9tranger et d\u2019assurer une gestion commerciale plus efficace.<\/p>\n<p>&nbsp;<\/p>\n<p>Notre objectif principal est de pr\u00e9venir la pollution de l&#8217;air, de l&#8217;eau et du sol, conform\u00e9ment \u00e0 notre compr\u00e9hension des priorit\u00e9s environnementales et \u00e0 notre approche de respect de la nature depuis notre cr\u00e9ation. Pour ce faire, nous respectons les lois environnementales et les r\u00e9glementations administratives, utilisons des mat\u00e9riaux de construction respectueux de l&#8217;environnement dans tous les processus de production, auditons en permanence le syst\u00e8me de gestion environnementale applicable et dispensons les formations n\u00e9cessaires, assurons la sensibilisation \u00e0 l&#8217;environnement de tous les employ\u00e9s, fournisseurs et sous-traitants. De cette mani\u00e8re, nous visons \u00e0 laisser un environnement vivable aux futures g\u00e9n\u00e9rations. Nous travaillons dur pour laisser un environnement vert derri\u00e8re nous.<\/p>\n<p>&nbsp;<\/p>\n<p>Comme preuve de notre engagement en mati\u00e8re de la durabilit\u00e9, nous sommes heureux d&#8217;annoncer que nous avons obtenu les certifications suivantes bas\u00e9es sur des normes internationales et des certifications locales.<\/p>\n<p>&nbsp;<\/p>\n<ul>\n<li>ISO 9001 &#8211; Syst\u00e8me de gestion de la qualit\u00e9<\/li>\n<li>ISO 14001 &#8211; Syst\u00e8me de gestion environnementale<\/li>\n<li>ISO 45001 &#8211; Syst\u00e8me de gestion de la sant\u00e9 et de la s\u00e9curit\u00e9 au travail<\/li>\n<li>T\u00dcV S\u00dcD &#8211; Certificat de soudeur en plastique<\/li>\n<\/ul>\n<p>Lorsque nous nous effor\u00e7ons d&#8217;aller au-del\u00e0 des attentes de nos clients gr\u00e2ce \u00e0 notre expertise, notre innovation, notre d\u00e9vouement \u00e0 la qualit\u00e9 et \u00e0 l&#8217;int\u00e9grit\u00e9, nous serons heureux de vous proposer des solutions conformes et sur mesure.<\/p>\n<\/div><\/div><\/div><div class=\"cz_gap clr  hide_on_tablet hide_on_mobile\" style=\"height: 110px\"><\/div><div class=\"cz_gap show_on_tablet clr \" style=\"height: 0px\"><\/div>[\/vc_column][\/vc_row][vc_row full_width=&#8221;stretch_row&#8221; parallax=&#8221;content-moving&#8221; parallax_image=&#8221;398&#8243; parallax_speed_bg=&#8221;3&#8243; css=&#8221;.vc_custom_1663247458892{padding-top: 100px !important;padding-bottom: 100px !important;}&#8221;][vc_column width=&#8221;1\/2&#8243;]<div id=\"cz_82956\" class=\"cz_82956 cz_title clr cz_title_pos_inline wpb_animate_when_almost_visible fadeInDown\"><div class=\"cz_title_content\"><div class=\"cz_wpe_content\"><h3 style=\"text-align: left;\"><span style=\"color: #ffffff;\"><strong> VISION<\/strong><\/span><\/h3>\n<\/div><\/div><\/div><div id=\"cz_53034\" class=\"cz_53034 cz_title clr cz_mobile_text_center cz_title_pos_inline\"><div class=\"cz_title_content\"><div class=\"cz_wpe_content\"><p><span style=\"color: #ffffff;\"><br \/>\nLa vision d&#8217;entreprise du Groupe Yesti est d\u2019assurer la satisfaction de nos clients en privil\u00e9giant le leadership dans nos principaux domaines d&#8217;activit\u00e9s (isolation g\u00e9osynth\u00e9tique, construction et structures pr\u00e9fabriqu\u00e9es) tout en respectant notre philosophie d&#8217;ouverture au d\u00e9veloppement et de gestion \u00e9cologiste, ainsi que d&#8217;entreprise des projets de classe mondiale et de les mettre en \u0153uvre avec nos pratiques innovantes.<\/span><\/p>\n<\/div><\/div><\/div>[\/vc_column][vc_column width=&#8221;1\/2&#8243;]<div id=\"cz_54126\" class=\"cz_54126 cz_title clr cz_title_pos_inline tar hide_on_mobile wpb_animate_when_almost_visible fadeInDown\"><div class=\"cz_title_content\"><div class=\"cz_wpe_content\"><h3 style=\"text-align: right;\"><span style=\"color: #ffffff;\"><strong> MISSION <\/strong><\/span><\/h3>\n<\/div><\/div><\/div><div id=\"cz_82844\" class=\"cz_82844 cz_title clr cz_title_pos_inline tar hide_on_desktop hide_on_tablet show_on_mobile wpb_animate_when_almost_visible fadeInDown\"><div class=\"cz_title_content\"><div class=\"cz_wpe_content\"><h3 style=\"text-align: right;\"><span style=\"color: #ffffff;\"><strong> MISSION <\/strong><\/span><\/h3>\n<\/div><\/div><\/div><div id=\"cz_41440\" class=\"cz_41440 cz_title clr cz_mobile_text_center cz_title_pos_inline\"><div class=\"cz_title_content\"><div class=\"cz_wpe_content\"><p><span style=\"color: #ffffff;\"><br \/>\nLa mission d&#8217;entreprise de Yesti Group est la suivante : En ad\u00e9quation avec les souhaits et les besoins de nos clients, en suivant de pr\u00e8s les \u00e9volutions de nos principaux domaines d&#8217;activit\u00e9 (isolation g\u00e9osynth\u00e9tique, construction et structures pr\u00e9fabriqu\u00e9es), assurer la circulation de l&#8217;information en parall\u00e8le \u00e0 ces d\u00e9veloppements et de partager ces informations avec nos employ\u00e9s, sous-traitants, fournisseurs et le public.<\/span><\/p>\n<\/div><\/div><\/div>[\/vc_column][\/vc_row]<\/p>\n","protected":false},"excerpt":{"rendered":"<p>[vc_row][vc_column][\/vc_column][\/vc_row][vc_row full_width=&#8221;stretch_row&#8221;][vc_column width=&#8221;1\/2&#8243;][\/vc_column][vc_column width=&#8221;1\/2&#8243;][\/vc_column][\/vc_row][vc_row][vc_column][\/vc_column][\/vc_row][vc_row full_width=&#8221;stretch_row&#8221; parallax=&#8221;content-moving&#8221; parallax_image=&#8221;398&#8243; parallax_speed_bg=&#8221;3&#8243; css=&#8221;.vc_custom_1663247458892{padding-top: 100px !important;padding-bottom: &#8230; <\/p>\n","protected":false},"author":1,"featured_media":0,"parent":0,"menu_order":11,"comment_status":"closed","ping_status":"closed","template":"","meta":[],"_links":{"self":[{"href":"https:\/\/yestigroup.com\/fr\/wp-json\/wp\/v2\/pages\/1184"}],"collection":[{"href":"https:\/\/yestigroup.com\/fr\/wp-json\/wp\/v2\/pages"}],"about":[{"href":"https:\/\/yestigroup.com\/fr\/wp-json\/wp\/v2\/types\/page"}],"author":[{"embeddable":true,"href":"https:\/\/yestigroup.com\/fr\/wp-json\/wp\/v2\/users\/1"}],"replies":[{"embeddable":true,"href":"https:\/\/yestigroup.com\/fr\/wp-json\/wp\/v2\/comments?post=1184"}],"version-history":[{"count":52,"href":"https:\/\/yestigroup.com\/fr\/wp-json\/wp\/v2\/pages\/1184\/revisions"}],"predecessor-version":[{"id":3129,"href":"https:\/\/yestigroup.com\/fr\/wp-json\/wp\/v2\/pages\/1184\/revisions\/3129"}],"wp:attachment":[{"href":"https:\/\/yestigroup.com\/fr\/wp-json\/wp\/v2\/media?parent=1184"}],"curies":[{"name":"wp","href":"https:\/\/api.w.org\/{rel}","templated":true}]}}