{"id":1217,"date":"2021-06-05T18:02:26","date_gmt":"2021-06-05T15:02:26","guid":{"rendered":"https:\/\/yesti.com.tr\/?page_id=1217"},"modified":"2022-10-21T13:16:28","modified_gmt":"2022-10-21T10:16:28","slug":"politique-de-qualite","status":"publish","type":"page","link":"https:\/\/yestigroup.com\/fr\/politique-de-qualite\/","title":{"rendered":"Politique de Qualit\u00e9"},"content":{"rendered":"<p>[vc_row full_width=&#8221;stretch_row&#8221; equal_height=&#8221;yes&#8221; content_placement=&#8221;middle&#8221;][vc_column width=&#8221;1\/2&#8243;]<div id=\"cz_25448\" class=\"cz_25448 cz_title clr cz_mobile_text_center cz_title_pos_inline\"><div class=\"cz_title_content\"><div class=\"cz_wpe_content\"><p>La politique qualit\u00e9 de Groupe Yesti: Mettre en \u0153uvre et contr\u00f4ler efficacement tous les syst\u00e8mes de gestion et de production pour lesquels nous avons re\u00e7u des certificats de qualit\u00e9 internationaux, d\u00e9tecter et mettre en \u0153uvre des mesures correctives et\/ou pr\u00e9ventives en intervenant sur toutes les erreurs et non-conformit\u00e9s \u00e9ventuelles dans les meilleurs d\u00e9lais, assurer la continuit\u00e9 de l&#8217;efficacit\u00e9 et de la performance de notre entreprise pour atteindre nos objectifs en augmentant la satisfaction de nos clients dans cette direction.<\/p>\n<\/div><\/div><\/div><div class=\"cz_gap clr  hide_on_tablet hide_on_mobile\" style=\"height: 50px\"><\/div><div class=\"cz_gap show_on_tablet clr \" style=\"height: 30px\"><\/div>[\/vc_column][vc_column width=&#8221;1\/2&#8243;]<div id=\"cz_25587\" class=\"cz_25587 cz_image clr cz_image_no_fx center_on_mobile\"><div class=\"cz_svg_bg\" ><div class=\"cz_image_in\" data-tilt><div class=\"cz_main_image\"><img width=\"770\" height=\"563\" src=\"data:image\/svg+xml,%3Csvg%20xmlns%3D&#39;http%3A%2F%2Fwww.w3.org%2F2000%2Fsvg&#39;%20width=&#39;770&#39;%20height=&#39;563&#39;%20viewBox%3D&#39;0%200%20770%20563&#39;%2F%3E\" data-czlz data-src=\"https:\/\/yestigroup.com\/fr\/wp-content\/uploads\/2021\/06\/lapseki-altin-madeni-3.jpg\" class=\"attachment-full\" alt=\"lapseki alt\u0131n madeni\" data-srcset=\"https:\/\/yestigroup.com\/fr\/wp-content\/uploads\/2021\/06\/lapseki-altin-madeni-3.jpg 770w, https:\/\/yestigroup.com\/fr\/wp-content\/uploads\/2021\/06\/lapseki-altin-madeni-3-300x219.jpg 300w, https:\/\/yestigroup.com\/fr\/wp-content\/uploads\/2021\/06\/lapseki-altin-madeni-3-768x562.jpg 768w, https:\/\/yestigroup.com\/fr\/wp-content\/uploads\/2021\/06\/lapseki-altin-madeni-3-600x439.jpg 600w\" data-sizes=\"(max-width: 770px) 100vw, 770px\" \/><\/div><\/div><\/div><\/div>[\/vc_column][\/vc_row]<\/p>\n","protected":false},"excerpt":{"rendered":"<p>[vc_row full_width=&#8221;stretch_row&#8221; equal_height=&#8221;yes&#8221; content_placement=&#8221;middle&#8221;][vc_column width=&#8221;1\/2&#8243;][\/vc_column][vc_column width=&#8221;1\/2&#8243;][\/vc_column][\/vc_row] &#8230; <\/p>\n","protected":false},"author":1,"featured_media":0,"parent":0,"menu_order":19,"comment_status":"closed","ping_status":"closed","template":"","meta":[],"_links":{"self":[{"href":"https:\/\/yestigroup.com\/fr\/wp-json\/wp\/v2\/pages\/1217"}],"collection":[{"href":"https:\/\/yestigroup.com\/fr\/wp-json\/wp\/v2\/pages"}],"about":[{"href":"https:\/\/yestigroup.com\/fr\/wp-json\/wp\/v2\/types\/page"}],"author":[{"embeddable":true,"href":"https:\/\/yestigroup.com\/fr\/wp-json\/wp\/v2\/users\/1"}],"replies":[{"embeddable":true,"href":"https:\/\/yestigroup.com\/fr\/wp-json\/wp\/v2\/comments?post=1217"}],"version-history":[{"count":15,"href":"https:\/\/yestigroup.com\/fr\/wp-json\/wp\/v2\/pages\/1217\/revisions"}],"predecessor-version":[{"id":2986,"href":"https:\/\/yestigroup.com\/fr\/wp-json\/wp\/v2\/pages\/1217\/revisions\/2986"}],"wp:attachment":[{"href":"https:\/\/yestigroup.com\/fr\/wp-json\/wp\/v2\/media?parent=1217"}],"curies":[{"name":"wp","href":"https:\/\/api.w.org\/{rel}","templated":true}]}}