{"id":1228,"date":"2021-06-05T18:11:24","date_gmt":"2021-06-05T15:11:24","guid":{"rendered":"https:\/\/yesti.com.tr\/?page_id=1228"},"modified":"2022-10-21T13:30:23","modified_gmt":"2022-10-21T10:30:23","slug":"le-message-du-president","status":"publish","type":"page","link":"https:\/\/yestigroup.com\/fr\/le-message-du-president\/","title":{"rendered":"Le Message du Pr\u00e9sident"},"content":{"rendered":"<p>[vc_row full_width=&#8221;stretch_row&#8221;][vc_column width=&#8221;2\/3&#8243;]<div id=\"cz_18917\" class=\"cz_18917 cz_title clr cz_mobile_text_center cz_title_pos_inline\"><div class=\"cz_title_content\"><div class=\"cz_wpe_content\"><p>Lorsque nous avons cr\u00e9\u00e9 notre entreprise au d\u00e9but des ann\u00e9es 90, nous avons d\u00e9termin\u00e9 notre principe prioritaire et indispensable comme suit ; &#8220;La qualit\u00e9 et la satisfaction du client peuvent \u00eatre acquises initialement avec le personnel, ensuite avec la technologie de pointe.&#8221;<\/p>\n<p>&nbsp;<\/p>\n<p>Conform\u00e9ment \u00e0 ce principe, la s\u00e9curit\u00e9 au travail, la qualit\u00e9 et la satisfaction du client ont toujours \u00e9t\u00e9 parmi nos priorit\u00e9s. Au lieu de faire un travail sans tenir compte de ces priorit\u00e9s, nous avons choisi de ne pas le faire car si ces priorit\u00e9s sont ignor\u00e9es ;<\/p>\n<p>&nbsp;<\/p>\n<ul>\n<li style=\"font-weight: 400;\" aria-level=\"1\"><span style=\"font-weight: 400;\">D&#8217;autres peuvent \u00eatre bless\u00e9s.<\/span><\/li>\n<li style=\"font-weight: 400;\" aria-level=\"1\"><span style=\"font-weight: 400;\">Les projets risquent co\u00fbter plus cher que pr\u00e9vu.<\/span><\/li>\n<li style=\"font-weight: 400;\" aria-level=\"1\"><span style=\"font-weight: 400;\">Par cons\u00e9quent, ceci pourrait \u00eatre notre dernier projet.<\/span><\/li>\n<\/ul>\n<p>&nbsp;<\/p>\n<p>Ainsi, comme indiqu\u00e9 dans la rubrique \u201c<b>mission<\/b> et <b>vision<\/b>\u201d;<\/p>\n<p>&nbsp;<\/p>\n<ul>\n<li>La sant\u00e9 et la s\u00e9curit\u00e9 au travail sont toujours au premier plan de nos pr\u00e9occupations.<\/li>\n<li>Les besoins de nos clients figurent parmi nos priorit\u00e9s.<\/li>\n<li>Nous accueillons les innovations.<\/li>\n<li>Le plus haut niveau d&#8217;\u00e9thique commerciale, de responsabilit\u00e9 et d&#8217;honn\u00eatet\u00e9 font partie de nos conditions sine qua non.<\/li>\n<li>Nous nous mettons constamment \u00e0 jour pour r\u00e9pondre aux technologies les plus avanc\u00e9es et aux normes les plus \u00e9lev\u00e9es du secteur.<\/li>\n<li>Nous attachons une grande importance au respect de l&#8217;environnement et \u00e0 la durabilit\u00e9 de nos activit\u00e9s.<\/li>\n<li>Nous travaillons durement pour remplir honn\u00eatement nos responsabilit\u00e9s sociales pour le bien-\u00eatre de la soci\u00e9t\u00e9 dans laquelle nous travaillons.<\/li>\n<\/ul>\n<p>&nbsp;<\/p>\n<p>Nous sommes fiers d&#8217;avoir accompli de nombreux projets prestigieux au cours de ces 30 derni\u00e8res ann\u00e9es. Conform\u00e9ment \u00e0 notre strat\u00e9gie d&#8217;am\u00e9lioration continue, nous d\u00e9ployons de grands efforts pour accro\u00eetre la performance de nos employ\u00e9s et l&#8217;efficacit\u00e9 de nos \u00e9quipements afin d&#8217;offrir des services innovants \u00e0 nos pr\u00e9cieux clients.<\/p>\n<p>&nbsp;<\/p>\n<p>Je souhaite profiter de cette occasion pour remercier nos employ\u00e9s, nos partenaires commerciaux ainsi que nos clients qui ne nous ont fourni leur soutien et leurs contributions depuis le premier jour de la cr\u00e9ation de notre entreprise.<\/p>\n<p>&nbsp;<\/p>\n<p><strong>Respectueusement,<\/strong><\/p>\n<p><strong>E. Murat PEKEL<\/strong><\/p>\n<p><strong>Pr\u00e9sident du Conseil d\u2019Administration<\/strong><\/p>\n<\/div><\/div><\/div><div class=\"cz_gap clr  hide_on_tablet hide_on_mobile\" style=\"height: 50px\"><\/div><div class=\"cz_gap show_on_tablet clr \" style=\"height: 30px\"><\/div>[\/vc_column][vc_column width=&#8221;1\/3&#8243;]<div id=\"cz_35345\" class=\"cz_35345 cz_image clr cz_image_no_fx center_on_mobile\"><div class=\"cz_svg_bg\" ><div class=\"cz_image_in\" data-tilt><div class=\"cz_main_image\"><img width=\"500\" height=\"737\" src=\"data:image\/svg+xml,%3Csvg%20xmlns%3D&#39;http%3A%2F%2Fwww.w3.org%2F2000%2Fsvg&#39;%20width=&#39;500&#39;%20height=&#39;737&#39;%20viewBox%3D&#39;0%200%20500%20737&#39;%2F%3E\" data-czlz data-src=\"https:\/\/yestigroup.com\/fr\/wp-content\/uploads\/2021\/06\/boss.png\" class=\"attachment-full\" alt=\"\" data-srcset=\"https:\/\/yestigroup.com\/fr\/wp-content\/uploads\/2021\/06\/boss.png 500w, https:\/\/yestigroup.com\/fr\/wp-content\/uploads\/2021\/06\/boss-204x300.png 204w\" data-sizes=\"(max-width: 500px) 100vw, 500px\" \/><\/div><\/div><\/div><\/div>[\/vc_column][\/vc_row]<\/p>\n","protected":false},"excerpt":{"rendered":"<p>[vc_row full_width=&#8221;stretch_row&#8221;][vc_column width=&#8221;2\/3&#8243;][\/vc_column][vc_column width=&#8221;1\/3&#8243;][\/vc_column][\/vc_row] &#8230; <\/p>\n","protected":false},"author":1,"featured_media":0,"parent":0,"menu_order":3,"comment_status":"closed","ping_status":"closed","template":"","meta":[],"_links":{"self":[{"href":"https:\/\/yestigroup.com\/fr\/wp-json\/wp\/v2\/pages\/1228"}],"collection":[{"href":"https:\/\/yestigroup.com\/fr\/wp-json\/wp\/v2\/pages"}],"about":[{"href":"https:\/\/yestigroup.com\/fr\/wp-json\/wp\/v2\/types\/page"}],"author":[{"embeddable":true,"href":"https:\/\/yestigroup.com\/fr\/wp-json\/wp\/v2\/users\/1"}],"replies":[{"embeddable":true,"href":"https:\/\/yestigroup.com\/fr\/wp-json\/wp\/v2\/comments?post=1228"}],"version-history":[{"count":9,"href":"https:\/\/yestigroup.com\/fr\/wp-json\/wp\/v2\/pages\/1228\/revisions"}],"predecessor-version":[{"id":2992,"href":"https:\/\/yestigroup.com\/fr\/wp-json\/wp\/v2\/pages\/1228\/revisions\/2992"}],"wp:attachment":[{"href":"https:\/\/yestigroup.com\/fr\/wp-json\/wp\/v2\/media?parent=1228"}],"curies":[{"name":"wp","href":"https:\/\/api.w.org\/{rel}","templated":true}]}}