{"id":1229,"date":"2021-06-05T18:08:58","date_gmt":"2021-06-05T15:08:58","guid":{"rendered":"https:\/\/yesti.com.tr\/?page_id=1229"},"modified":"2022-10-21T13:24:46","modified_gmt":"2022-10-21T10:24:46","slug":"politique-environnementale","status":"publish","type":"page","link":"https:\/\/yestigroup.com\/fr\/politique-environnementale\/","title":{"rendered":"Politique Environnementale"},"content":{"rendered":"<p>[vc_row full_width=&#8221;stretch_row&#8221;][vc_column width=&#8221;1\/6&#8243;][\/vc_column][vc_column width=&#8221;2\/3&#8243;]<div id=\"cz_13823\" class=\"cz_13823 cz_title clr cz_mobile_text_center cz_title_pos_inline\"><div class=\"cz_title_content\"><div class=\"cz_wpe_content\"><p>Group Yesti s&#8217;engage sur les points suivants pour s&#8217;assurer que toutes les mesures environnementales n\u00e9cessaires sont prises pour \u00e9liminer ou contr\u00f4ler les risques d&#8217;impact environnemental pouvant d\u00e9couler des activit\u00e9s mises en \u0153uvre dans tous les domaines de travail et s&#8217;assurer que les activit\u00e9s du projet se d\u00e9roulent avec succ\u00e8s;<\/p>\n<p>&nbsp;<\/p>\n<ul>\n<li>Respecter la l\u00e9gislation environnementale nationale dans les projets nationaux \u00e0 r\u00e9aliser et se conformer aux normes environnementales de chaque r\u00e9gion concern\u00e9e dans le cadre des projets internationaux,<\/li>\n<li>Afin d&#8217;assurer la protection de l&#8217;environnement dans les activit\u00e9s \u00e0 exercer, tous les types de dangers susceptibles d&#8217;affecter l&#8217;\u00e9quilibre environnemental sont d\u00e9finis et les risques environnementaux d\u00e9coulant des dangers sont ma\u00eetris\u00e9s en appliquant les mesures n\u00e9cessaires,<\/li>\n<li>\u00c9valuer l&#8217;efficacit\u00e9 de la performance environnementale des modes op\u00e9ratoires et des \u00e9quipements de travail \u00e0 utiliser dans les activit\u00e9s en suivant les nouvelles technologies et les mises \u00e0 jour l\u00e9gislatives,<\/li>\n<li>\u00c9tablir un syst\u00e8me de gestion des d\u00e9chets dans toutes les zones de projet et d&#8217;activit\u00e9 et mettre en \u0153uvre efficacement la gestion des d\u00e9chets,<\/li>\n<li>Am\u00e9liorer de mani\u00e8re continue des connaissances environnementales et de la sensibilisation environnementale de tous les employ\u00e9s \u00e0 tous les niveaux de l&#8217;entreprise dans tous les domaines d&#8217;activit\u00e9 gr\u00e2ce \u00e0 des formations r\u00e9guli\u00e8res,<\/li>\n<li>Mise en place d&#8217;un syst\u00e8me de management environnemental afin d&#8217;\u00e9liminer ou de ma\u00eetriser les impacts environnementaux, r\u00e9aliser des contr\u00f4les et audits environnementaux r\u00e9guliers et durables, et fournir les moyens n\u00e9cessaires pour ceux-ci,<\/li>\n<li>\u00c9valuation de l&#8217;efficacit\u00e9 \u00e9nerg\u00e9tique en fonction des activit\u00e9s dans toutes les zones du projet et examen r\u00e9gulier des mesures existantes et de la n\u00e9cessit\u00e9 de mesures suppl\u00e9mentaires afin d&#8217;augmenter l&#8217;efficacit\u00e9,<\/li>\n<li>Surveillance continue des impacts environnementaux des activit\u00e9s sur les zones environnantes et les agglom\u00e9rations voisines, le cas \u00e9ch\u00e9ant, dans toutes les zones de travail, et \u00e9valuation r\u00e9guli\u00e8re des impacts possibles et de la n\u00e9cessit\u00e9 de mesures suppl\u00e9mentaires,<\/li>\n<li>Prot\u00e9ger l&#8217;\u00e9quilibre \u00e9cologique et la vie naturelle dans les zones du projet et \u00e0 chaque \u00e9tape des activit\u00e9s,<\/li>\n<li>Minimiser dans la mesure du possible la consommation de ressources et \u00e0 utiliser efficacement les ressources dans toutes les activit\u00e9s.<\/li>\n<\/ul>\n<p>&nbsp;<\/p>\n<p>Le Groupe Yesti a appliqu\u00e9 le principe de mettre en \u0153uvre et de d\u00e9velopper durablement une politique environnementale dans tous les domaines de ses activit\u00e9s en veillant \u00e0 ce qu&#8217;elle atteigne toutes les parties prenantes.<\/p>\n<\/div><\/div><\/div><div class=\"cz_gap clr  hide_on_tablet hide_on_mobile\" style=\"height: 50px\"><\/div><div class=\"cz_gap show_on_tablet clr \" style=\"height: 30px\"><\/div>[\/vc_column][vc_column width=&#8221;1\/6&#8243;][\/vc_column][\/vc_row]<\/p>\n","protected":false},"excerpt":{"rendered":"<p>[vc_row full_width=&#8221;stretch_row&#8221;][vc_column width=&#8221;1\/6&#8243;][\/vc_column][vc_column width=&#8221;2\/3&#8243;][\/vc_column][vc_column width=&#8221;1\/6&#8243;][\/vc_column][\/vc_row] &#8230; <\/p>\n","protected":false},"author":1,"featured_media":0,"parent":0,"menu_order":5,"comment_status":"closed","ping_status":"closed","template":"","meta":[],"_links":{"self":[{"href":"https:\/\/yestigroup.com\/fr\/wp-json\/wp\/v2\/pages\/1229"}],"collection":[{"href":"https:\/\/yestigroup.com\/fr\/wp-json\/wp\/v2\/pages"}],"about":[{"href":"https:\/\/yestigroup.com\/fr\/wp-json\/wp\/v2\/types\/page"}],"author":[{"embeddable":true,"href":"https:\/\/yestigroup.com\/fr\/wp-json\/wp\/v2\/users\/1"}],"replies":[{"embeddable":true,"href":"https:\/\/yestigroup.com\/fr\/wp-json\/wp\/v2\/comments?post=1229"}],"version-history":[{"count":5,"href":"https:\/\/yestigroup.com\/fr\/wp-json\/wp\/v2\/pages\/1229\/revisions"}],"predecessor-version":[{"id":2990,"href":"https:\/\/yestigroup.com\/fr\/wp-json\/wp\/v2\/pages\/1229\/revisions\/2990"}],"wp:attachment":[{"href":"https:\/\/yestigroup.com\/fr\/wp-json\/wp\/v2\/media?parent=1229"}],"curies":[{"name":"wp","href":"https:\/\/api.w.org\/{rel}","templated":true}]}}