{"id":154,"date":"2017-06-10T20:59:43","date_gmt":"2017-06-10T20:59:43","guid":{"rendered":"http:\/\/xtratheme.comarchitect\/shop\/"},"modified":"2022-11-22T17:29:20","modified_gmt":"2022-11-22T14:29:20","slug":"produits","status":"publish","type":"page","link":"https:\/\/yestigroup.com\/fr\/produits\/","title":{"rendered":"Produits"},"content":{"rendered":"<p>[vc_row][vc_column]<div id=\"cz_103708\" class=\"cz_103708\"><div class=\"cz_grid cz_grid_1 clr cz_grid_c3 cz_grid_1_title_sub_after cz_grid_1_subtitle_on_img cz_grid_1_mid tac cz_grid_zin cz_grid_overlay_10px cz_single_line_title cz_grid_two_columns_on_mobile cz_meta_all_center\" data-gap=\"40\" data-atts='{\"action\":\"cz_ajax_posts\",\"post_class\":\"cz_grid_item\",\"post__in\":null,\"author__in\":null,\"nonce\":\"fdf80cf96a\",\"nonce_id\":\"cz_103708\",\"loadmore_end\":\"Not found more posts\",\"layout\":\"cz_grid_c3\",\"hover\":\"cz_grid_1_title_sub_after cz_grid_1_subtitle_on_img\",\"image_size\":\"full\",\"subtitles\":\"%5B%5D\",\"subtitle_pos\":\"\",\"icon\":\"fa czico-121-signs\",\"el\":\"\",\"title_lenght\":\"\",\"cat_tax\":\"portfolio_cat\",\"cat\":\"59\",\"cat_exclude\":\"\",\"tag_tax\":\"category\",\"tag_id\":\"\",\"tag_exclude\":\"\",\"post_type\":\"portfolio\",\"posts_per_page\":\"24\",\"order\":\"ASC\",\"orderby\":\"date\",\"tilt_data\":null,\"svg_sizes\":[\"0\",\"0\"],\"img_fx\":\"cz_grid_inset_clip_1x\",\"custom_size\":\"full\",\"excerpt_rm\":\"\",\"title_tag\":\"h3\",\"s\":\"\"}' data-animation=\"cz_grid_anim_move_left\"><div class=\"cz_grid_item cz_grid_first\"><\/div><div data-id=\"1103\" class=\"cz_grid_item  cz_posts_list_even post-1103 portfolio type-portfolio status-publish format-standard has-post-thumbnail hentry portfolio_cat-produits\"><div class=\"clr\"><a class=\"cz_grid_link cz_grid_inset_clip_1x\" href=\"https:\/\/yestigroup.com\/fr\/portfolio\/geomembrane\/\"><img width=\"700\" height=\"350\" src=\"data:image\/svg+xml,%3Csvg%20xmlns%3D&#39;http%3A%2F%2Fwww.w3.org%2F2000%2Fsvg&#39;%20width=&#39;700&#39;%20height=&#39;350&#39;%20viewBox%3D&#39;0%200%20700%20350&#39;%2F%3E\" data-czlz data-src=\"https:\/\/yestigroup.com\/fr\/wp-content\/uploads\/2021\/06\/13.jpg\" class=\"attachment-full\" alt=\"\" data-srcset=\"https:\/\/yestigroup.com\/fr\/wp-content\/uploads\/2021\/06\/13.jpg 700w, https:\/\/yestigroup.com\/fr\/wp-content\/uploads\/2021\/06\/13-300x150.jpg 300w, https:\/\/yestigroup.com\/fr\/wp-content\/uploads\/2021\/06\/13-600x300.jpg 600w\" data-sizes=\"(max-width: 700px) 100vw, 700px\" \/><div class=\"cz_grid_details\"><\/div><\/a><div class=\"cz_grid_details cz_grid_details_outside\"><a class=\"cz_grid_title\" href=\"https:\/\/yestigroup.com\/fr\/portfolio\/geomembrane\/\"><h3>G\u00e9omembrane<\/h3><\/a><\/div><\/div><\/div><div data-id=\"1107\" class=\"cz_grid_item  cz_posts_list_odd post-1107 portfolio type-portfolio status-publish format-standard has-post-thumbnail hentry portfolio_cat-produits\"><div class=\"clr\"><a class=\"cz_grid_link cz_grid_inset_clip_1x\" href=\"https:\/\/yestigroup.com\/fr\/portfolio\/geotextile\/\"><img width=\"700\" height=\"350\" src=\"data:image\/svg+xml,%3Csvg%20xmlns%3D&#39;http%3A%2F%2Fwww.w3.org%2F2000%2Fsvg&#39;%20width=&#39;700&#39;%20height=&#39;350&#39;%20viewBox%3D&#39;0%200%20700%20350&#39;%2F%3E\" data-czlz data-src=\"https:\/\/yestigroup.com\/fr\/wp-content\/uploads\/2021\/06\/14.jpg\" class=\"attachment-full\" alt=\"\" data-srcset=\"https:\/\/yestigroup.com\/fr\/wp-content\/uploads\/2021\/06\/14.jpg 700w, https:\/\/yestigroup.com\/fr\/wp-content\/uploads\/2021\/06\/14-300x150.jpg 300w, https:\/\/yestigroup.com\/fr\/wp-content\/uploads\/2021\/06\/14-600x300.jpg 600w\" data-sizes=\"(max-width: 700px) 100vw, 700px\" \/><div class=\"cz_grid_details\"><\/div><\/a><div class=\"cz_grid_details cz_grid_details_outside\"><a class=\"cz_grid_title\" href=\"https:\/\/yestigroup.com\/fr\/portfolio\/geotextile\/\"><h3>G\u00e9otextile<\/h3><\/a><\/div><\/div><\/div><div data-id=\"1110\" class=\"cz_grid_item  cz_posts_list_even post-1110 portfolio type-portfolio status-publish format-standard has-post-thumbnail hentry portfolio_cat-produits\"><div class=\"clr\"><a class=\"cz_grid_link cz_grid_inset_clip_1x\" href=\"https:\/\/yestigroup.com\/fr\/portfolio\/geonet\/\"><img width=\"700\" height=\"350\" src=\"data:image\/svg+xml,%3Csvg%20xmlns%3D&#39;http%3A%2F%2Fwww.w3.org%2F2000%2Fsvg&#39;%20width=&#39;700&#39;%20height=&#39;350&#39;%20viewBox%3D&#39;0%200%20700%20350&#39;%2F%3E\" data-czlz data-src=\"https:\/\/yestigroup.com\/fr\/wp-content\/uploads\/2021\/06\/12.jpg\" class=\"attachment-full\" alt=\"\" data-srcset=\"https:\/\/yestigroup.com\/fr\/wp-content\/uploads\/2021\/06\/12.jpg 700w, https:\/\/yestigroup.com\/fr\/wp-content\/uploads\/2021\/06\/12-300x150.jpg 300w, https:\/\/yestigroup.com\/fr\/wp-content\/uploads\/2021\/06\/12-600x300.jpg 600w\" data-sizes=\"(max-width: 700px) 100vw, 700px\" \/><div class=\"cz_grid_details\"><\/div><\/a><div class=\"cz_grid_details cz_grid_details_outside\"><a class=\"cz_grid_title\" href=\"https:\/\/yestigroup.com\/fr\/portfolio\/geonet\/\"><h3>G\u00e9onet<\/h3><\/a><\/div><\/div><\/div><div data-id=\"1113\" class=\"cz_grid_item  cz_posts_list_odd post-1113 portfolio type-portfolio status-publish format-standard has-post-thumbnail hentry portfolio_cat-produits\"><div class=\"clr\"><a class=\"cz_grid_link cz_grid_inset_clip_1x\" href=\"https:\/\/yestigroup.com\/fr\/portfolio\/geotextile-conductif\/\"><img width=\"700\" height=\"350\" src=\"data:image\/svg+xml,%3Csvg%20xmlns%3D&#39;http%3A%2F%2Fwww.w3.org%2F2000%2Fsvg&#39;%20width=&#39;700&#39;%20height=&#39;350&#39;%20viewBox%3D&#39;0%200%20700%20350&#39;%2F%3E\" data-czlz data-src=\"https:\/\/yestigroup.com\/fr\/wp-content\/uploads\/2021\/06\/10.jpg\" class=\"attachment-full\" alt=\"\" data-srcset=\"https:\/\/yestigroup.com\/fr\/wp-content\/uploads\/2021\/06\/10.jpg 700w, https:\/\/yestigroup.com\/fr\/wp-content\/uploads\/2021\/06\/10-300x150.jpg 300w, https:\/\/yestigroup.com\/fr\/wp-content\/uploads\/2021\/06\/10-600x300.jpg 600w\" data-sizes=\"(max-width: 700px) 100vw, 700px\" \/><div class=\"cz_grid_details\"><\/div><\/a><div class=\"cz_grid_details cz_grid_details_outside\"><a class=\"cz_grid_title\" href=\"https:\/\/yestigroup.com\/fr\/portfolio\/geotextile-conductif\/\"><h3>G\u00e9otextile Conductif<\/h3><\/a><\/div><\/div><\/div><div data-id=\"1122\" class=\"cz_grid_item  cz_posts_list_even post-1122 portfolio type-portfolio status-publish format-standard has-post-thumbnail hentry portfolio_cat-produits\"><div class=\"clr\"><a class=\"cz_grid_link cz_grid_inset_clip_1x\" href=\"https:\/\/yestigroup.com\/fr\/portfolio\/rag-revetement-dargile-geosynthetique\/\"><img width=\"700\" height=\"350\" src=\"data:image\/svg+xml,%3Csvg%20xmlns%3D&#39;http%3A%2F%2Fwww.w3.org%2F2000%2Fsvg&#39;%20width=&#39;700&#39;%20height=&#39;350&#39;%20viewBox%3D&#39;0%200%20700%20350&#39;%2F%3E\" data-czlz data-src=\"https:\/\/yestigroup.com\/fr\/wp-content\/uploads\/2021\/06\/7.jpg\" class=\"attachment-full\" alt=\"\" data-srcset=\"https:\/\/yestigroup.com\/fr\/wp-content\/uploads\/2021\/06\/7.jpg 700w, https:\/\/yestigroup.com\/fr\/wp-content\/uploads\/2021\/06\/7-300x150.jpg 300w, https:\/\/yestigroup.com\/fr\/wp-content\/uploads\/2021\/06\/7-600x300.jpg 600w\" data-sizes=\"(max-width: 700px) 100vw, 700px\" \/><div class=\"cz_grid_details\"><\/div><\/a><div class=\"cz_grid_details cz_grid_details_outside\"><a class=\"cz_grid_title\" href=\"https:\/\/yestigroup.com\/fr\/portfolio\/rag-revetement-dargile-geosynthetique\/\"><h3>(RAG) Rev\u00eatement d&#8217;argile G\u00e9osynth\u00e9tique<\/h3><\/a><\/div><\/div><\/div><div data-id=\"1119\" class=\"cz_grid_item  cz_posts_list_odd post-1119 portfolio type-portfolio status-publish format-standard has-post-thumbnail hentry portfolio_cat-produits\"><div class=\"clr\"><a class=\"cz_grid_link cz_grid_inset_clip_1x\" href=\"https:\/\/yestigroup.com\/fr\/portfolio\/rag-lamine\/\"><img width=\"700\" height=\"350\" src=\"data:image\/svg+xml,%3Csvg%20xmlns%3D&#39;http%3A%2F%2Fwww.w3.org%2F2000%2Fsvg&#39;%20width=&#39;700&#39;%20height=&#39;350&#39;%20viewBox%3D&#39;0%200%20700%20350&#39;%2F%3E\" data-czlz data-src=\"https:\/\/yestigroup.com\/fr\/wp-content\/uploads\/2021\/06\/9.jpg\" class=\"attachment-full\" alt=\"\" data-srcset=\"https:\/\/yestigroup.com\/fr\/wp-content\/uploads\/2021\/06\/9.jpg 700w, https:\/\/yestigroup.com\/fr\/wp-content\/uploads\/2021\/06\/9-300x150.jpg 300w, https:\/\/yestigroup.com\/fr\/wp-content\/uploads\/2021\/06\/9-600x300.jpg 600w\" data-sizes=\"(max-width: 700px) 100vw, 700px\" \/><div class=\"cz_grid_details\"><\/div><\/a><div class=\"cz_grid_details cz_grid_details_outside\"><a class=\"cz_grid_title\" href=\"https:\/\/yestigroup.com\/fr\/portfolio\/rag-lamine\/\"><h3>RAG Lamin\u00e9<\/h3><\/a><\/div><\/div><\/div><div data-id=\"1116\" class=\"cz_grid_item  cz_posts_list_even post-1116 portfolio type-portfolio status-publish format-standard has-post-thumbnail hentry portfolio_cat-produits\"><div class=\"clr\"><a class=\"cz_grid_link cz_grid_inset_clip_1x\" href=\"https:\/\/yestigroup.com\/fr\/portfolio\/geocomposite-composite-de-drainage\/\"><img width=\"700\" height=\"350\" src=\"data:image\/svg+xml,%3Csvg%20xmlns%3D&#39;http%3A%2F%2Fwww.w3.org%2F2000%2Fsvg&#39;%20width=&#39;700&#39;%20height=&#39;350&#39;%20viewBox%3D&#39;0%200%20700%20350&#39;%2F%3E\" data-czlz data-src=\"https:\/\/yestigroup.com\/fr\/wp-content\/uploads\/2021\/06\/11.jpg\" class=\"attachment-full\" alt=\"\" data-srcset=\"https:\/\/yestigroup.com\/fr\/wp-content\/uploads\/2021\/06\/11.jpg 700w, https:\/\/yestigroup.com\/fr\/wp-content\/uploads\/2021\/06\/11-300x150.jpg 300w, https:\/\/yestigroup.com\/fr\/wp-content\/uploads\/2021\/06\/11-600x300.jpg 600w\" data-sizes=\"(max-width: 700px) 100vw, 700px\" \/><div class=\"cz_grid_details\"><\/div><\/a><div class=\"cz_grid_details cz_grid_details_outside\"><a class=\"cz_grid_title\" href=\"https:\/\/yestigroup.com\/fr\/portfolio\/geocomposite-composite-de-drainage\/\"><h3>G\u00e9ocomposite (Composite de Drainage)<\/h3><\/a><\/div><\/div><\/div><div data-id=\"1125\" class=\"cz_grid_item  cz_posts_list_odd post-1125 portfolio type-portfolio status-publish format-standard has-post-thumbnail hentry portfolio_cat-produits\"><div class=\"clr\"><a class=\"cz_grid_link cz_grid_inset_clip_1x\" href=\"https:\/\/yestigroup.com\/fr\/portfolio\/geogrille\/\"><img width=\"700\" height=\"350\" src=\"data:image\/svg+xml,%3Csvg%20xmlns%3D&#39;http%3A%2F%2Fwww.w3.org%2F2000%2Fsvg&#39;%20width=&#39;700&#39;%20height=&#39;350&#39;%20viewBox%3D&#39;0%200%20700%20350&#39;%2F%3E\" data-czlz data-src=\"https:\/\/yestigroup.com\/fr\/wp-content\/uploads\/2021\/06\/8.jpg\" class=\"attachment-full\" alt=\"\" data-srcset=\"https:\/\/yestigroup.com\/fr\/wp-content\/uploads\/2021\/06\/8.jpg 700w, https:\/\/yestigroup.com\/fr\/wp-content\/uploads\/2021\/06\/8-300x150.jpg 300w, https:\/\/yestigroup.com\/fr\/wp-content\/uploads\/2021\/06\/8-600x300.jpg 600w\" data-sizes=\"(max-width: 700px) 100vw, 700px\" \/><div class=\"cz_grid_details\"><\/div><\/a><div class=\"cz_grid_details cz_grid_details_outside\"><a class=\"cz_grid_title\" href=\"https:\/\/yestigroup.com\/fr\/portfolio\/geogrille\/\"><h3>G\u00e9ogrille<\/h3><\/a><\/div><\/div><\/div><div data-id=\"1129\" class=\"cz_grid_item  cz_posts_list_even post-1129 portfolio type-portfolio status-publish format-standard has-post-thumbnail hentry portfolio_cat-produits\"><div class=\"clr\"><a class=\"cz_grid_link cz_grid_inset_clip_1x\" href=\"https:\/\/yestigroup.com\/fr\/portfolio\/pvc-chlorure-de-polyvinyle\/\"><img width=\"700\" height=\"350\" src=\"data:image\/svg+xml,%3Csvg%20xmlns%3D&#39;http%3A%2F%2Fwww.w3.org%2F2000%2Fsvg&#39;%20width=&#39;700&#39;%20height=&#39;350&#39;%20viewBox%3D&#39;0%200%20700%20350&#39;%2F%3E\" data-czlz data-src=\"https:\/\/yestigroup.com\/fr\/wp-content\/uploads\/2021\/06\/6.jpg\" class=\"attachment-full\" alt=\"\" data-srcset=\"https:\/\/yestigroup.com\/fr\/wp-content\/uploads\/2021\/06\/6.jpg 700w, https:\/\/yestigroup.com\/fr\/wp-content\/uploads\/2021\/06\/6-300x150.jpg 300w, https:\/\/yestigroup.com\/fr\/wp-content\/uploads\/2021\/06\/6-600x300.jpg 600w\" data-sizes=\"(max-width: 700px) 100vw, 700px\" \/><div class=\"cz_grid_details\"><\/div><\/a><div class=\"cz_grid_details cz_grid_details_outside\"><a class=\"cz_grid_title\" href=\"https:\/\/yestigroup.com\/fr\/portfolio\/pvc-chlorure-de-polyvinyle\/\"><h3>PVC (Chlorure de Polyvinyle)<\/h3><\/a><\/div><\/div><\/div><div data-id=\"1132\" class=\"cz_grid_item  cz_posts_list_odd post-1132 portfolio type-portfolio status-publish format-standard has-post-thumbnail hentry portfolio_cat-produits\"><div class=\"clr\"><a class=\"cz_grid_link cz_grid_inset_clip_1x\" href=\"https:\/\/yestigroup.com\/fr\/portfolio\/profil-pehd-polyethylene-de-haute-densite\/\"><img width=\"700\" height=\"350\" src=\"data:image\/svg+xml,%3Csvg%20xmlns%3D&#39;http%3A%2F%2Fwww.w3.org%2F2000%2Fsvg&#39;%20width=&#39;700&#39;%20height=&#39;350&#39;%20viewBox%3D&#39;0%200%20700%20350&#39;%2F%3E\" data-czlz data-src=\"https:\/\/yestigroup.com\/fr\/wp-content\/uploads\/2021\/06\/4.jpg\" class=\"attachment-full\" alt=\"\" data-srcset=\"https:\/\/yestigroup.com\/fr\/wp-content\/uploads\/2021\/06\/4.jpg 700w, https:\/\/yestigroup.com\/fr\/wp-content\/uploads\/2021\/06\/4-300x150.jpg 300w, https:\/\/yestigroup.com\/fr\/wp-content\/uploads\/2021\/06\/4-600x300.jpg 600w\" data-sizes=\"(max-width: 700px) 100vw, 700px\" \/><div class=\"cz_grid_details\"><\/div><\/a><div class=\"cz_grid_details cz_grid_details_outside\"><a class=\"cz_grid_title\" href=\"https:\/\/yestigroup.com\/fr\/portfolio\/profil-pehd-polyethylene-de-haute-densite\/\"><h3>Profil PEHD (Poly\u00e9thyl\u00e8ne de Haute Densit\u00e9)<\/h3><\/a><\/div><\/div><\/div><div data-id=\"1135\" class=\"cz_grid_item  cz_posts_list_even post-1135 portfolio type-portfolio status-publish format-standard has-post-thumbnail hentry portfolio_cat-produits\"><div class=\"clr\"><a class=\"cz_grid_link cz_grid_inset_clip_1x\" href=\"https:\/\/yestigroup.com\/fr\/portfolio\/serit-drenaj-strip-drain\/\"><img width=\"700\" height=\"350\" src=\"data:image\/svg+xml,%3Csvg%20xmlns%3D&#39;http%3A%2F%2Fwww.w3.org%2F2000%2Fsvg&#39;%20width=&#39;700&#39;%20height=&#39;350&#39;%20viewBox%3D&#39;0%200%20700%20350&#39;%2F%3E\" data-czlz data-src=\"https:\/\/yestigroup.com\/fr\/wp-content\/uploads\/2021\/06\/5.jpg\" class=\"attachment-full\" alt=\"\" data-srcset=\"https:\/\/yestigroup.com\/fr\/wp-content\/uploads\/2021\/06\/5.jpg 700w, https:\/\/yestigroup.com\/fr\/wp-content\/uploads\/2021\/06\/5-300x150.jpg 300w\" data-sizes=\"(max-width: 700px) 100vw, 700px\" \/><div class=\"cz_grid_details\"><\/div><\/a><div class=\"cz_grid_details cz_grid_details_outside\"><a class=\"cz_grid_title\" href=\"https:\/\/yestigroup.com\/fr\/portfolio\/serit-drenaj-strip-drain\/\"><h3>Bande de Vidange<\/h3><\/a><\/div><\/div><\/div><div data-id=\"1138\" class=\"cz_grid_item  cz_posts_list_odd post-1138 portfolio type-portfolio status-publish format-standard has-post-thumbnail hentry portfolio_cat-produits\"><div class=\"clr\"><a class=\"cz_grid_link cz_grid_inset_clip_1x\" href=\"https:\/\/yestigroup.com\/fr\/portfolio\/tuyau-ondule\/\"><img width=\"700\" height=\"350\" src=\"data:image\/svg+xml,%3Csvg%20xmlns%3D&#39;http%3A%2F%2Fwww.w3.org%2F2000%2Fsvg&#39;%20width=&#39;700&#39;%20height=&#39;350&#39;%20viewBox%3D&#39;0%200%20700%20350&#39;%2F%3E\" data-czlz data-src=\"https:\/\/yestigroup.com\/fr\/wp-content\/uploads\/2021\/06\/3.jpg\" class=\"attachment-full\" alt=\"\" data-srcset=\"https:\/\/yestigroup.com\/fr\/wp-content\/uploads\/2021\/06\/3.jpg 700w, https:\/\/yestigroup.com\/fr\/wp-content\/uploads\/2021\/06\/3-300x150.jpg 300w, https:\/\/yestigroup.com\/fr\/wp-content\/uploads\/2021\/06\/3-600x300.jpg 600w\" data-sizes=\"(max-width: 700px) 100vw, 700px\" \/><div class=\"cz_grid_details\"><\/div><\/a><div class=\"cz_grid_details cz_grid_details_outside\"><a class=\"cz_grid_title\" href=\"https:\/\/yestigroup.com\/fr\/portfolio\/tuyau-ondule\/\"><h3>Tuyau Ondul\u00e9<\/h3><\/a><\/div><\/div><\/div><div data-id=\"1141\" class=\"cz_grid_item  cz_posts_list_even post-1141 portfolio type-portfolio status-publish format-standard has-post-thumbnail hentry portfolio_cat-produits\"><div class=\"clr\"><a class=\"cz_grid_link cz_grid_inset_clip_1x\" href=\"https:\/\/yestigroup.com\/fr\/portfolio\/toile-en-beton-concrete-canvas\/\"><img width=\"700\" height=\"350\" src=\"data:image\/svg+xml,%3Csvg%20xmlns%3D&#39;http%3A%2F%2Fwww.w3.org%2F2000%2Fsvg&#39;%20width=&#39;700&#39;%20height=&#39;350&#39;%20viewBox%3D&#39;0%200%20700%20350&#39;%2F%3E\" data-czlz data-src=\"https:\/\/yestigroup.com\/fr\/wp-content\/uploads\/2021\/06\/2.jpg\" class=\"attachment-full\" alt=\"\" data-srcset=\"https:\/\/yestigroup.com\/fr\/wp-content\/uploads\/2021\/06\/2.jpg 700w, https:\/\/yestigroup.com\/fr\/wp-content\/uploads\/2021\/06\/2-300x150.jpg 300w, https:\/\/yestigroup.com\/fr\/wp-content\/uploads\/2021\/06\/2-600x300.jpg 600w\" data-sizes=\"(max-width: 700px) 100vw, 700px\" \/><div class=\"cz_grid_details\"><\/div><\/a><div class=\"cz_grid_details cz_grid_details_outside\"><a class=\"cz_grid_title\" href=\"https:\/\/yestigroup.com\/fr\/portfolio\/toile-en-beton-concrete-canvas\/\"><h3>Toile en B\u00e9ton (Concrete Canvas)<\/h3><\/a><\/div><\/div><\/div><div data-id=\"1146\" class=\"cz_grid_item  cz_posts_list_odd post-1146 portfolio type-portfolio status-publish format-standard has-post-thumbnail hentry portfolio_cat-produits\"><div class=\"clr\"><a class=\"cz_grid_link cz_grid_inset_clip_1x\" href=\"https:\/\/yestigroup.com\/fr\/portfolio\/tuyau-en-pehdpolyethylene-de-haute-densite\/\"><img width=\"700\" height=\"350\" src=\"data:image\/svg+xml,%3Csvg%20xmlns%3D&#39;http%3A%2F%2Fwww.w3.org%2F2000%2Fsvg&#39;%20width=&#39;700&#39;%20height=&#39;350&#39;%20viewBox%3D&#39;0%200%20700%20350&#39;%2F%3E\" data-czlz data-src=\"https:\/\/yestigroup.com\/fr\/wp-content\/uploads\/2021\/06\/1.jpg\" class=\"attachment-full\" alt=\"\" data-srcset=\"https:\/\/yestigroup.com\/fr\/wp-content\/uploads\/2021\/06\/1.jpg 700w, https:\/\/yestigroup.com\/fr\/wp-content\/uploads\/2021\/06\/1-300x150.jpg 300w, https:\/\/yestigroup.com\/fr\/wp-content\/uploads\/2021\/06\/1-600x300.jpg 600w\" data-sizes=\"(max-width: 700px) 100vw, 700px\" \/><div class=\"cz_grid_details\"><\/div><\/a><div class=\"cz_grid_details cz_grid_details_outside\"><a class=\"cz_grid_title\" href=\"https:\/\/yestigroup.com\/fr\/portfolio\/tuyau-en-pehdpolyethylene-de-haute-densite\/\"><h3>Tuyau en PEHD (Poly\u00e9thyl\u00e8ne de Haute Densit\u00e9)<\/h3><\/a><\/div><\/div><\/div><\/div><div class=\"cz_ajax_pagination clr cz_ajax_infinite tac\"><a href=\"#\">Load More<\/a><\/div><\/div>[\/vc_column][\/vc_row][vc_row][vc_column]<div class=\"cz_gap clr  hide_on_tablet hide_on_mobile\" style=\"height: 39px\"><\/div><div class=\"cz_gap show_on_tablet clr  show_only_tablet\" style=\"height: 20px\"><\/div><div class=\"cz_gap show_on_mobile clr\" style=\"height: 11px\"><\/div>[\/vc_column][\/vc_row]<\/p>\n","protected":false},"excerpt":{"rendered":"<p>[vc_row][vc_column][\/vc_column][\/vc_row][vc_row][vc_column][\/vc_column][\/vc_row] &#8230; <a class=\"cz_readmore cz_readmore_no_icon\" href=\"https:\/\/yestigroup.com\/fr\/portfolio\/tuyau-en-pehdpolyethylene-de-haute-densite\/\"><span>Detaylar<\/span><\/a><\/p>\n","protected":false},"author":1,"featured_media":0,"parent":0,"menu_order":29,"comment_status":"closed","ping_status":"closed","template":"","meta":[],"_links":{"self":[{"href":"https:\/\/yestigroup.com\/fr\/wp-json\/wp\/v2\/pages\/154"}],"collection":[{"href":"https:\/\/yestigroup.com\/fr\/wp-json\/wp\/v2\/pages"}],"about":[{"href":"https:\/\/yestigroup.com\/fr\/wp-json\/wp\/v2\/types\/page"}],"author":[{"embeddable":true,"href":"https:\/\/yestigroup.com\/fr\/wp-json\/wp\/v2\/users\/1"}],"replies":[{"embeddable":true,"href":"https:\/\/yestigroup.com\/fr\/wp-json\/wp\/v2\/comments?post=154"}],"version-history":[{"count":44,"href":"https:\/\/yestigroup.com\/fr\/wp-json\/wp\/v2\/pages\/154\/revisions"}],"predecessor-version":[{"id":3192,"href":"https:\/\/yestigroup.com\/fr\/wp-json\/wp\/v2\/pages\/154\/revisions\/3192"}],"wp:attachment":[{"href":"https:\/\/yestigroup.com\/fr\/wp-json\/wp\/v2\/media?parent=154"}],"curies":[{"name":"wp","href":"https:\/\/api.w.org\/{rel}","templated":true}]}}