{"id":1603,"date":"2021-06-08T13:16:08","date_gmt":"2021-06-08T10:16:08","guid":{"rendered":"https:\/\/yesti.com.tr\/?page_id=1603"},"modified":"2022-10-19T12:43:42","modified_gmt":"2022-10-19T09:43:42","slug":"carriere","status":"publish","type":"page","link":"https:\/\/yestigroup.com\/fr\/carriere\/","title":{"rendered":"Carri\u00e8re"},"content":{"rendered":"<p>[vc_row full_width=&#8221;stretch_row&#8221; gap=&#8221;30&#8243;][vc_column width=&#8221;1\/2&#8243;]<div id=\"cz_103093\" class=\"cz_103093 cz_title clr cz_mobile_text_center cz_title_pos_inline\"><div class=\"cz_title_content\"><div class=\"cz_wpe_content\"><p><span style=\"font-weight: 400;\">Op\u00e9rant dans les domaines des applications g\u00e9osynth\u00e9tiques, de la construction et des structures pr\u00e9fabriqu\u00e9es et conteneurs, Groupe Yesti a eu l&#8217;opportunit\u00e9 de coop\u00e9rer avec de nombreuses entreprises respect\u00e9es et pr\u00e9cieuses en participant \u00e0 de nombreux projets prestigieux en Turquie et \u00e0 l&#8217;\u00e9tranger depuis 1992. L&#8217;importance que nous accordons au d\u00e9veloppement et \u00e0 la croissance cr\u00e9e la n\u00e9cessit\u00e9 d&#8217;\u00e9largir notre personnel qualifi\u00e9 \u00e0 certaines p\u00e9riodes.<\/span><\/p>\n<p><span style=\"font-weight: 400;\">Si vous \u00eates pr\u00eat \u00e0 participer au d\u00e9veloppement continu et \u00e0 une \u00e9quipe dynamique, vous pouvez postuler aux postes d\u00e9crits sur les pages d&#8217;offres d&#8217;emploi de Groupe YestiKariyer.net et Linkedin, ou vous pouvez nous envoyer votre CV \u00e0 partir du formulaire sur le c\u00f4t\u00e9.<\/span><\/p>\n<\/div><\/div><\/div><div class=\"cz_gap clr  hide_on_tablet hide_on_mobile\" style=\"height: 50px\"><\/div><div class=\"cz_gap show_on_tablet clr \" style=\"height: 30px\"><\/div>[vc_row_inner gap=&#8221;30&#8243;][vc_column_inner width=&#8221;1\/2&#8243; css=&#8221;.vc_custom_1654172069818{padding-top: 10px !important;padding-bottom: 10px !important;background-color: #840db5 !important;border-radius: 5px !important;}&#8221;]<div id=\"cz_35372\" class=\"cz_35372 cz_title clr cz_title_pos_inline tac\"><a href=\"https:\/\/www.kariyer.net\/firma-profil\/yesti-insaat-ve-ticaret-ltd-sti-12320-2536\" rel=\"nofollow\" target=\"_blank\"><div class=\"cz_title_content\"><div class=\"cz_wpe_content\"><h3 style=\"text-align: center; color: #fff;\">Kariyer.net<\/h3>\n<\/div><\/div><\/a><\/div>[\/vc_column_inner][vc_column_inner width=&#8221;1\/2&#8243; css=&#8221;.vc_custom_1654171843902{padding-top: 10px !important;padding-bottom: 10px !important;background-color: #0a66c2 !important;border-radius: 5px !important;}&#8221;]<div id=\"cz_68537\" class=\"cz_68537 cz_title clr cz_title_pos_inline tac\"><a href=\"https:\/\/www.linkedin.com\/company\/yesti%CC%87group\/jobs\/?viewAsMember=true\" rel=\"nofollow\" target=\"_blank\"><div class=\"cz_title_content\"><div class=\"cz_wpe_content\"><h3 style=\"text-align: center; color: #fff;\">LinkedIn<\/h3>\n<\/div><\/div><\/a><\/div>[\/vc_column_inner][\/vc_row_inner][\/vc_column][vc_column width=&#8221;1\/2&#8243;]<div id=\"cz_38262\" class=\"cz_38262 cz_cf7 clr\"><div><div role=\"form\" class=\"wpcf7\" id=\"wpcf7-f1996-o1\" lang=\"tr-TR\" dir=\"ltr\">\n<div class=\"screen-reader-response\"><p role=\"status\" aria-live=\"polite\" aria-atomic=\"true\"><\/p> <ul><\/ul><\/div>\n<form action=\"\/fr\/wp-json\/wp\/v2\/pages\/1603#wpcf7-f1996-o1\" method=\"post\" class=\"wpcf7-form init\" enctype=\"multipart\/form-data\" novalidate=\"novalidate\" data-status=\"init\">\n<div style=\"display: none;\">\n<input type=\"hidden\" name=\"_wpcf7\" value=\"1996\" \/>\n<input type=\"hidden\" name=\"_wpcf7_version\" value=\"5.4.1\" \/>\n<input type=\"hidden\" name=\"_wpcf7_locale\" value=\"tr_TR\" \/>\n<input type=\"hidden\" name=\"_wpcf7_unit_tag\" value=\"wpcf7-f1996-o1\" \/>\n<input type=\"hidden\" name=\"_wpcf7_container_post\" value=\"0\" \/>\n<input type=\"hidden\" name=\"_wpcf7_posted_data_hash\" value=\"\" \/>\n<\/div>\n<p><label> Nom<br \/>\n    <span class=\"wpcf7-form-control-wrap your-name\"><input type=\"text\" name=\"your-name\" value=\"\" size=\"40\" class=\"wpcf7-form-control wpcf7-text wpcf7-validates-as-required\" aria-required=\"true\" aria-invalid=\"false\" \/><\/span> <\/label><\/p>\n<p><label> Nom de famille<br \/>\n    <span class=\"wpcf7-form-control-wrap your-surname\"><input type=\"text\" name=\"your-surname\" value=\"\" size=\"40\" class=\"wpcf7-form-control wpcf7-text wpcf7-validates-as-required\" aria-required=\"true\" aria-invalid=\"false\" \/><\/span> <\/label><\/p>\n<p><label> T\u00e9l\u00e9phone<br \/>\n    <span class=\"wpcf7-form-control-wrap your-phone\"><input type=\"tel\" name=\"your-phone\" value=\"\" size=\"40\" class=\"wpcf7-form-control wpcf7-text wpcf7-tel wpcf7-validates-as-required wpcf7-validates-as-tel\" aria-required=\"true\" aria-invalid=\"false\" \/><\/span> <\/label><\/p>\n<p><label> Adresse e-mail<br \/>\n    <span class=\"wpcf7-form-control-wrap your-email\"><input type=\"email\" name=\"your-email\" value=\"\" size=\"40\" class=\"wpcf7-form-control wpcf7-text wpcf7-email wpcf7-validates-as-required wpcf7-validates-as-email\" aria-required=\"true\" aria-invalid=\"false\" \/><\/span> <\/label><\/p>\n<p><label> Choisir le dossier<br \/>\n    <span class=\"wpcf7-form-control-wrap file-20\"><input type=\"file\" name=\"file-20\" size=\"40\" class=\"wpcf7-form-control wpcf7-file wpcf7-validates-as-required\" accept=\".pdf,.docx\" aria-required=\"true\" aria-invalid=\"false\" \/><\/span> <\/label><\/p>\n<p><label><span class=\"wpcf7-form-control-wrap kvkkonay\"><span class=\"wpcf7-form-control wpcf7-acceptance\"><span class=\"wpcf7-list-item\"><input type=\"checkbox\" name=\"kvkkonay\" value=\"1\" aria-invalid=\"false\" \/><\/span><\/span><\/span> En cochant la case de confirmations, vous acceptez de nous transmettre vos <a href=\"https:\/\/yestigroup.com\/fr\/texte-de-clarification\/\">informations personnelles<\/a>. Vous pouvez consulter le texte de clarification de la loi sur la protection des donn\u00e9es personnelles.<\/label><\/p>\n<p><input type=\"submit\" value=\"Envoyer\" class=\"wpcf7-form-control wpcf7-submit\" \/><\/p>\n<div class=\"wpcf7-response-output\" aria-hidden=\"true\"><\/div><\/form><\/div><\/div><\/div>[\/vc_column][\/vc_row]<\/p>\n","protected":false},"excerpt":{"rendered":"<p>[vc_row full_width=&#8221;stretch_row&#8221; gap=&#8221;30&#8243;][vc_column width=&#8221;1\/2&#8243;][vc_row_inner gap=&#8221;30&#8243;][vc_column_inner width=&#8221;1\/2&#8243; css=&#8221;.vc_custom_1654172069818{padding-top: 10px !important;padding-bottom: 10px !important;background-color: &#8230; <\/p>\n","protected":false},"author":1,"featured_media":0,"parent":0,"menu_order":20,"comment_status":"closed","ping_status":"closed","template":"","meta":[],"_links":{"self":[{"href":"https:\/\/yestigroup.com\/fr\/wp-json\/wp\/v2\/pages\/1603"}],"collection":[{"href":"https:\/\/yestigroup.com\/fr\/wp-json\/wp\/v2\/pages"}],"about":[{"href":"https:\/\/yestigroup.com\/fr\/wp-json\/wp\/v2\/types\/page"}],"author":[{"embeddable":true,"href":"https:\/\/yestigroup.com\/fr\/wp-json\/wp\/v2\/users\/1"}],"replies":[{"embeddable":true,"href":"https:\/\/yestigroup.com\/fr\/wp-json\/wp\/v2\/comments?post=1603"}],"version-history":[{"count":8,"href":"https:\/\/yestigroup.com\/fr\/wp-json\/wp\/v2\/pages\/1603\/revisions"}],"predecessor-version":[{"id":2912,"href":"https:\/\/yestigroup.com\/fr\/wp-json\/wp\/v2\/pages\/1603\/revisions\/2912"}],"wp:attachment":[{"href":"https:\/\/yestigroup.com\/fr\/wp-json\/wp\/v2\/media?parent=1603"}],"curies":[{"name":"wp","href":"https:\/\/api.w.org\/{rel}","templated":true}]}}