{"id":18,"date":"2017-06-10T08:25:52","date_gmt":"2017-06-10T08:25:52","guid":{"rendered":"http:\/\/xtratheme.comarchitect\/?page_id=10"},"modified":"2026-02-16T13:30:28","modified_gmt":"2026-02-16T10:30:28","slug":"communication","status":"publish","type":"page","link":"https:\/\/yestigroup.com\/fr\/communication\/","title":{"rendered":"Communication"},"content":{"rendered":"<p>[vc_row content_placement=&#8221;middle&#8221; css=&#8221;.vc_custom_1583443501912{background-position: center !important;background-repeat: no-repeat !important;background-size: cover !important;}&#8221;][vc_column width=&#8221;2\/3&#8243;]<div class=\"cz_eqh cz_content_box_parent_fx  \"><div id=\"cz_15251\" class=\"cz_15251 cz_content_box clr\"><div class=\"cz_box_front clr\"><div class=\"cz_box_front_inner clr cz_content_box_full_before\"><span><\/span><div><div id=\"cz_80138\" class=\"cz_80138 cz_title clr cz_title_pos_inline\"><div class=\"cz_title_content\"><div class=\"cz_wpe_content\"><h2><span style=\"font-size: 30px; font-weight: 600; color: #2b803a;\">Yesti \u0130n\u015faat ve Tic. Ltd. \u015eti.<\/span><\/h2>\n<\/div><\/div><\/div><div id=\"cz_87543\" class=\"cz_87543 cz_title clr cz_title_pos_inline\"><div class=\"cz_title_content\"><div class=\"cz_wpe_content\"><h3><span style=\"font-size: 24px; font-weight: 200; color: #2b803a;\">Envoyez-nous un message pour vos questions et remarques.\u00a0<\/span><\/h3>\n<\/div><\/div><\/div><div class=\"cz_gap clr  hide_on_tablet hide_on_mobile\" style=\"height: 50px\"><\/div><div class=\"cz_gap show_on_tablet clr \" style=\"height: 20px\"><\/div><div id=\"cz_75393\" class=\"cz_75393 cz_cf7 clr\"><div><div role=\"form\" class=\"wpcf7\" id=\"wpcf7-f5-o1\" lang=\"tr-TR\" dir=\"ltr\">\n<div class=\"screen-reader-response\"><p role=\"status\" aria-live=\"polite\" aria-atomic=\"true\"><\/p> <ul><\/ul><\/div>\n<form action=\"\/fr\/wp-json\/wp\/v2\/pages\/18#wpcf7-f5-o1\" method=\"post\" class=\"wpcf7-form init\" novalidate=\"novalidate\" data-status=\"init\">\n<div style=\"display: none;\">\n<input type=\"hidden\" name=\"_wpcf7\" value=\"5\" \/>\n<input type=\"hidden\" name=\"_wpcf7_version\" value=\"5.4.1\" \/>\n<input type=\"hidden\" name=\"_wpcf7_locale\" value=\"tr_TR\" \/>\n<input type=\"hidden\" name=\"_wpcf7_unit_tag\" value=\"wpcf7-f5-o1\" \/>\n<input type=\"hidden\" name=\"_wpcf7_container_post\" value=\"0\" \/>\n<input type=\"hidden\" name=\"_wpcf7_posted_data_hash\" value=\"\" \/>\n<\/div>\n<p><label> Nom complet<br \/>\n    <span class=\"wpcf7-form-control-wrap your-name\"><input type=\"text\" name=\"your-name\" value=\"\" size=\"40\" class=\"wpcf7-form-control wpcf7-text wpcf7-validates-as-required\" aria-required=\"true\" aria-invalid=\"false\" \/><\/span> <\/label><\/p>\n<p><label> Adresse e-mail<br \/>\n    <span class=\"wpcf7-form-control-wrap your-email\"><input type=\"email\" name=\"your-email\" value=\"\" size=\"40\" class=\"wpcf7-form-control wpcf7-text wpcf7-email wpcf7-validates-as-required wpcf7-validates-as-email\" aria-required=\"true\" aria-invalid=\"false\" \/><\/span> <\/label><\/p>\n<p><label> Objet<br \/>\n    <span class=\"wpcf7-form-control-wrap your-subject\"><input type=\"text\" name=\"your-subject\" value=\"\" size=\"40\" class=\"wpcf7-form-control wpcf7-text wpcf7-validates-as-required\" aria-required=\"true\" aria-invalid=\"false\" \/><\/span> <\/label><\/p>\n<p><label> Votre message (facultatif)<br \/>\n    <span class=\"wpcf7-form-control-wrap your-message\"><textarea name=\"your-message\" cols=\"40\" rows=\"10\" class=\"wpcf7-form-control wpcf7-textarea\" aria-invalid=\"false\"><\/textarea><\/span> <\/label><\/p>\n<p><label><span class=\"wpcf7-form-control-wrap kvkkonay\"><span class=\"wpcf7-form-control wpcf7-acceptance\"><span class=\"wpcf7-list-item\"><input type=\"checkbox\" name=\"kvkkonay\" value=\"1\" aria-invalid=\"false\" \/><\/span><\/span><\/span> En cochant la case de confirmations, vous acceptez de nous transmettre vos <a href=\"https:\/\/yestigroup.com\/fr\/texte-de-clarification\/\">informations personnelles<\/a>. Vous pouvez consulter le texte de clarification de la loi sur la protection des donn\u00e9es personnelles.<\/label><\/p>\n<p><input type=\"submit\" value=\"Envoyer\" class=\"wpcf7-form-control wpcf7-submit\" \/><\/p>\n<div class=\"wpcf7-response-output\" aria-hidden=\"true\"><\/div><\/form><\/div><\/div><\/div><\/div><\/div><\/div><\/div><\/div>[\/vc_column][vc_column width=&#8221;1\/3&#8243;]<div class=\"cz_eqh cz_content_box_parent_fx  \"><div id=\"cz_56519\" class=\"cz_56519 cz_content_box clr\"><div class=\"cz_box_front clr\"><div class=\"cz_box_front_inner clr \"><span><\/span><div><div id=\"cz_26727\" class=\"cz_26727 cz_title clr cz_title_has_icon cz_title_pos_inline\"><a href=\"tel:+902163923343\"><div class=\"cz_title_content\"><i class=\"cz_title_icon_before fas fa-phone-alt\"><\/i><div class=\"cz_wpe_content\"><h3><span style=\"font-weight: 200; color: rgba(255,255,255,.6); line-height: 1.8;\">T\u00e9l\u00e9phone<\/span><\/h3>\n<p><strong><span style=\"color: #ffffff;\">Si\u00e8ge social en Turquie<\/span><\/strong><\/p>\n<p><span style=\"color: #ffffff;\">+90 (216) 392 33 43 <\/span><\/p>\n<p><strong><span style=\"color: #ffffff;\">Ankara Sarl <\/span><\/strong><\/p>\n<p><span style=\"color: #ffffff;\">+90 (312) 856 22 22<\/span><\/p>\n<p><strong><span style=\"color: #ffffff;\">Burkina Faso Sarl<\/span><\/strong><\/p>\n<p><span style=\"color: #ffffff;\">+226 25 43 71 41<\/span><\/p>\n<p><strong><span style=\"color: #ffffff;\">C&#8217;ote d&#8217;Ivorie Sarl<\/span><\/strong><\/p>\n<p><span style=\"color: #ffffff;\">+225 07 10 14 92 04<\/span><\/p>\n<p>&nbsp;<\/p>\n<p><\/p>\n<\/div><\/div><\/a><\/div><div id=\"cz_94421\" class=\"cz_94421 cz_title clr cz_title_has_icon cz_title_pos_inline\"><a href=\"mailto:info@yestigroup.com\"><div class=\"cz_title_content\"><i class=\"cz_title_icon_before fas fa-envelope\"><\/i><div class=\"cz_wpe_content\"><h3><span style=\"font-weight: 200; color: rgba(255,255,255,.6); line-height: 1.8;\">E-mail<\/span><\/h3>\n<p><span style=\"color: #ffffff;\">info@yestigroup.com<\/span><\/p>\n<\/div><\/div><\/a><\/div><div id=\"cz_79975\" class=\"cz_79975 cz_title clr cz_title_has_icon cz_title_pos_inline\"><a href=\"https:\/\/g.page\/YestiGroup?share\" target=\"_blank\"><div class=\"cz_title_content\"><i class=\"cz_title_icon_before fa czico-082-maps-and-flags\"><\/i><div class=\"cz_wpe_content\"><h3><span style=\"font-weight: 200; color: rgba(255,255,255,.6); line-height: 1.8;\"><span style=\"font-weight: 400;\">Adresse<\/span>:<\/span><\/h3>\n<p><strong><span style=\"color: #ffffff;\">Si\u00e8ge social en Turquie<\/span><\/strong><\/p>\n<p><span style=\"color: #ffffff;\">Helis Gold Plaza, Ye\u015filba\u011flar Mah. Dumanlar Sok. No:1\/15 Kat:4 34893 Pendik \/ \u0130stanbul \/ TURQUIE<\/span><\/p>\n<p>&nbsp;<\/p>\n<p><span style=\"color: #ffffff;\"><strong>Ankara Sarl<\/strong><\/span><\/p>\n<p><span style=\"color: #ffffff;\">Aziziye Mah. Cinnah Cad. No:41 D.10 \u00c7ankaya \/ Ankara \/ TURQUIE<\/span><\/p>\n<p>&nbsp;<\/p>\n<p><strong><span style=\"color: #ffffff;\">Burkina Faso Sarl<\/span><\/strong><\/p>\n<p><span style=\"color: #ffffff;\">Ouagadougou, Secteur 27, Parcelle J, Lot 84 Boite Postale: 01 BP 5999 Ouaga 01 BURKINA FASO<\/span><\/p>\n<p>&nbsp;<\/p>\n<p><span style=\"color: #ffffff;\"><strong>C\u00f4te d&#8217;Ivorie Sarl<\/strong><\/span><\/p>\n<p><span style=\"color: #ffffff;\">08 BP 3540 Abidjan 08 <strong>C\u00f4te d&#8217;Ivorie<\/strong><\/span><\/p>\n<\/div><\/div><\/a><\/div><\/div><\/div><\/div><\/div><\/div>[\/vc_column][\/vc_row][vc_row full_width=&#8221;stretch_row_content_no_spaces&#8221; css=&#8221;.vc_custom_1622907851715{margin-bottom: 0px !important;}&#8221;][vc_column css=&#8221;.vc_custom_1622907842137{margin-bottom: 0px !important;}&#8221;][vc_gmaps link=&#8221;#E-8_JTNDaWZyYW1lJTIwc3JjJTNEJTIyaHR0cHMlM0ElMkYlMkZ3d3cuZ29vZ2xlLmNvbSUyRm1hcHMlMkZlbWJlZCUzRnBiJTNEJTIxMW0xNCUyMTFtOCUyMTFtMyUyMTFkMTIwNjMuODM4NzA4Mzc2MTM0JTIxMmQyOS4yMjcwMDI2JTIxM2Q0MC44OTQ2OTk0JTIxM20yJTIxMWkxMDI0JTIxMmk3NjglMjE0ZjEzLjElMjEzbTMlMjExbTIlMjExczB4MCUyNTNBMHhiZTA4OTQ1Zjc5MzE2MDRlJTIxMnNZZXN0aSUyNTIwSW5zYWF0JTI1MjB2ZSUyNTIwVGljLiUyNTIwTHRkLiUyNTIwU3RpLiUyMTVlMCUyMTNtMiUyMTFzdHIlMjEyc3RyJTIxNHYxNjIyOTA3NjM0MTk5JTIxNW0yJTIxMXN0ciUyMTJzdHIlMjIlMjB3aWR0aCUzRCUyMiUyNTEwMCUyMiUyMGhlaWdodCUzRCUyMjQ1MCUyMiUyMHN0eWxlJTNEJTIyYm9yZGVyJTNBMCUzQiUyMiUyMGFsbG93ZnVsbHNjcmVlbiUzRCUyMiUyMiUyMGxvYWRpbmclM0QlMjJsYXp5JTIyJTNFJTNDJTJGaWZyYW1lJTNF&#8221; css=&#8221;.vc_custom_1622907846581{margin-bottom: 0px !important;}&#8221;][\/vc_column][\/vc_row]<\/p>\n","protected":false},"excerpt":{"rendered":"<p>[vc_row content_placement=&#8221;middle&#8221; css=&#8221;.vc_custom_1583443501912{background-position: center !important;background-repeat: no-repeat !important;background-size: cover !important;}&#8221;][vc_column width=&#8221;2\/3&#8243;][\/vc_column][vc_column width=&#8221;1\/3&#8243;][\/vc_column][\/vc_row][vc_row &#8230; <\/p>\n","protected":false},"author":1,"featured_media":0,"parent":0,"menu_order":13,"comment_status":"closed","ping_status":"closed","template":"","meta":[],"_links":{"self":[{"href":"https:\/\/yestigroup.com\/fr\/wp-json\/wp\/v2\/pages\/18"}],"collection":[{"href":"https:\/\/yestigroup.com\/fr\/wp-json\/wp\/v2\/pages"}],"about":[{"href":"https:\/\/yestigroup.com\/fr\/wp-json\/wp\/v2\/types\/page"}],"author":[{"embeddable":true,"href":"https:\/\/yestigroup.com\/fr\/wp-json\/wp\/v2\/users\/1"}],"replies":[{"embeddable":true,"href":"https:\/\/yestigroup.com\/fr\/wp-json\/wp\/v2\/comments?post=18"}],"version-history":[{"count":28,"href":"https:\/\/yestigroup.com\/fr\/wp-json\/wp\/v2\/pages\/18\/revisions"}],"predecessor-version":[{"id":3196,"href":"https:\/\/yestigroup.com\/fr\/wp-json\/wp\/v2\/pages\/18\/revisions\/3196"}],"wp:attachment":[{"href":"https:\/\/yestigroup.com\/fr\/wp-json\/wp\/v2\/media?parent=18"}],"curies":[{"name":"wp","href":"https:\/\/api.w.org\/{rel}","templated":true}]}}