{"id":1912,"date":"2021-06-21T18:02:04","date_gmt":"2021-06-21T15:02:04","guid":{"rendered":"https:\/\/yesti.com.tr\/?page_id=1912"},"modified":"2022-10-28T11:03:03","modified_gmt":"2022-10-28T08:03:03","slug":"projets","status":"publish","type":"page","link":"https:\/\/yestigroup.com\/fr\/projets\/","title":{"rendered":"Projets"},"content":{"rendered":"<p>[vc_row gap=&#8221;10&#8243;][vc_column width=&#8221;1\/3&#8243;][vc_hoverbox image=&#8221;1987&#8243; primary_title=&#8221;APPLICATIONS G\u00c9OSYNTH\u00c9TIQUES&#8221; primary_title_font_container=&#8221;color:%23ffffff&#8221; primary_title_use_theme_fonts=&#8221;yes&#8221; hover_title=&#8221;Applications G\u00e9osynth\u00e9tiques&#8221; shape=&#8221;square&#8221; hover_btn_title=&#8221;Analyser&#8221; hover_btn_style=&#8221;custom&#8221; hover_btn_custom_background=&#8221;#2b803a&#8221; hover_btn_custom_text=&#8221;#ffffff&#8221; use_custom_fonts_primary_title=&#8221;true&#8221; hover_add_button=&#8221;true&#8221; hover_btn_link=&#8221;url:https%3A%2F%2Fyestigroup.com%2Ffr%2Fservices%2Fapplications-geosynthetiques%2F|title:Applications%20G%C3%A9osynth%C3%A9tiques&#8221;]Leader r\u00e9gional et pionnier du secteur, Groupe Yestiest le premier choix des soci\u00e9t\u00e9s d&#8217;extraction d&#8217;or et d&#8217;autres soci\u00e9t\u00e9s engag\u00e9es dans les applications g\u00e9osynth\u00e9tiques. Avec plus de 30 ans d&#8217;exp\u00e9rience, le Groupe Yesti a r\u00e9alis\u00e9 avec succ\u00e8s de nombreux projets de rev\u00eatement d&#8217;installations de lixiviation en tas (ILT) et d&#8217;installations de stockage de d\u00e9chets (ISD). Les g\u00e9osynth\u00e9tiques sont utilis\u00e9s pour de nombreuses fonctions telles que la conservation, la barri\u00e8re imperm\u00e9able, le renforcement, la filtration, la s\u00e9paration, le durcissement et la protection.[\/vc_hoverbox][\/vc_column][vc_column width=&#8221;1\/3&#8243;][vc_hoverbox image=&#8221;1989&#8243; primary_title=&#8221;PR\u00c9FABRIQU\u00c9 ET CONTENEUR&#8221; primary_title_font_container=&#8221;color:%23ffffff&#8221; primary_title_use_theme_fonts=&#8221;yes&#8221; hover_title=&#8221;Pr\u00e9fabriqu\u00e9 et Conteneur&#8221; shape=&#8221;square&#8221; hover_btn_title=&#8221;Analyser&#8221; hover_btn_style=&#8221;custom&#8221; hover_btn_custom_background=&#8221;#2b803a&#8221; hover_btn_custom_text=&#8221;#ffffff&#8221; use_custom_fonts_primary_title=&#8221;true&#8221; hover_add_button=&#8221;true&#8221; hover_btn_link=&#8221;url:https%3A%2F%2Fyestigroup.com%2Ffr%2Fservices%2Fprefabrique-et-conteneur%2F|title:Pr%C3%A9fabriqu%C3%A9%20et%20Conteneur&#8221;]Nous fabriquons des maisons pr\u00e9fabriqu\u00e9es, des b\u00e2timents de chantier, des \u00e9quipements sociaux, des h\u00f4pitaux, des \u00e9coles, des conteneurs de bureaux et d&#8217;habitation, des structures de construction en acier et servons avec succ\u00e8s nos clients en Turquie et \u00e0 l&#8217;\u00e9tranger depuis plus de 30 ans.[\/vc_hoverbox][\/vc_column][vc_column width=&#8221;1\/3&#8243;][vc_hoverbox image=&#8221;2138&#8243; primary_title=&#8221;CONSTRUCTION&#8221; primary_title_font_container=&#8221;color:%23ffffff&#8221; primary_title_use_theme_fonts=&#8221;yes&#8221; hover_title=&#8221;Construction&#8221; shape=&#8221;square&#8221; hover_btn_title=&#8221;Analyser&#8221; hover_btn_style=&#8221;custom&#8221; hover_btn_custom_background=&#8221;#2b803a&#8221; hover_btn_custom_text=&#8221;#ffffff&#8221; use_custom_fonts_primary_title=&#8221;true&#8221; hover_add_button=&#8221;true&#8221; hover_btn_link=&#8221;url:https%3A%2F%2Fyestigroup.com%2Ffr%2Fservices%2Fconstruction%2F|title:Construction&#8221;]Avec des projets uniques et des mises en \u0153uvre d\u00e9taill\u00e9es de toutes sortes d&#8217;exigences de construction pour les investissements industriels tels que le b\u00e9ton arm\u00e9 et les structures en acier l\u00e9g\u00e8res\/lourdes, Groupe Yesti sert ses clients dans des applications nationales et internationales.[\/vc_hoverbox][\/vc_column][\/vc_row]<\/p>\n","protected":false},"excerpt":{"rendered":"<p>[vc_row gap=&#8221;10&#8243;][vc_column width=&#8221;1\/3&#8243;][vc_hoverbox image=&#8221;1987&#8243; primary_title=&#8221;APPLICATIONS G\u00c9OSYNTH\u00c9TIQUES&#8221; primary_title_font_container=&#8221;color:%23ffffff&#8221; primary_title_use_theme_fonts=&#8221;yes&#8221; hover_title=&#8221;Applications G\u00e9osynth\u00e9tiques&#8221; shape=&#8221;square&#8221; &#8230; <\/p>\n","protected":false},"author":2,"featured_media":0,"parent":0,"menu_order":23,"comment_status":"closed","ping_status":"closed","template":"","meta":[],"_links":{"self":[{"href":"https:\/\/yestigroup.com\/fr\/wp-json\/wp\/v2\/pages\/1912"}],"collection":[{"href":"https:\/\/yestigroup.com\/fr\/wp-json\/wp\/v2\/pages"}],"about":[{"href":"https:\/\/yestigroup.com\/fr\/wp-json\/wp\/v2\/types\/page"}],"author":[{"embeddable":true,"href":"https:\/\/yestigroup.com\/fr\/wp-json\/wp\/v2\/users\/2"}],"replies":[{"embeddable":true,"href":"https:\/\/yestigroup.com\/fr\/wp-json\/wp\/v2\/comments?post=1912"}],"version-history":[{"count":26,"href":"https:\/\/yestigroup.com\/fr\/wp-json\/wp\/v2\/pages\/1912\/revisions"}],"predecessor-version":[{"id":3062,"href":"https:\/\/yestigroup.com\/fr\/wp-json\/wp\/v2\/pages\/1912\/revisions\/3062"}],"wp:attachment":[{"href":"https:\/\/yestigroup.com\/fr\/wp-json\/wp\/v2\/media?parent=1912"}],"curies":[{"name":"wp","href":"https:\/\/api.w.org\/{rel}","templated":true}]}}