{"id":2011,"date":"2022-06-13T11:20:33","date_gmt":"2022-06-13T08:20:33","guid":{"rendered":"https:\/\/yesti.com.tr\/?page_id=2011"},"modified":"2022-10-27T18:23:13","modified_gmt":"2022-10-27T15:23:13","slug":"applications-geosynthetiques","status":"publish","type":"page","link":"https:\/\/yestigroup.com\/fr\/services\/applications-geosynthetiques\/","title":{"rendered":"Applications G\u00e9osynth\u00e9tiques"},"content":{"rendered":"<p>[vc_row][vc_column]<div id=\"cz_63063\" class=\"cz_63063 cz_title clr cz_title_pos_inline\"><div class=\"cz_title_content\"><div class=\"cz_wpe_content\"><p><span style=\"font-weight: 400;\">Yesti Group, leader r\u00e9gional et leader de l&#8217;industrie dans la fourniture de mat\u00e9riaux g\u00e9osynth\u00e9tiques, est principalement le premier choix des soci\u00e9t\u00e9s d&#8217;extraction d&#8217;or et d&#8217;autres soci\u00e9t\u00e9s engag\u00e9es dans des applications g\u00e9osynth\u00e9tiques. Groupe Yesti propose des services d&#8217;application avec son \u00e9quipe et son \u00e9quipement de pose exp\u00e9riment\u00e9s, avec des gestionnaires de chantier exp\u00e9riment\u00e9s, des ing\u00e9nieurs de terrain, des ing\u00e9nieurs de contr\u00f4le qualit\u00e9 internes, des contrema\u00eetres et des ma\u00eetres de membrane qualifi\u00e9s (certifi\u00e9s T\u00dcV S\u00dcD), des travailleurs de terrain exp\u00e9riment\u00e9s et des op\u00e9rateurs de machinerie lourde. Depuis plus de 30 ans, Groupe Yesti a fourni et appliqu\u00e9 plus de 24 millions de m\u00e8tres carr\u00e9s de produits g\u00e9osynth\u00e9tiques dans le cadre de ses des projets nationaux et internationaux.\u00a0<\/span><\/p>\n<p><span style=\"font-weight: 400;\">Yesti Group, le leader des services de protection de l&#8217;environnement, qui a r\u00e9alis\u00e9 avec succ\u00e8s de nombreux projets de rev\u00eatement d&#8217;installations de lixiviation en tas (ILT) et d&#8217;installations de stockage de d\u00e9chets (ISD) gr\u00e2ce \u00e0 son service in\u00e9gal\u00e9 et \u00e0 des d\u00e9cennies d&#8217;exp\u00e9rience dans les applications, a ouvert une succursale au Burkina Faso, en Afrique, en avril 2022, et les processus op\u00e9rationnels dans les projets \u00e0 l&#8217;\u00e9tranger se sont acc\u00e9l\u00e9r\u00e9s ce qui a permis une gestion d&#8217;entreprise plus efficace.<\/span><\/p>\n<p><span style=\"font-weight: 400;\">\u00a0Offrant une exp\u00e9rience globale et des installations sans faille, Groupe Yesti s&#8217;engage \u00e0 satisfaire ses clients du d\u00e9but \u00e0 la fin et veille \u00e0 ce que votre projet soit r\u00e9alis\u00e9 en toute s\u00e9curit\u00e9, dans les d\u00e9lais, dans les limites du budget et dans le cadre des normes de qualit\u00e9. En tant que Yesti, nous serons honor\u00e9s de vous servir avec notre exp\u00e9rience et notre \u00e9quipe exp\u00e9riment\u00e9e.<\/span><\/p>\n<\/div><\/div><\/div><div class=\"cz_gap clr \" style=\"height: 50px\"><\/div>[\/vc_column][\/vc_row][vc_row][vc_column width=&#8221;1\/2&#8243;]<a href=\"https:\/\/yestigroup.com\/fr\/services\/applications-geosynthetiques\/projets-acheves\/\" title=\"Projets Achev\u00e9s\"><div id=\"cz_27353\" class=\"cz_27353 cz_image clr cz_image_zoom_in center_on_mobile\"><div class=\"\" ><div class=\"cz_image_in\"><div class=\"cz_main_image\"><img width=\"1000\" height=\"692\" src=\"data:image\/svg+xml,%3Csvg%20xmlns%3D&#39;http%3A%2F%2Fwww.w3.org%2F2000%2Fsvg&#39;%20width=&#39;1000&#39;%20height=&#39;692&#39;%20viewBox%3D&#39;0%200%201000%20692&#39;%2F%3E\" data-czlz data-src=\"https:\/\/yestigroup.com\/fr\/wp-content\/uploads\/2022\/10\/projets-acheves-yesti.jpg\" class=\"attachment-full\" alt=\"\" data-srcset=\"https:\/\/yestigroup.com\/fr\/wp-content\/uploads\/2022\/10\/projets-acheves-yesti.jpg 1000w, https:\/\/yestigroup.com\/fr\/wp-content\/uploads\/2022\/10\/projets-acheves-yesti-300x208.jpg 300w, https:\/\/yestigroup.com\/fr\/wp-content\/uploads\/2022\/10\/projets-acheves-yesti-768x531.jpg 768w, https:\/\/yestigroup.com\/fr\/wp-content\/uploads\/2022\/10\/projets-acheves-yesti-600x415.jpg 600w\" data-sizes=\"(max-width: 1000px) 100vw, 1000px\" \/><\/div><div class=\"cz_hover_image\"><img width=\"1000\" height=\"692\" src=\"data:image\/svg+xml,%3Csvg%20xmlns%3D&#39;http%3A%2F%2Fwww.w3.org%2F2000%2Fsvg&#39;%20width=&#39;1000&#39;%20height=&#39;692&#39;%20viewBox%3D&#39;0%200%201000%20692&#39;%2F%3E\" data-czlz data-src=\"https:\/\/yestigroup.com\/fr\/wp-content\/uploads\/2022\/10\/projets-acheves-yesti.jpg\" class=\"attachment-full\" alt=\"\" data-srcset=\"https:\/\/yestigroup.com\/fr\/wp-content\/uploads\/2022\/10\/projets-acheves-yesti.jpg 1000w, https:\/\/yestigroup.com\/fr\/wp-content\/uploads\/2022\/10\/projets-acheves-yesti-300x208.jpg 300w, https:\/\/yestigroup.com\/fr\/wp-content\/uploads\/2022\/10\/projets-acheves-yesti-768x531.jpg 768w, https:\/\/yestigroup.com\/fr\/wp-content\/uploads\/2022\/10\/projets-acheves-yesti-600x415.jpg 600w\" data-sizes=\"(max-width: 1000px) 100vw, 1000px\" \/><\/div><\/div><\/div><\/div><\/a>[\/vc_column][vc_column width=&#8221;1\/2&#8243;]<a href=\"https:\/\/yestigroup.com\/fr\/services\/applications-geosynthetiques\/projets-en-cours\/\" title=\"Projets en Cours\"><div id=\"cz_65627\" class=\"cz_65627 cz_image clr cz_image_zoom_in center_on_mobile\"><div class=\"\" ><div class=\"cz_image_in\"><div class=\"cz_main_image\"><img width=\"1000\" height=\"692\" src=\"data:image\/svg+xml,%3Csvg%20xmlns%3D&#39;http%3A%2F%2Fwww.w3.org%2F2000%2Fsvg&#39;%20width=&#39;1000&#39;%20height=&#39;692&#39;%20viewBox%3D&#39;0%200%201000%20692&#39;%2F%3E\" data-czlz data-src=\"https:\/\/yestigroup.com\/fr\/wp-content\/uploads\/2022\/10\/projets-en-cours-yesti.jpg\" class=\"attachment-full\" alt=\"\" data-srcset=\"https:\/\/yestigroup.com\/fr\/wp-content\/uploads\/2022\/10\/projets-en-cours-yesti.jpg 1000w, https:\/\/yestigroup.com\/fr\/wp-content\/uploads\/2022\/10\/projets-en-cours-yesti-300x208.jpg 300w, https:\/\/yestigroup.com\/fr\/wp-content\/uploads\/2022\/10\/projets-en-cours-yesti-768x531.jpg 768w, https:\/\/yestigroup.com\/fr\/wp-content\/uploads\/2022\/10\/projets-en-cours-yesti-600x415.jpg 600w\" data-sizes=\"(max-width: 1000px) 100vw, 1000px\" \/><\/div><div class=\"cz_hover_image\"><img width=\"1000\" height=\"692\" src=\"data:image\/svg+xml,%3Csvg%20xmlns%3D&#39;http%3A%2F%2Fwww.w3.org%2F2000%2Fsvg&#39;%20width=&#39;1000&#39;%20height=&#39;692&#39;%20viewBox%3D&#39;0%200%201000%20692&#39;%2F%3E\" data-czlz data-src=\"https:\/\/yestigroup.com\/fr\/wp-content\/uploads\/2022\/10\/projets-en-cours-yesti.jpg\" class=\"attachment-full\" alt=\"\" data-srcset=\"https:\/\/yestigroup.com\/fr\/wp-content\/uploads\/2022\/10\/projets-en-cours-yesti.jpg 1000w, https:\/\/yestigroup.com\/fr\/wp-content\/uploads\/2022\/10\/projets-en-cours-yesti-300x208.jpg 300w, https:\/\/yestigroup.com\/fr\/wp-content\/uploads\/2022\/10\/projets-en-cours-yesti-768x531.jpg 768w, https:\/\/yestigroup.com\/fr\/wp-content\/uploads\/2022\/10\/projets-en-cours-yesti-600x415.jpg 600w\" data-sizes=\"(max-width: 1000px) 100vw, 1000px\" \/><\/div><\/div><\/div><\/div><\/a>[\/vc_column][\/vc_row]<\/p>\n","protected":false},"excerpt":{"rendered":"<p>[vc_row][vc_column][\/vc_column][\/vc_row][vc_row][vc_column width=&#8221;1\/2&#8243;][\/vc_column][vc_column width=&#8221;1\/2&#8243;][\/vc_column][\/vc_row] &#8230; <\/p>\n","protected":false},"author":4,"featured_media":0,"parent":1306,"menu_order":16,"comment_status":"closed","ping_status":"closed","template":"","meta":[],"_links":{"self":[{"href":"https:\/\/yestigroup.com\/fr\/wp-json\/wp\/v2\/pages\/2011"}],"collection":[{"href":"https:\/\/yestigroup.com\/fr\/wp-json\/wp\/v2\/pages"}],"about":[{"href":"https:\/\/yestigroup.com\/fr\/wp-json\/wp\/v2\/types\/page"}],"author":[{"embeddable":true,"href":"https:\/\/yestigroup.com\/fr\/wp-json\/wp\/v2\/users\/4"}],"replies":[{"embeddable":true,"href":"https:\/\/yestigroup.com\/fr\/wp-json\/wp\/v2\/comments?post=2011"}],"version-history":[{"count":19,"href":"https:\/\/yestigroup.com\/fr\/wp-json\/wp\/v2\/pages\/2011\/revisions"}],"predecessor-version":[{"id":3036,"href":"https:\/\/yestigroup.com\/fr\/wp-json\/wp\/v2\/pages\/2011\/revisions\/3036"}],"up":[{"embeddable":true,"href":"https:\/\/yestigroup.com\/fr\/wp-json\/wp\/v2\/pages\/1306"}],"wp:attachment":[{"href":"https:\/\/yestigroup.com\/fr\/wp-json\/wp\/v2\/media?parent=2011"}],"curies":[{"name":"wp","href":"https:\/\/api.w.org\/{rel}","templated":true}]}}