{"id":2024,"date":"2022-06-13T12:01:06","date_gmt":"2022-06-13T09:01:06","guid":{"rendered":"https:\/\/yesti.com.tr\/?page_id=2024"},"modified":"2022-10-28T10:24:24","modified_gmt":"2022-10-28T07:24:24","slug":"prefabrique-et-conteneur","status":"publish","type":"page","link":"https:\/\/yestigroup.com\/fr\/services\/prefabrique-et-conteneur\/","title":{"rendered":"Pr\u00e9fabriqu\u00e9 et Conteneur"},"content":{"rendered":"<p>[vc_row][vc_column]<div id=\"cz_101167\" class=\"cz_101167 cz_title clr cz_title_pos_inline\"><div class=\"cz_title_content\"><div class=\"cz_wpe_content\"><p>Nous fabriquons des maisons pr\u00e9fabriqu\u00e9es, des b\u00e2timents de chantier, des \u00e9quipements sociaux, des h\u00f4pitaux, des \u00e9coles, des conteneurs de bureaux et d&#8217;habitation, des structures de construction en acier et servons avec succ\u00e8s nos clients en Turquie et \u00e0 l&#8217;\u00e9tranger depuis plus de 30 ans. Nous utilisons des mod\u00e8les de b\u00e2timents pr\u00e9fabriqu\u00e9s innovants et modernes avec diff\u00e9rentes caract\u00e9ristiques pour cr\u00e9er des solutions pour tous les go\u00fbts. Nous croyons que le design, le confort et la fonctionnalit\u00e9 font partie int\u00e9grante de nos b\u00e2timents. Parce que nous croyons que chacun a le droit de vivre l\u00e0 ou comme il\/elle r\u00eave.<\/p>\n<\/div><\/div><\/div><div class=\"cz_gap clr \" style=\"height: 50px\"><\/div>[\/vc_column][\/vc_row][vc_row][vc_column width=&#8221;1\/4&#8243;]<a href=\"https:\/\/yestigroup.com\/fr\/services\/prefabrique-et-conteneur\/prefabriques-a-un-etage\/\" title=\"Pr\u00e9fabriqu\u00e9s \u00e0 un \u00e9tage\"><div id=\"cz_102006\" class=\"cz_102006 cz_image clr cz_image_zoom_in center_on_mobile\"><div class=\"\" ><div class=\"cz_image_in\"><div class=\"cz_main_image\"><img width=\"1000\" height=\"692\" src=\"data:image\/svg+xml,%3Csvg%20xmlns%3D&#39;http%3A%2F%2Fwww.w3.org%2F2000%2Fsvg&#39;%20width=&#39;1000&#39;%20height=&#39;692&#39;%20viewBox%3D&#39;0%200%201000%20692&#39;%2F%3E\" data-czlz data-src=\"https:\/\/yestigroup.com\/fr\/wp-content\/uploads\/2022\/10\/prefabriques-a-un-etage-yesti.jpg\" class=\"attachment-full\" alt=\"\" data-srcset=\"https:\/\/yestigroup.com\/fr\/wp-content\/uploads\/2022\/10\/prefabriques-a-un-etage-yesti.jpg 1000w, https:\/\/yestigroup.com\/fr\/wp-content\/uploads\/2022\/10\/prefabriques-a-un-etage-yesti-300x208.jpg 300w, https:\/\/yestigroup.com\/fr\/wp-content\/uploads\/2022\/10\/prefabriques-a-un-etage-yesti-768x531.jpg 768w, https:\/\/yestigroup.com\/fr\/wp-content\/uploads\/2022\/10\/prefabriques-a-un-etage-yesti-600x415.jpg 600w\" data-sizes=\"(max-width: 1000px) 100vw, 1000px\" \/><\/div><div class=\"cz_hover_image\"><img width=\"1000\" height=\"692\" src=\"data:image\/svg+xml,%3Csvg%20xmlns%3D&#39;http%3A%2F%2Fwww.w3.org%2F2000%2Fsvg&#39;%20width=&#39;1000&#39;%20height=&#39;692&#39;%20viewBox%3D&#39;0%200%201000%20692&#39;%2F%3E\" data-czlz data-src=\"https:\/\/yestigroup.com\/fr\/wp-content\/uploads\/2022\/10\/prefabriques-a-un-etage-yesti.jpg\" class=\"attachment-full\" alt=\"\" data-srcset=\"https:\/\/yestigroup.com\/fr\/wp-content\/uploads\/2022\/10\/prefabriques-a-un-etage-yesti.jpg 1000w, https:\/\/yestigroup.com\/fr\/wp-content\/uploads\/2022\/10\/prefabriques-a-un-etage-yesti-300x208.jpg 300w, https:\/\/yestigroup.com\/fr\/wp-content\/uploads\/2022\/10\/prefabriques-a-un-etage-yesti-768x531.jpg 768w, https:\/\/yestigroup.com\/fr\/wp-content\/uploads\/2022\/10\/prefabriques-a-un-etage-yesti-600x415.jpg 600w\" data-sizes=\"(max-width: 1000px) 100vw, 1000px\" \/><\/div><\/div><\/div><\/div><\/a>[\/vc_column][vc_column width=&#8221;1\/4&#8243;]<a href=\"https:\/\/yestigroup.com\/fr\/services\/prefabrique-et-conteneur\/prefabriques-a-deux-etages\/\" title=\"Pr\u00e9fabriqu\u00e9s \u00e0 deux \u00e9tages\"><div id=\"cz_110020\" class=\"cz_110020 cz_image clr cz_image_zoom_in center_on_mobile\"><div class=\"\" ><div class=\"cz_image_in\"><div class=\"cz_main_image\"><img width=\"1000\" height=\"692\" src=\"data:image\/svg+xml,%3Csvg%20xmlns%3D&#39;http%3A%2F%2Fwww.w3.org%2F2000%2Fsvg&#39;%20width=&#39;1000&#39;%20height=&#39;692&#39;%20viewBox%3D&#39;0%200%201000%20692&#39;%2F%3E\" data-czlz data-src=\"https:\/\/yestigroup.com\/fr\/wp-content\/uploads\/2022\/10\/prefabriques-a-deux-etages-yesti.jpg\" class=\"attachment-full\" alt=\"\" data-srcset=\"https:\/\/yestigroup.com\/fr\/wp-content\/uploads\/2022\/10\/prefabriques-a-deux-etages-yesti.jpg 1000w, https:\/\/yestigroup.com\/fr\/wp-content\/uploads\/2022\/10\/prefabriques-a-deux-etages-yesti-300x208.jpg 300w, https:\/\/yestigroup.com\/fr\/wp-content\/uploads\/2022\/10\/prefabriques-a-deux-etages-yesti-768x531.jpg 768w, https:\/\/yestigroup.com\/fr\/wp-content\/uploads\/2022\/10\/prefabriques-a-deux-etages-yesti-600x415.jpg 600w\" data-sizes=\"(max-width: 1000px) 100vw, 1000px\" \/><\/div><div class=\"cz_hover_image\"><img width=\"1000\" height=\"692\" src=\"data:image\/svg+xml,%3Csvg%20xmlns%3D&#39;http%3A%2F%2Fwww.w3.org%2F2000%2Fsvg&#39;%20width=&#39;1000&#39;%20height=&#39;692&#39;%20viewBox%3D&#39;0%200%201000%20692&#39;%2F%3E\" data-czlz data-src=\"https:\/\/yestigroup.com\/fr\/wp-content\/uploads\/2022\/10\/prefabriques-a-deux-etages-yesti.jpg\" class=\"attachment-full\" alt=\"\" data-srcset=\"https:\/\/yestigroup.com\/fr\/wp-content\/uploads\/2022\/10\/prefabriques-a-deux-etages-yesti.jpg 1000w, https:\/\/yestigroup.com\/fr\/wp-content\/uploads\/2022\/10\/prefabriques-a-deux-etages-yesti-300x208.jpg 300w, https:\/\/yestigroup.com\/fr\/wp-content\/uploads\/2022\/10\/prefabriques-a-deux-etages-yesti-768x531.jpg 768w, https:\/\/yestigroup.com\/fr\/wp-content\/uploads\/2022\/10\/prefabriques-a-deux-etages-yesti-600x415.jpg 600w\" data-sizes=\"(max-width: 1000px) 100vw, 1000px\" \/><\/div><\/div><\/div><\/div><\/a>[\/vc_column][vc_column width=&#8221;1\/4&#8243;]<a href=\"https:\/\/yestigroup.com\/fr\/services\/prefabrique-et-conteneur\/conteneurs\/\" title=\"Conteneurs\"><div id=\"cz_84111\" class=\"cz_84111 cz_image clr cz_image_zoom_in center_on_mobile\"><div class=\"\" ><div class=\"cz_image_in\"><div class=\"cz_main_image\"><img width=\"1000\" height=\"692\" src=\"data:image\/svg+xml,%3Csvg%20xmlns%3D&#39;http%3A%2F%2Fwww.w3.org%2F2000%2Fsvg&#39;%20width=&#39;1000&#39;%20height=&#39;692&#39;%20viewBox%3D&#39;0%200%201000%20692&#39;%2F%3E\" data-czlz data-src=\"https:\/\/yestigroup.com\/fr\/wp-content\/uploads\/2022\/10\/yesti-conteneurs.jpg\" class=\"attachment-full\" alt=\"\" data-srcset=\"https:\/\/yestigroup.com\/fr\/wp-content\/uploads\/2022\/10\/yesti-conteneurs.jpg 1000w, https:\/\/yestigroup.com\/fr\/wp-content\/uploads\/2022\/10\/yesti-conteneurs-300x208.jpg 300w, https:\/\/yestigroup.com\/fr\/wp-content\/uploads\/2022\/10\/yesti-conteneurs-768x531.jpg 768w, https:\/\/yestigroup.com\/fr\/wp-content\/uploads\/2022\/10\/yesti-conteneurs-600x415.jpg 600w\" data-sizes=\"(max-width: 1000px) 100vw, 1000px\" \/><\/div><div class=\"cz_hover_image\"><img width=\"1000\" height=\"692\" src=\"data:image\/svg+xml,%3Csvg%20xmlns%3D&#39;http%3A%2F%2Fwww.w3.org%2F2000%2Fsvg&#39;%20width=&#39;1000&#39;%20height=&#39;692&#39;%20viewBox%3D&#39;0%200%201000%20692&#39;%2F%3E\" data-czlz data-src=\"https:\/\/yestigroup.com\/fr\/wp-content\/uploads\/2022\/10\/yesti-conteneurs.jpg\" class=\"attachment-full\" alt=\"\" data-srcset=\"https:\/\/yestigroup.com\/fr\/wp-content\/uploads\/2022\/10\/yesti-conteneurs.jpg 1000w, https:\/\/yestigroup.com\/fr\/wp-content\/uploads\/2022\/10\/yesti-conteneurs-300x208.jpg 300w, https:\/\/yestigroup.com\/fr\/wp-content\/uploads\/2022\/10\/yesti-conteneurs-768x531.jpg 768w, https:\/\/yestigroup.com\/fr\/wp-content\/uploads\/2022\/10\/yesti-conteneurs-600x415.jpg 600w\" data-sizes=\"(max-width: 1000px) 100vw, 1000px\" \/><\/div><\/div><\/div><\/div><\/a>[\/vc_column][vc_column width=&#8221;1\/4&#8243;]<a href=\"https:\/\/yestigroup.com\/fr\/portfolio\/micromaisons-tiny-house\/\" title=\"(Micromaisons) Tiny House\"><div id=\"cz_88492\" class=\"cz_88492 cz_image clr cz_image_zoom_in center_on_mobile\"><div class=\"\" ><div class=\"cz_image_in\"><div class=\"cz_main_image\"><img width=\"1000\" height=\"692\" src=\"data:image\/svg+xml,%3Csvg%20xmlns%3D&#39;http%3A%2F%2Fwww.w3.org%2F2000%2Fsvg&#39;%20width=&#39;1000&#39;%20height=&#39;692&#39;%20viewBox%3D&#39;0%200%201000%20692&#39;%2F%3E\" data-czlz data-src=\"https:\/\/yestigroup.com\/fr\/wp-content\/uploads\/2022\/10\/micromaisons-tiny-house-yesti.jpg\" class=\"attachment-full\" alt=\"\" data-srcset=\"https:\/\/yestigroup.com\/fr\/wp-content\/uploads\/2022\/10\/micromaisons-tiny-house-yesti.jpg 1000w, https:\/\/yestigroup.com\/fr\/wp-content\/uploads\/2022\/10\/micromaisons-tiny-house-yesti-300x208.jpg 300w, https:\/\/yestigroup.com\/fr\/wp-content\/uploads\/2022\/10\/micromaisons-tiny-house-yesti-768x531.jpg 768w, https:\/\/yestigroup.com\/fr\/wp-content\/uploads\/2022\/10\/micromaisons-tiny-house-yesti-600x415.jpg 600w\" data-sizes=\"(max-width: 1000px) 100vw, 1000px\" \/><\/div><div class=\"cz_hover_image\"><img width=\"1000\" height=\"692\" src=\"data:image\/svg+xml,%3Csvg%20xmlns%3D&#39;http%3A%2F%2Fwww.w3.org%2F2000%2Fsvg&#39;%20width=&#39;1000&#39;%20height=&#39;692&#39;%20viewBox%3D&#39;0%200%201000%20692&#39;%2F%3E\" data-czlz data-src=\"https:\/\/yestigroup.com\/fr\/wp-content\/uploads\/2022\/10\/micromaisons-tiny-house-yesti.jpg\" class=\"attachment-full\" alt=\"\" data-srcset=\"https:\/\/yestigroup.com\/fr\/wp-content\/uploads\/2022\/10\/micromaisons-tiny-house-yesti.jpg 1000w, https:\/\/yestigroup.com\/fr\/wp-content\/uploads\/2022\/10\/micromaisons-tiny-house-yesti-300x208.jpg 300w, https:\/\/yestigroup.com\/fr\/wp-content\/uploads\/2022\/10\/micromaisons-tiny-house-yesti-768x531.jpg 768w, https:\/\/yestigroup.com\/fr\/wp-content\/uploads\/2022\/10\/micromaisons-tiny-house-yesti-600x415.jpg 600w\" data-sizes=\"(max-width: 1000px) 100vw, 1000px\" \/><\/div><\/div><\/div><\/div><\/a>[\/vc_column][\/vc_row]<\/p>\n","protected":false},"excerpt":{"rendered":"<p>[vc_row][vc_column][\/vc_column][\/vc_row][vc_row][vc_column width=&#8221;1\/4&#8243;][\/vc_column][vc_column width=&#8221;1\/4&#8243;][\/vc_column][vc_column width=&#8221;1\/4&#8243;][\/vc_column][vc_column width=&#8221;1\/4&#8243;][\/vc_column][\/vc_row] &#8230; <\/p>\n","protected":false},"author":4,"featured_media":0,"parent":1306,"menu_order":22,"comment_status":"closed","ping_status":"closed","template":"","meta":[],"_links":{"self":[{"href":"https:\/\/yestigroup.com\/fr\/wp-json\/wp\/v2\/pages\/2024"}],"collection":[{"href":"https:\/\/yestigroup.com\/fr\/wp-json\/wp\/v2\/pages"}],"about":[{"href":"https:\/\/yestigroup.com\/fr\/wp-json\/wp\/v2\/types\/page"}],"author":[{"embeddable":true,"href":"https:\/\/yestigroup.com\/fr\/wp-json\/wp\/v2\/users\/4"}],"replies":[{"embeddable":true,"href":"https:\/\/yestigroup.com\/fr\/wp-json\/wp\/v2\/comments?post=2024"}],"version-history":[{"count":15,"href":"https:\/\/yestigroup.com\/fr\/wp-json\/wp\/v2\/pages\/2024\/revisions"}],"predecessor-version":[{"id":3047,"href":"https:\/\/yestigroup.com\/fr\/wp-json\/wp\/v2\/pages\/2024\/revisions\/3047"}],"up":[{"embeddable":true,"href":"https:\/\/yestigroup.com\/fr\/wp-json\/wp\/v2\/pages\/1306"}],"wp:attachment":[{"href":"https:\/\/yestigroup.com\/fr\/wp-json\/wp\/v2\/media?parent=2024"}],"curies":[{"name":"wp","href":"https:\/\/api.w.org\/{rel}","templated":true}]}}