{"id":2032,"date":"2022-06-13T17:38:29","date_gmt":"2022-06-13T14:38:29","guid":{"rendered":"https:\/\/yesti.com.tr\/?page_id=2032"},"modified":"2022-10-28T11:00:22","modified_gmt":"2022-10-28T08:00:22","slug":"construction","status":"publish","type":"page","link":"https:\/\/yestigroup.com\/fr\/services\/construction\/","title":{"rendered":"Construction"},"content":{"rendered":"<p>[vc_row][vc_column]<div id=\"cz_37259\" class=\"cz_37259 cz_title clr cz_title_pos_inline\"><div class=\"cz_title_content\"><div class=\"cz_wpe_content\"><p><span style=\"font-weight: 400;\">Avec des projets uniques et des mises en \u0153uvre d\u00e9taill\u00e9es de toutes sortes d&#8217;exigences de construction pour les investissements industriels tels que le b\u00e9ton arm\u00e9 et les structures en acier l\u00e9g\u00e8res\/lourdes, Groupe Yesti sert ses clients dans des applications nationales et internationales. Voici nos domaines de service en construction;<\/span><\/p>\n<\/div><\/div><\/div><div class=\"cz_gap clr \" style=\"height: 50px\"><\/div>[\/vc_column][\/vc_row][vc_row][vc_column width=&#8221;1\/3&#8243;][vc_hoverbox image=&#8221;2033&#8243; primary_title=&#8221;Travaux d&#8217;infrastructures&#8221; primary_title_font_container=&#8221;color:%23ffffff&#8221; primary_title_use_theme_fonts=&#8221;yes&#8221; hover_title=&#8221;Travaux d&#8217;infrastructures&#8221; shape=&#8221;square&#8221; hover_btn_title=&#8221;Analyser&#8221; hover_btn_style=&#8221;custom&#8221; hover_btn_custom_background=&#8221;#2b803a&#8221; hover_btn_custom_text=&#8221;#ffffff&#8221; use_custom_fonts_primary_title=&#8221;true&#8221; hover_add_button=&#8221;true&#8221; hover_btn_link=&#8221;url:https%3A%2F%2Fyestigroup.com%2Ffr%2Fportfolio%2Fcat%2Ftravaux-dinfrastructures%2F|title:Travaux%20d&#8217;infrastructures&#8221;]Les travaux d&#8217;infrastructure sont des travaux exigeant de l\u2019extr\u00eame attention et un travail minutieux. Des progr\u00e8s significatifs ont \u00e9t\u00e9 r\u00e9alis\u00e9s dans le domaine de la fabrication et de l&#8217;application des mat\u00e9riaux afin d&#8217;\u00e9liminer les lacunes des infrastructures dans notre pays lors de ces derni\u00e8res ann\u00e9es. Une infrastructure cr\u00e9\u00e9e avec l&#8217;utilisation de mat\u00e9riaux appropri\u00e9s et une fabrication de qualit\u00e9 vous offre un avantage optimal m\u00eame si cela n\u2019est pas visible aux yeux.[\/vc_hoverbox][\/vc_column][vc_column width=&#8221;1\/3&#8243;][vc_hoverbox image=&#8221;2056&#8243; primary_title=&#8221;B\u00e2timents Industriels \/ en B\u00e9ton Arm\u00e9 et en Acier&#8221; primary_title_font_container=&#8221;color:%23ffffff&#8221; primary_title_use_theme_fonts=&#8221;yes&#8221; hover_title=&#8221;B\u00e2timents Industriels \/ en B\u00e9ton Arm\u00e9 et en Acier&#8221; shape=&#8221;square&#8221; hover_btn_title=&#8221;Analyser&#8221; hover_btn_style=&#8221;custom&#8221; hover_btn_custom_background=&#8221;#2b803a&#8221; hover_btn_custom_text=&#8221;#ffffff&#8221; use_custom_fonts_primary_title=&#8221;true&#8221; hover_add_button=&#8221;true&#8221; hover_btn_link=&#8221;url:https%3A%2F%2Fyestigroup.com%2Ffr%2Fportfolio%2Fcat%2Fbatiments-industriels-en-beton-arme-et-en-acier%2F|title:B%C3%A2timents%20Industriels%20%2F%20en%20B%C3%A9ton%20Arm%C3%A9%20et%20en%20Acier&#8221;]Les structures industrielles sont des structures importantes qui subissent des processus de projection d\u00e9taill\u00e9s. Selon les besoins, le b\u00e9ton arm\u00e9 et l&#8217;acier peuvent \u00eatre utilis\u00e9s, ou des syst\u00e8mes mixtes dans lesquels le b\u00e9ton arm\u00e9 et l&#8217;acier sont utilis\u00e9s ensemble peuvent \u00eatre pr\u00e9f\u00e9r\u00e9s. Les modifications mineures apport\u00e9es au projet lors de la fabrication sont mises en \u0153uvre avec des interventions techniques rapides et s\u00e9curis\u00e9s.[\/vc_hoverbox][\/vc_column][vc_column width=&#8221;1\/3&#8243;][vc_hoverbox image=&#8221;2059&#8243; primary_title=&#8221;Renforcement et Restauration&#8221; primary_title_font_container=&#8221;color:%23ffffff&#8221; primary_title_use_theme_fonts=&#8221;yes&#8221; hover_title=&#8221;Renforcement et Restauration&#8221; shape=&#8221;square&#8221; hover_btn_title=&#8221;Analyser&#8221; hover_btn_style=&#8221;custom&#8221; hover_btn_custom_background=&#8221;#2b803a&#8221; hover_btn_custom_text=&#8221;#ffffff&#8221; use_custom_fonts_primary_title=&#8221;true&#8221; hover_add_button=&#8221;true&#8221; hover_btn_link=&#8221;url:https%3A%2F%2Fyestigroup.com%2Ffr%2Fportfolio%2Fcat%2Frenforcement-et-restauration%2F|title:Renforcement%20et%20Restauration&#8221;]La d\u00e9coration offre de l\u2019originalit\u00e9 \u00e0 nos vies avec de petits d\u00e9tails. De cette fa\u00e7on, votre structure devient une \u0153uvre qui vous refl\u00e8te et non une copie des autres. Lorsque des \u0153uvres d\u00e9coratives propos\u00e9es dans une large gamme sont combin\u00e9es avec une application exp\u00e9riment\u00e9e, des structures qui refl\u00e9teront votre go\u00fbt unique.[\/vc_hoverbox][\/vc_column][\/vc_row]<\/p>\n","protected":false},"excerpt":{"rendered":"<p>[vc_row][vc_column][\/vc_column][\/vc_row][vc_row][vc_column width=&#8221;1\/3&#8243;][vc_hoverbox image=&#8221;2033&#8243; primary_title=&#8221;Travaux d&#8217;infrastructures&#8221; primary_title_font_container=&#8221;color:%23ffffff&#8221; primary_title_use_theme_fonts=&#8221;yes&#8221; hover_title=&#8221;Travaux d&#8217;infrastructures&#8221; shape=&#8221;square&#8221; hover_btn_title=&#8221;Analyser&#8221; &#8230; <\/p>\n","protected":false},"author":4,"featured_media":0,"parent":1306,"menu_order":14,"comment_status":"closed","ping_status":"closed","template":"","meta":[],"_links":{"self":[{"href":"https:\/\/yestigroup.com\/fr\/wp-json\/wp\/v2\/pages\/2032"}],"collection":[{"href":"https:\/\/yestigroup.com\/fr\/wp-json\/wp\/v2\/pages"}],"about":[{"href":"https:\/\/yestigroup.com\/fr\/wp-json\/wp\/v2\/types\/page"}],"author":[{"embeddable":true,"href":"https:\/\/yestigroup.com\/fr\/wp-json\/wp\/v2\/users\/4"}],"replies":[{"embeddable":true,"href":"https:\/\/yestigroup.com\/fr\/wp-json\/wp\/v2\/comments?post=2032"}],"version-history":[{"count":45,"href":"https:\/\/yestigroup.com\/fr\/wp-json\/wp\/v2\/pages\/2032\/revisions"}],"predecessor-version":[{"id":3058,"href":"https:\/\/yestigroup.com\/fr\/wp-json\/wp\/v2\/pages\/2032\/revisions\/3058"}],"up":[{"embeddable":true,"href":"https:\/\/yestigroup.com\/fr\/wp-json\/wp\/v2\/pages\/1306"}],"wp:attachment":[{"href":"https:\/\/yestigroup.com\/fr\/wp-json\/wp\/v2\/media?parent=2032"}],"curies":[{"name":"wp","href":"https:\/\/api.w.org\/{rel}","templated":true}]}}