{"id":702,"date":"2017-06-10T08:21:56","date_gmt":"2017-06-10T08:21:56","guid":{"rendered":"http:\/\/xtratheme.comarchitect\/?page_id=4"},"modified":"2024-11-11T10:27:31","modified_gmt":"2024-11-11T07:27:31","slug":"anasayfa","status":"publish","type":"page","link":"https:\/\/yestigroup.com\/fr\/","title":{"rendered":"Page D&#8217;accueil"},"content":{"rendered":"<p>[vc_row full_width=&#8221;stretch_row_content_no_spaces&#8221; el_class=&#8221;no_padding&#8221;][vc_column]<div class=\"relative\"><div id=\"cz_55319\" class=\"cz_sep2 cz_sep2_4 cz_sep_bottom\"><svg preserveAspectRatio=\"none\" xmlns=\"http:\/\/www.w3.org\/2000\/svg\" width=\"100%\"  viewBox=\"0 0 1600 165\">\n\t\t\t\t\t\t  <path style=\"fill:transparent\" d=\"M-3,0S398.468,103.5,799.951,103.5C1201.47,103.5,1603,0,1603,0V167H-3V0Z\"\/>\n\t\t\t\t\t\t  <path style=\"fill:transparent\" d=\"M-3,25S398.468,128.5,799.951,128.5C1201.47,128.5,1603,25,1603,25V168H-3V25Z\"\/>\n\t\t\t\t\t\t  <path style=\"fill:#ffffff\" d=\"M-3,49S398.468,152.5,799.951,152.5C1201.47,152.5,1603,49,1603,49V167.5H-3V49Z\"\/>\n\t\t\t\t\t\t<\/svg><\/div><\/div><div class=\"cz_gap clr  hide_on_mobile\" style=\"height: 50px\"><\/div><div class=\"cz_gap show_on_mobile clr\" style=\"height: 70px\"><\/div><div class=\"cz_free_position_element wpb_animate_when_almost_visible fadeInUp\" style=\"top:-125px;left:50%;width:10px;\"><div><div class=\"relative\"><div id=\"cz_24834\" class=\"cz_24834 cz_line tal\"><\/div><\/div><div class=\"clr\"><\/div><\/div><\/div><div id=\"cz_26697\" class=\"cz_26697 cz_title clr cz_title_pos_inline tac wpb_animate_when_almost_visible fadeInUp\"><div class=\"cz_title_content\"><div class=\"cz_wpe_content\"><h3 style=\"text-align: center;\"><strong><span style=\"color: #2b803a;\">\u00c0 PROPOS DE NOUS<\/span><\/strong><\/h3>\n<\/div><\/div><\/div>[\/vc_column][\/vc_row][vc_row full_width=&#8221;stretch_row&#8221; css=&#8221;.vc_custom_1511047827413{margin-top: 20px !important;}&#8221;][vc_column width=&#8221;1\/4&#8243; offset=&#8221;vc_hidden-sm vc_hidden-xs&#8221;][\/vc_column][vc_column width=&#8221;1\/2&#8243;][vc_column_text css_animation=&#8221;fadeInUp&#8221;]<\/p>\n<p style=\"text-align: center;\"><span style=\"color: #666;\">Une approche ax\u00e9e sur les solutions\/clients et une compr\u00e9hension du travail d&#8217;\u00e9quipe ont permis au Groupe Yesti de d\u00e9velopper des relations \u00e0 long terme avec ses clients et de livrer des projets de qualit\u00e9 en toute s\u00e9curit\u00e9 et dans les limites du budget. En cons\u00e9quence, Groupe Yesti est maintenant devenue une entreprise desservant trois continents.<\/span><\/p>\n<p>[\/vc_column_text]<div class=\"cz_btn_center\"><div class=\"cz_107644_p clr wpb_animate_when_almost_visible fadeInUp\"><a id=\"cz_107644\" class=\"cz_107644 cz_btn cz_btn_show_hidden_icon cz_btn_no_fx cz_btn_icon_after\" href=\"https:\/\/yestigroup.com\/fr\/a-propos-de-nous\/\" title=\"\u00c0 Propos de Nous\"><span><strong>D\u00e9tails<\/strong><i class=\"fa fa-long-arrow-right\"><\/i><\/span><b class=\"cz_btn_onhover\"><strong>D\u00e9tails<\/strong><i class=\"fa fa-long-arrow-right\"><\/i><\/b><\/a><\/div><\/div><div class=\"cz_free_position_element\" style=\"top:270px;left:50%;width:20px;\"><div><\/div><\/div>[\/vc_column][vc_column width=&#8221;1\/4&#8243; offset=&#8221;vc_hidden-sm vc_hidden-xs&#8221;][\/vc_column][\/vc_row][vc_row full_width=&#8221;stretch_row_content&#8221; el_class=&#8221;no_padding&#8221; css=&#8221;.vc_custom_1499604082703{margin-top: 50px !important;}&#8221;][vc_column]<div class=\"cz_btn_block\"><div class=\"cz_53070_p\"><a id=\"cz_53070\" class=\"cz_53070 cz_btn cz_btn_txt_no_fx cz_btn_no_fx\" href=\"tel:02163923343\"><span><i class=\"fas fa-phone-alt\"><\/i><strong>CONTACTEZ-NOUS +90 (216) 392 33 43<\/strong><\/span><b class=\"cz_btn_onhover\"><i class=\"fas fa-phone-alt\"><\/i><strong>CONTACTEZ-NOUS +90 (216) 392 33 43<\/strong><\/b><\/a><\/div><\/div>[\/vc_column][\/vc_row][vc_row][vc_column offset=&#8221;vc_hidden-md vc_hidden-sm&#8221;]<div id=\"cz_49452\" class=\"cz_49452 cz_image clr cz_image_no_fx center_on_mobile\"><div class=\"\" ><div class=\"cz_image_in\"><div class=\"cz_main_image\"><img width=\"1920\" height=\"1080\" src=\"data:image\/svg+xml,%3Csvg%20xmlns%3D&#39;http%3A%2F%2Fwww.w3.org%2F2000%2Fsvg&#39;%20width=&#39;1920&#39;%20height=&#39;1080&#39;%20viewBox%3D&#39;0%200%201920%201080&#39;%2F%3E\" data-czlz data-src=\"https:\/\/yestigroup.com\/fr\/wp-content\/uploads\/2022\/08\/yesti-acilimi-rev.jpg\" class=\"attachment-full\" alt=\"\" data-srcset=\"https:\/\/yestigroup.com\/fr\/wp-content\/uploads\/2022\/08\/yesti-acilimi-rev.jpg 1920w, https:\/\/yestigroup.com\/fr\/wp-content\/uploads\/2022\/08\/yesti-acilimi-rev-300x169.jpg 300w, https:\/\/yestigroup.com\/fr\/wp-content\/uploads\/2022\/08\/yesti-acilimi-rev-1024x576.jpg 1024w, https:\/\/yestigroup.com\/fr\/wp-content\/uploads\/2022\/08\/yesti-acilimi-rev-768x432.jpg 768w, https:\/\/yestigroup.com\/fr\/wp-content\/uploads\/2022\/08\/yesti-acilimi-rev-1536x864.jpg 1536w, https:\/\/yestigroup.com\/fr\/wp-content\/uploads\/2022\/08\/yesti-acilimi-rev-600x338.jpg 600w\" data-sizes=\"(max-width: 1920px) 100vw, 1920px\" \/><\/div><\/div><\/div><\/div>[\/vc_column][\/vc_row][vc_row full_width=&#8221;stretch_row&#8221; parallax=&#8221;content-moving&#8221; parallax_image=&#8221;752&#8243; css=&#8221;.vc_custom_1612265897635{padding-top: 120px !important;padding-bottom: 170px !important;}&#8221; el_class=&#8221;no_padding&#8221;][vc_column width=&#8221;1\/2&#8243;]<div class=\"cz_eqh cz_content_box_parent_fx  \"><div class=\"fx_shine_hover\"><div id=\"cz_51202\" class=\"cz_51202 cz_content_box clr cz_split_box_left\"><div class=\"cz_split_box\" style=\"background-image: url(https:\/\/yestigroup.com\/fr\/wp-content\/uploads\/2021\/02\/yesti_0003_1.jpg)\"><\/div><div class=\"cz_box_front clr\"><div class=\"cz_box_front_inner clr \"><span><\/span><div><div class=\"cz_gap clr \" style=\"height: 20px\"><\/div><div id=\"cz_81666\" class=\"cz_81666 cz_title clr cz_title_ba_line cz_title_pos_inline\"><div class=\"cz_title_content\"><div class=\"cz_wpe_content\"><h4><span style=\"color: #2b803a;\">Applications G\u00e9osynth\u00e9tiques<\/span><\/h4>\n<\/div><div class=\"cz_title_line cz_line_after_title\"><span>_<\/span><\/div><\/div><\/div>[vc_column_text]Avec 32 ans d&#8217;exp\u00e9rience et plus de 28 millions de m2 d&#8217;applications sur le terrain, Groupe Yesti, entreprise leader dans la r\u00e9gion et un pionnier dans son domaine, continue&#8230;[\/vc_column_text]<div class=\"cz_gap clr \" style=\"height: 20px\"><\/div><div class=\"cz_btn_right cz_mobile_btn_center\"><div class=\"cz_30100_p\"><a id=\"cz_30100\" class=\"cz_30100 cz_btn cz_btn_txt_no_fx cz_btn_no_fx\" href=\"https:\/\/yestigroup.com\/fr\/services\/applications-geosynthetiques\/\" title=\"Applications G\u00e9osynth\u00e9tiques\"><span><strong>Plus d'information<\/strong><\/span><b class=\"cz_btn_onhover\"><strong>Plus d'information<\/strong><\/b><\/a><\/div><\/div><div class=\"clr\"><\/div><div class=\"cz_gap clr \" style=\"height: 30px\"><\/div><\/div><\/div><\/div><\/div><\/div><\/div><div class=\"cz_eqh cz_content_box_parent_fx  \"><div class=\"fx_shine_hover\"><div id=\"cz_71083\" class=\"cz_71083 cz_content_box clr cz_split_box_right\"><div class=\"cz_box_front clr\"><div class=\"cz_box_front_inner clr \"><span><\/span><div><div class=\"cz_gap clr \" style=\"height: 20px\"><\/div><div id=\"cz_68060\" class=\"cz_68060 cz_title clr cz_title_ba_line cz_title_pos_inline\"><div class=\"cz_title_content\"><div class=\"cz_wpe_content\"><h4><span style=\"color: #2b803a;\">Construction<br \/>\n<\/span><\/h4>\n<\/div><div class=\"cz_title_line cz_line_after_title\"><span>_<\/span><\/div><\/div><\/div>[vc_column_text]Avec des projets uniques et des mises en \u0153uvre d\u00e9taill\u00e9es de toutes sortes d&#8217;exigences de construction pour les investissements industriels tels que le b\u00e9ton arm\u00e9&#8230;[\/vc_column_text]<div class=\"cz_gap clr \" style=\"height: 20px\"><\/div><div class=\"cz_btn_right cz_mobile_btn_center\"><div class=\"cz_31852_p\"><a id=\"cz_31852\" class=\"cz_31852 cz_btn cz_btn_txt_no_fx cz_btn_no_fx\" href=\"https:\/\/yestigroup.com\/fr\/services\/construction\/\" title=\"Construction\"><span><strong>Plus d'information<\/strong><\/span><b class=\"cz_btn_onhover\"><strong>Plus d'information<\/strong><\/b><\/a><\/div><\/div><div class=\"clr\"><\/div><div class=\"cz_gap clr \" style=\"height: 30px\"><\/div><\/div><\/div><\/div><div class=\"cz_split_box\" style=\"background-image: url(https:\/\/yestigroup.com\/fr\/wp-content\/uploads\/2021\/02\/yesti_0001_secilen2.jpg)\"><\/div><\/div><\/div><\/div>[\/vc_column][vc_column width=&#8221;1\/2&#8243;]<div class=\"cz_eqh cz_content_box_parent_fx  \"><div class=\"fx_shine_hover\"><div id=\"cz_31296\" class=\"cz_31296 cz_content_box clr cz_split_box_left\"><div class=\"cz_split_box\" style=\"background-image: url(https:\/\/yestigroup.com\/fr\/wp-content\/uploads\/2021\/02\/yesti_0002_2.jpg)\"><\/div><div class=\"cz_box_front clr\"><div class=\"cz_box_front_inner clr \"><span><\/span><div><div class=\"cz_gap clr \" style=\"height: 20px\"><\/div><div id=\"cz_94695\" class=\"cz_94695 cz_title clr cz_title_ba_line cz_title_pos_inline\"><div class=\"cz_title_content\"><div class=\"cz_wpe_content\"><h4><span style=\"color: #2b803a;\">Pr\u00e9fabriqu\u00e9 et Conteneur<\/span><\/h4>\n<\/div><div class=\"cz_title_line cz_line_after_title\"><span>_<\/span><\/div><\/div><\/div>[vc_column_text]Nous utilisons des mod\u00e8les de b\u00e2timents pr\u00e9fabriqu\u00e9s innovants et modernes avec diff\u00e9rentes caract\u00e9ristiques afin de cr\u00e9er des solutions pour tous les go\u00fbts. Nous croyons&#8230;[\/vc_column_text]<div class=\"cz_gap clr \" style=\"height: 20px\"><\/div><div class=\"cz_btn_right cz_mobile_btn_center\"><div class=\"cz_83504_p\"><a id=\"cz_83504\" class=\"cz_83504 cz_btn cz_btn_txt_no_fx cz_btn_no_fx\" href=\"https:\/\/yestigroup.com\/fr\/services\/prefabrique-et-conteneur\/\" title=\"Pr\u00e9fabriqu\u00e9 et Conteneur\"><span><strong>Plus d'information<\/strong><\/span><b class=\"cz_btn_onhover\"><strong>Plus d'information<\/strong><\/b><\/a><\/div><\/div><div class=\"clr\"><\/div><div class=\"cz_gap clr \" style=\"height: 30px\"><\/div><\/div><\/div><\/div><\/div><\/div><\/div><div class=\"cz_eqh cz_content_box_parent_fx  \"><div class=\"fx_shine_hover\"><div id=\"cz_99172\" class=\"cz_99172 cz_content_box clr cz_split_box_right\"><div class=\"cz_box_front clr\"><div class=\"cz_box_front_inner clr \"><span><\/span><div><div class=\"cz_gap clr \" style=\"height: 20px\"><\/div><div id=\"cz_49824\" class=\"cz_49824 cz_title clr cz_title_ba_line cz_title_pos_inline\"><div class=\"cz_title_content\"><div class=\"cz_wpe_content\"><h4><span style=\"color: #2b803a;\">R\u00e9f\u00e9rences<\/span><\/h4>\n<\/div><div class=\"cz_title_line cz_line_after_title\"><span>_<\/span><\/div><\/div><\/div>[vc_column_text]En tant que Groupe Yesti, nous avons eu l&#8217;opportunit\u00e9 de coop\u00e9rer avec de nombreuses entreprises respect\u00e9es et pr\u00e9cieuses en participant \u00e0 de nombreux&#8230;[\/vc_column_text]<div class=\"cz_gap clr \" style=\"height: 20px\"><\/div><div class=\"cz_btn_right cz_mobile_btn_center\"><div class=\"cz_107189_p\"><a id=\"cz_107189\" class=\"cz_107189 cz_btn cz_btn_txt_no_fx cz_btn_no_fx\" href=\"https:\/\/yestigroup.com\/fr\/references\/\" title=\"R\u00e9f\u00e9rences\"><span><strong>Plus d'information<\/strong><\/span><b class=\"cz_btn_onhover\"><strong>Plus d'information<\/strong><\/b><\/a><\/div><\/div><div class=\"clr\"><\/div><div class=\"cz_gap clr \" style=\"height: 30px\"><\/div><\/div><\/div><\/div><div class=\"cz_split_box\" style=\"background-image: url(https:\/\/yestigroup.com\/fr\/wp-content\/uploads\/2021\/02\/yesti_0000_normal.jpg)\"><\/div><\/div><\/div><\/div>[\/vc_column][\/vc_row][vc_row full_width=&#8221;stretch_row_content_no_spaces&#8221;][vc_column]<div class=\"relative\"><div id=\"cz_56357\" class=\"cz_sep2 cz_sep2_5 cz_sep_bottom\"><svg preserveAspectRatio=\"none\" xmlns=\"http:\/\/www.w3.org\/2000\/svg\" width=\"100%\"  viewBox=\"0 0 1600 172\">\n\t\t\t\t\t\t  <path style=\"fill:transparent\" d=\"M-3,108.5S398.468,0.5,799.951.5C1201.47,0.5,1603,108.5,1603,108.5v203H-3v-203Z\"\/>\n\t\t\t\t\t\t  <path style=\"fill:transparent\" d=\"M-3,137.5s401.468-108,802.951-108c401.519,0,803.049,108,803.049,108v203H-3v-203Z\"\/>\n\t\t\t\t\t\t  <path style=\"fill:#ffffff\" d=\"M-3,164.5s401.468-108,802.951-108c401.519,0,803.049,108,803.049,108v203H-3v-203Z\"\/>\n\t\t\t\t\t\t<\/svg><\/div><\/div><div class=\"cz_free_position_element hide_on_mobile\" style=\"top:-125px;left:49.7%;width:10px;\"><div><div class=\"relative\"><div id=\"cz_48676\" class=\"cz_48676 cz_line tal\"><\/div><\/div><div class=\"clr\"><\/div><\/div><\/div><div id=\"cz_72437\" class=\"cz_72437 cz_title clr cz_title_pos_inline tac wpb_animate_when_almost_visible fadeInUp\"><div class=\"cz_title_content\"><div class=\"cz_wpe_content\"><h3 style=\"text-align: center;\"><strong><span style=\"color: #2b803a;\">Nouvelles Sur Nous<\/span><\/strong><\/h3>\n<\/div><\/div><\/div>[\/vc_column][\/vc_row][vc_row][vc_column]<div class=\"cz_gap clr  hide_on_tablet hide_on_mobile\" style=\"height: 50px\"><\/div><div class=\"cz_gap show_on_tablet clr \" style=\"height: 0px\"><\/div><div id=\"cz_91287\" class=\"cz_91287\"><div class=\"cz_grid cz_grid_1 clr cz_hr_grid cz_grid_c4 cz_grid_1_title_sub_after cz_grid_1_bot tal\" data-gap=\"20\" data-atts='{\"action\":\"cz_ajax_posts\",\"post_class\":\"cz_grid_item\",\"post__in\":null,\"author__in\":null,\"nonce\":\"413c1cd7ec\",\"nonce_id\":\"cz_91287\",\"loadmore_end\":\"Not found more posts\",\"layout\":\"cz_hr_grid cz_grid_c4\",\"hover\":\"cz_grid_1_title_sub_after\",\"image_size\":\"300x300\",\"subtitles\":\"%5B%5D\",\"subtitle_pos\":\"\",\"icon\":\"fa fa-search\",\"el\":\"\",\"title_lenght\":\"\",\"cat_tax\":\"category\",\"cat\":\"\",\"cat_exclude\":\"\",\"tag_tax\":\"post_tag\",\"tag_id\":\"\",\"tag_exclude\":\"\",\"post_type\":\"post\",\"posts_per_page\":\"4\",\"order\":\"DESC\",\"orderby\":\"date\",\"tilt_data\":null,\"svg_sizes\":[\"0\",\"0\"],\"img_fx\":\"\",\"custom_size\":\"300x300\",\"excerpt_rm\":\"\",\"title_tag\":\"h3\",\"s\":\"\"}'><div class=\"cz_grid_item cz_grid_first\"><\/div><div data-id=\"3283\" class=\"cz_grid_item  cz_posts_list_even post-3283 post type-post status-publish format-standard has-post-thumbnail hentry category-nouvelles\"><div class=\"clr\"><a class=\"cz_grid_link\" href=\"https:\/\/yestigroup.com\/fr\/nous-avons-demarre-la-phase-1-du-projet-tsf-5-installation-de-stockage-des-residus-de-la-mine-dor-tasiast-en-moritanie-en-afrique-affiliee-a-la-societe-kinross\/\"><img class=\"\" src=\"data:image\/svg+xml,%3Csvg%20xmlns%3D&#39;http%3A%2F%2Fwww.w3.org%2F2000%2Fsvg&#39;%20width=&#39;300&#39;%20height=&#39;300&#39;%20viewBox%3D&#39;0%200%20300%20300&#39;%2F%3E\" data-czlz data-src=\"https:\/\/yestigroup.com\/fr\/wp-content\/uploads\/2023\/09\/IMG_2909-scaled-300x300.jpg\" width=\"300\" height=\"300\" alt=\"IMG_2909\" title=\"IMG_2909\" \/><div class=\"cz_grid_details\"><i class=\"fa fa-search cz_grid_icon\"><\/i><\/div><\/a><div class=\"cz_grid_details cz_grid_details_outside\"><a class=\"cz_grid_title\" href=\"https:\/\/yestigroup.com\/fr\/nous-avons-demarre-la-phase-1-du-projet-tsf-5-installation-de-stockage-des-residus-de-la-mine-dor-tasiast-en-moritanie-en-afrique-affiliee-a-la-societe-kinross\/\"><h3>Nous avons d\u00e9marr\u00e9 la phase 1 du projet TSF 5 (Installation de stockage des r\u00e9sidus) de la mine d&#8217;or Tasiast en Moritanie en Afrique affili\u00e9e \u00e0 la soci\u00e9t\u00e9 Kinross<\/h3><\/a><\/div><\/div><\/div><div data-id=\"3277\" class=\"cz_grid_item  cz_posts_list_odd post-3277 post type-post status-publish format-standard has-post-thumbnail hentry category-nouvelles\"><div class=\"clr\"><a class=\"cz_grid_link\" href=\"https:\/\/yestigroup.com\/fr\/nous-avons-demarre-la-phase-5-du-projet-tsf-installation-de-stockage-des-residus-de-la-mine-dor-africaine-en-cote-dlvoire-affiliee-a-la-societe-endeavour\/\"><img class=\"\" src=\"data:image\/svg+xml,%3Csvg%20xmlns%3D&#39;http%3A%2F%2Fwww.w3.org%2F2000%2Fsvg&#39;%20width=&#39;300&#39;%20height=&#39;300&#39;%20viewBox%3D&#39;0%200%20300%20300&#39;%2F%3E\" data-czlz data-src=\"https:\/\/yestigroup.com\/fr\/wp-content\/uploads\/2023\/09\/org_21910ce9d461010f_1681734054000-scaled-300x300.jpg\" width=\"300\" height=\"300\" alt=\"org_21910ce9d461010f_1681734054000\" title=\"org_21910ce9d461010f_1681734054000\" \/><div class=\"cz_grid_details\"><i class=\"fa fa-search cz_grid_icon\"><\/i><\/div><\/a><div class=\"cz_grid_details cz_grid_details_outside\"><a class=\"cz_grid_title\" href=\"https:\/\/yestigroup.com\/fr\/nous-avons-demarre-la-phase-5-du-projet-tsf-installation-de-stockage-des-residus-de-la-mine-dor-africaine-en-cote-dlvoire-affiliee-a-la-societe-endeavour\/\"><h3>Nous avons d\u00e9marr\u00e9 la phase 5 du projet TSF (Installation de stockage des r\u00e9sidus) de la mine d&#8217;or africaine en C\u00f4te d\u2019Ivoire affili\u00e9e \u00e0 la soci\u00e9t\u00e9 Endeavour<\/h3><\/a><\/div><\/div><\/div><div data-id=\"3274\" class=\"cz_grid_item  cz_posts_list_even post-3274 post type-post status-publish format-standard has-post-thumbnail hentry category-nouvelles\"><div class=\"clr\"><a class=\"cz_grid_link\" href=\"https:\/\/yestigroup.com\/fr\/nous-avons-complete-la-phase-2-du-projet-de-tsf-de-la-mine-dor-bombore-dorezone-au-burkina-faso\/\"><img class=\"\" src=\"data:image\/svg+xml,%3Csvg%20xmlns%3D&#39;http%3A%2F%2Fwww.w3.org%2F2000%2Fsvg&#39;%20width=&#39;300&#39;%20height=&#39;300&#39;%20viewBox%3D&#39;0%200%20300%20300&#39;%2F%3E\" data-czlz data-src=\"https:\/\/yestigroup.com\/fr\/wp-content\/uploads\/2023\/09\/DJI_0203-2-scaled-300x300.jpg\" width=\"300\" height=\"300\" alt=\"DJI_0203 (2)\" title=\"DJI_0203 (2)\" \/><div class=\"cz_grid_details\"><i class=\"fa fa-search cz_grid_icon\"><\/i><\/div><\/a><div class=\"cz_grid_details cz_grid_details_outside\"><a class=\"cz_grid_title\" href=\"https:\/\/yestigroup.com\/fr\/nous-avons-complete-la-phase-2-du-projet-de-tsf-de-la-mine-dor-bombore-dorezone-au-burkina-faso\/\"><h3>Nous avons compl\u00e9t\u00e9 la phase 2 du projet de TSF de la mine d&#8217;or Bombor\u00e9 d&#8217;Orezone au Burkina Faso<\/h3><\/a><\/div><\/div><\/div><div data-id=\"3266\" class=\"cz_grid_item  cz_posts_list_odd post-3266 post type-post status-publish format-standard has-post-thumbnail hentry category-nouvelles\"><div class=\"clr\"><a class=\"cz_grid_link\" href=\"https:\/\/yestigroup.com\/fr\/nous-avons-demarre-la-phase-2-du-projet-de-tsf-de-la-mine-dor-bombore-doorezone-au-burkina-faso\/\"><img class=\"\" src=\"data:image\/svg+xml,%3Csvg%20xmlns%3D&#39;http%3A%2F%2Fwww.w3.org%2F2000%2Fsvg&#39;%20width=&#39;300&#39;%20height=&#39;300&#39;%20viewBox%3D&#39;0%200%20300%20300&#39;%2F%3E\" data-czlz data-src=\"https:\/\/yestigroup.com\/fr\/wp-content\/uploads\/2023\/09\/1-1-300x300.jpg\" width=\"300\" height=\"300\" alt=\"1\" title=\"1\" \/><div class=\"cz_grid_details\"><i class=\"fa fa-search cz_grid_icon\"><\/i><\/div><\/a><div class=\"cz_grid_details cz_grid_details_outside\"><a class=\"cz_grid_title\" href=\"https:\/\/yestigroup.com\/fr\/nous-avons-demarre-la-phase-2-du-projet-de-tsf-de-la-mine-dor-bombore-doorezone-au-burkina-faso\/\"><h3>Nous avons d\u00e9marr\u00e9 la phase 2 du projet de TSF de la mine d&#8217;or Bombor\u00e9 d&#8217;Orezone au Burkina Faso<\/h3><\/a><\/div><\/div><\/div><\/div><\/div><div class=\"cz_gap clr  hide_on_tablet hide_on_mobile\" style=\"height: 50px\"><\/div><div class=\"cz_gap show_on_tablet clr \" style=\"height: 0px\"><\/div>[\/vc_column][\/vc_row]<\/p>\n","protected":false},"excerpt":{"rendered":"<p>[vc_row full_width=&#8221;stretch_row_content_no_spaces&#8221; el_class=&#8221;no_padding&#8221;][vc_column][\/vc_column][\/vc_row][vc_row full_width=&#8221;stretch_row&#8221; css=&#8221;.vc_custom_1511047827413{margin-top: 20px !important;}&#8221;][vc_column width=&#8221;1\/4&#8243; offset=&#8221;vc_hidden-sm vc_hidden-xs&#8221;][\/vc_column][vc_column width=&#8221;1\/2&#8243;][vc_column_text css_animation=&#8221;fadeInUp&#8221;] Une approche ax\u00e9e sur les solutions\/clients et une &#8230; <a class=\"cz_readmore\" href=\"https:\/\/yestigroup.com\/fr\/nous-avons-demarre-la-phase-2-du-projet-de-tsf-de-la-mine-dor-bombore-doorezone-au-burkina-faso\/\"><i class=\"fa fa-angle-right\"><\/i><span>Read More<\/span><\/a><\/p>\n","protected":false},"author":1,"featured_media":0,"parent":0,"menu_order":1,"comment_status":"closed","ping_status":"closed","template":"","meta":[],"_links":{"self":[{"href":"https:\/\/yestigroup.com\/fr\/wp-json\/wp\/v2\/pages\/702"}],"collection":[{"href":"https:\/\/yestigroup.com\/fr\/wp-json\/wp\/v2\/pages"}],"about":[{"href":"https:\/\/yestigroup.com\/fr\/wp-json\/wp\/v2\/types\/page"}],"author":[{"embeddable":true,"href":"https:\/\/yestigroup.com\/fr\/wp-json\/wp\/v2\/users\/1"}],"replies":[{"embeddable":true,"href":"https:\/\/yestigroup.com\/fr\/wp-json\/wp\/v2\/comments?post=702"}],"version-history":[{"count":33,"href":"https:\/\/yestigroup.com\/fr\/wp-json\/wp\/v2\/pages\/702\/revisions"}],"predecessor-version":[{"id":3306,"href":"https:\/\/yestigroup.com\/fr\/wp-json\/wp\/v2\/pages\/702\/revisions\/3306"}],"wp:attachment":[{"href":"https:\/\/yestigroup.com\/fr\/wp-json\/wp\/v2\/media?parent=702"}],"curies":[{"name":"wp","href":"https:\/\/api.w.org\/{rel}","templated":true}]}}